{"id":36705,"date":"2023-01-13T14:39:13","date_gmt":"2023-01-13T14:39:13","guid":{"rendered":"https:\/\/www.mysexualfantasy.eu\/?post_type=product&#038;p=36705"},"modified":"2023-12-06T16:06:53","modified_gmt":"2023-12-06T16:06:53","slug":"satisfyer-twirling-fun-estimulador-clitoris-rosa","status":"publish","type":"product","link":"https:\/\/www.mysexualfantasy.eu\/en\/product\/satisfyer-twirling-fun-estimulador-clitoris-rosa\/","title":{"rendered":"SATISFYER TWIRLING FUN ESTIMULADOR CLITORIS &#8211; ROSA"},"content":{"rendered":"<p>Satisfyer Twirling Fun ofrece una estimulaci\u00f3n precisa mediante una potente vibraci\u00f3n circulante, siendo por tanto adecuado para el cl\u00edtoris, los labios vaginales u otras zonas er\u00f3genas. El dise\u00f1o deportivo queda culminado por el manejo intuitivo.<\/p>\n<ul>\n<li>Vibraciones direccionadas y ciruclares para una estimulaci\u00f3n de forma precisa\u00a0<\/li>\n<li>Gracias a su acabado impermeable (IPX7), este juguete se puede usar de forma segura en el agua, adem\u00e1s de ser f\u00e1cil de limpiar<\/li>\n<li>Fabricado con silicona de grado m\u00e9dico supersuave, agradable para la piel, suave al tacto y extremadamente higi\u00e9nica<\/li>\n<li>5 a\u00f1os de garant\u00eda comercial Estimulaci\u00f3n por puntos de placer giratorios<\/li>\n<li>12 programas de vibraci\u00f3n Silicona agradable al cuerpo Impermeable (IPX7)<\/li>\n<li>Modo de susurro<\/li>\n<li>Bater\u00eda de iones de litio<\/li>\n<li>Cable de carga magn\u00e9tico por USB incluido<\/li>\n<li>F\u00e1cil de limpiar<\/li>\n<\/ul>\n<p><strong>Estimulaci\u00f3n vers\u00e1til con Satisfyer Twirling Fun <\/strong><\/p>\n<p>Debido a su punta estrecha e inflexible y a sus vibraciones giratorias, el Satisfyer Twirling Fun es ideal para todas las zonas er\u00f3genas: No importa si lo utilizas para estimular los pezones o el cl\u00edtoris, \u00a1con el Twirling Fun te esperan momentos de gran intensidad! El dise\u00f1o deportivo y la superficie de silicona higi\u00e9nica e inocua para el cuerpo complementan el conjunto del Twirling Fun. Tiene la posibilidad de elegir entre 12 programas de vibraci\u00f3n, formados por 5 intensidades y 7 ritmos, que se pueden controlar mediante los botones + y -. \u00a1D\u00e9jate llevar directamente hasta las nubes! El Satisfyer Twirling Fun resulta especialmente ideal para los principiantes gracias a su punta estrecha e inflexible y a su facilidad de uso.<\/p>\n<p><strong>Todav\u00eda m\u00e1s diversi\u00f3n en los sitios m\u00e1s h\u00famedas <\/strong><\/p>\n<p>Gracias a su acabado impermeable (IPX7), puedes utilizar el Satisfyer Twirling Fun incluso bajo el agua. Ya sea en una ba\u00f1era, una piscina privada o bajo la ducha, \u00a1este vibrador de cl\u00edtoris siempre da la talla! Twirling Fun se puede limpiar f\u00e1cilmente con agua tibia y un jab\u00f3n suave. Si alguna vez el vibrador se queda sin fuerzas, las bater\u00edas integradas se pueden recargar mediante el cable de carga USB incluido.<\/p>","protected":false},"excerpt":{"rendered":"<p>SATISFYER TWIRLING FUN TIP VIBRATOR &#8211; PINK<\/p>","protected":false},"featured_media":69881,"comment_status":"open","ping_status":"closed","template":"","meta":{"_monsterinsights_skip_tracking":false,"_monsterinsights_sitenote_active":false,"_monsterinsights_sitenote_note":"","_monsterinsights_sitenote_category":0,"_joinchat":[]},"product_brand":[],"product_cat":[1156,1152,1155,1163,1153],"product_tag":[],"class_list":{"0":"post-36705","1":"product","2":"type-product","3":"status-publish","4":"has-post-thumbnail","6":"product_cat-juguetes-bienestar-juguetes-para-mujeresestimuladores","7":"product_cat-juguetes-bienestar","8":"product_cat-juguetes-bienestar-juguetes-para-mujeres","9":"product_cat-juguetes-bienestar-juguetes-para-mujeresestimuladorespara-clitoris","10":"product_cat-juguetes-bienestar-vibradores","11":"yith_product_brand-satisfyer","12":"yith_product_brand-satisfyer-satisfyer-vibrator","14":"first","15":"instock","16":"taxable","17":"shipping-taxable","18":"purchasable","19":"product-type-simple"},"aioseo_notices":[],"_links":{"self":[{"href":"https:\/\/www.mysexualfantasy.eu\/en\/wp-json\/wp\/v2\/product\/36705","targetHints":{"allow":["GET"]}}],"collection":[{"href":"https:\/\/www.mysexualfantasy.eu\/en\/wp-json\/wp\/v2\/product"}],"about":[{"href":"https:\/\/www.mysexualfantasy.eu\/en\/wp-json\/wp\/v2\/types\/product"}],"replies":[{"embeddable":true,"href":"https:\/\/www.mysexualfantasy.eu\/en\/wp-json\/wp\/v2\/comments?post=36705"}],"wp:featuredmedia":[{"embeddable":true,"href":"https:\/\/www.mysexualfantasy.eu\/en\/wp-json\/wp\/v2\/media\/69881"}],"wp:attachment":[{"href":"https:\/\/www.mysexualfantasy.eu\/en\/wp-json\/wp\/v2\/media?parent=36705"}],"wp:term":[{"taxonomy":"product_brand","embeddable":true,"href":"https:\/\/www.mysexualfantasy.eu\/en\/wp-json\/wp\/v2\/product_brand?post=36705"},{"taxonomy":"product_cat","embeddable":true,"href":"https:\/\/www.mysexualfantasy.eu\/en\/wp-json\/wp\/v2\/product_cat?post=36705"},{"taxonomy":"product_tag","embeddable":true,"href":"https:\/\/www.mysexualfantasy.eu\/en\/wp-json\/wp\/v2\/product_tag?post=36705"}],"curies":[{"name":"wp","href":"https:\/\/api.w.org\/{rel}","templated":true}]}}