{"id":36717,"date":"2023-01-13T14:44:25","date_gmt":"2023-01-13T14:44:25","guid":{"rendered":"https:\/\/www.mysexualfantasy.eu\/?post_type=product&#038;p=36717"},"modified":"2023-12-06T17:25:59","modified_gmt":"2023-12-06T17:25:59","slug":"obsessive-elisetta-set-dos-piezas-s-m","status":"publish","type":"product","link":"https:\/\/www.mysexualfantasy.eu\/en\/product\/obsessive-elisetta-set-dos-piezas-s-m\/","title":{"rendered":"OBSESSIVE &#8211; ELISETTA SET DOS PIEZAS S\/M"},"content":{"rendered":"<p>Qu\u00e9 tal un peque\u00f1o viaje a la tierra del placer? Este sexy conjunto negro de la colecci\u00f3n Elisetta es la elecci\u00f3n perfecta para las mujeres que les gusta el encaje delicado y una adici\u00f3n divertida en forma de purpurina. C\u00f3mo te gusta esta fantas\u00eda?<\/p>\n<p>Listo para ponerlo en acci\u00f3n?<\/p>\n<p>M\u00e1s detalles aqu\u00ed:<\/p>\n<ul>\n<li>Conjunto \u00fanico en color negro<\/li>\n<li>Correa ajustable en la parte posterior<\/li>\n<li>Las correas de encaje forman un dise\u00f1o sexy en la parte posterior: el material se adapta perfectamente al cuerpo<\/li>\n<li>Copas decoradas con motivos florales  suave destaque<\/li>\n<li>Correas el\u00e1sticas a los lados de las bragas: enfatizan incre\u00edblemente las caderas<\/li>\n<li>Tejido brillante en el derriere<\/li>\n<li>Adorno de borde de encaje: el conjunto incluye un sujetador y bragas extraordinarias<\/li>\n<li>Material delicado (90% poliamida, 10% elastano)<\/li>\n<li>Tama\u00f1o: S \/ M<\/li>\n<\/ul>\n<p 1.5=\"\" color:=\"\" font-size:=\"\" line-height:=\"\" margin-top:=\"\" roboto=\"\" style=\"box-sizing: border-box;\">\u00a1Obsessive significa inspiraci\u00f3n en la mujer!\u00a0 Elegancia, sensualidad, amor a la costura&#8230;.significa mucho para la mujer, pocos son los adjetivos que pueden calificar a Obsessive, donde una labor de a\u00f1os han conseguido unir la mejor relaci\u00f3n calidad-precio.<\/p>\n<p 1.5=\"\" color:=\"\" font-size:=\"\" line-height:=\"\" margin-top:=\"\" roboto=\"\" style=\"box-sizing: border-box;\">\u00a1L\u00edderes mundiales en lencer\u00eda, nadie lo hace mejor!<\/p>\n<p>\u00a0<\/p>\n<p style=\"text-align: center;\"><img decoding=\"async\" src=\"https:\/\/store.dreamlove.es\/UserFiles\/images\/SIZES.png\" \/><\/p>","protected":false},"excerpt":{"rendered":"<p>OBSESSIVE &#8211; ELISETTA TWO PIECES SET S\/M<\/p>","protected":false},"featured_media":70801,"comment_status":"open","ping_status":"closed","template":"","meta":{"_monsterinsights_skip_tracking":false,"_monsterinsights_sitenote_active":false,"_monsterinsights_sitenote_note":"","_monsterinsights_sitenote_category":0,"_joinchat":[]},"product_brand":[],"product_cat":[1196,1199,1166,148,1200],"product_tag":[],"class_list":{"0":"post-36717","1":"product","2":"type-product","3":"status-publish","4":"has-post-thumbnail","6":"product_cat-moda-lencerialenceria-mujer","7":"product_cat-moda-lencerialenceria-mujerlenceria-sexy","8":"product_cat-moda-lenceria","9":"product_cat-ofertas","10":"product_cat-moda-lencerialenceria-mujerlenceria-sexysujetador-y-parte-inferior","11":"yith_product_brand-obsessive-obsessive-last-chance","12":"yith_product_brand-obsessive","14":"first","15":"instock","16":"taxable","17":"shipping-taxable","18":"purchasable","19":"product-type-variable"},"aioseo_notices":[],"_links":{"self":[{"href":"https:\/\/www.mysexualfantasy.eu\/en\/wp-json\/wp\/v2\/product\/36717","targetHints":{"allow":["GET"]}}],"collection":[{"href":"https:\/\/www.mysexualfantasy.eu\/en\/wp-json\/wp\/v2\/product"}],"about":[{"href":"https:\/\/www.mysexualfantasy.eu\/en\/wp-json\/wp\/v2\/types\/product"}],"replies":[{"embeddable":true,"href":"https:\/\/www.mysexualfantasy.eu\/en\/wp-json\/wp\/v2\/comments?post=36717"}],"wp:featuredmedia":[{"embeddable":true,"href":"https:\/\/www.mysexualfantasy.eu\/en\/wp-json\/wp\/v2\/media\/70801"}],"wp:attachment":[{"href":"https:\/\/www.mysexualfantasy.eu\/en\/wp-json\/wp\/v2\/media?parent=36717"}],"wp:term":[{"taxonomy":"product_brand","embeddable":true,"href":"https:\/\/www.mysexualfantasy.eu\/en\/wp-json\/wp\/v2\/product_brand?post=36717"},{"taxonomy":"product_cat","embeddable":true,"href":"https:\/\/www.mysexualfantasy.eu\/en\/wp-json\/wp\/v2\/product_cat?post=36717"},{"taxonomy":"product_tag","embeddable":true,"href":"https:\/\/www.mysexualfantasy.eu\/en\/wp-json\/wp\/v2\/product_tag?post=36717"}],"curies":[{"name":"wp","href":"https:\/\/api.w.org\/{rel}","templated":true}]}}