{"id":36739,"date":"2023-01-13T12:08:53","date_gmt":"2023-01-13T12:08:53","guid":{"rendered":"https:\/\/www.mysexualfantasy.eu\/?post_type=product&#038;p=36739"},"modified":"2023-12-06T17:27:06","modified_gmt":"2023-12-06T17:27:06","slug":"obsessive-rediosa-chemise-s-m","status":"publish","type":"product","link":"https:\/\/www.mysexualfantasy.eu\/en\/product\/obsessive-rediosa-chemise-s-m\/","title":{"rendered":"OBSESSIVE &#8211; REDIOSA CHEMISE S\/M"},"content":{"rendered":"<p>Solo mira esta peque\u00f1a maravilla. El\u00a0chemise Radiosa es nuestra encantadora propuesta para su pr\u00f3xima noche especial para dos! El hermoso patr\u00f3n de su encaje llama la atenci\u00f3n y los pensamientos picantes. Gracias a las tentadoras correas y copas abiertas, todo se ve&#8230; simplemente maravilloso!<\/p>\n<p>Todos los detalles:<\/p>\n<ul>\n<li>El producto incluye chemise\u00a0y tanga\u00a0<\/li>\n<li>Precioso chemise hecho de tela roja extremadamente agradable<\/li>\n<li>Tazas abiertas decoradas con un anillo de metal entre los senos<\/li>\n<li>Correa de hombro ajustable<\/li>\n<li>Cierre multietapa<\/li>\n<li>Encaje bellamente transl\u00facido  dise\u00f1o fant\u00e1stico<\/li>\n<li>Correas sueltas entrelazadas en los lados<\/li>\n<li>Correas de liga ajustables<\/li>\n<li>Medias no incluidas<\/li>\n<li>Material blando (90% poliamida, 10% elastano)<\/li>\n<li>Talla: S\/M<\/li>\n<\/ul>\n<p 1.5=\"\" color:=\"\" font-size:=\"\" line-height:=\"\" margin-top:=\"\" roboto=\"\" style=\"box-sizing: border-box;\">\u00a1Obsessive significa inspiraci\u00f3n en la mujer!\u00a0 Elegancia, sensualidad, amor a la costura&#8230;.significa mucho para la mujer, pocos son los adjetivos que pueden calificar a Obsessive, donde una labor de a\u00f1os han conseguido unir la mejor relaci\u00f3n calidad-precio.<\/p>\n<p 1.5=\"\" color:=\"\" font-size:=\"\" line-height:=\"\" margin-top:=\"\" roboto=\"\" style=\"box-sizing: border-box;\">\u00a1L\u00edderes mundiales en lencer\u00eda, nadie lo hace mejor!<\/p>\n<p>\u00a0<\/p>\n<p style=\"text-align: center;\"><img decoding=\"async\" src=\"https:\/\/store.dreamlove.es\/UserFiles\/images\/SIZES.png\" \/><\/p>","protected":false},"excerpt":{"rendered":"<p>OBSESSIVE &#8211; REDIOSA CHEMISE S\/M<\/p>","protected":false},"featured_media":46467,"comment_status":"open","ping_status":"closed","template":"","meta":{"_monsterinsights_skip_tracking":false,"_monsterinsights_sitenote_active":false,"_monsterinsights_sitenote_note":"","_monsterinsights_sitenote_category":0,"_joinchat":[]},"product_brand":[],"product_cat":[1166],"product_tag":[],"class_list":{"0":"post-36739","1":"product","2":"type-product","3":"status-publish","4":"has-post-thumbnail","6":"product_cat-moda-lenceria","7":"yith_product_brand-obsessive","8":"yith_product_brand-obsessiveobsessive-babydoll","10":"first","11":"instock","12":"taxable","13":"shipping-taxable","14":"purchasable","15":"product-type-variable"},"aioseo_notices":[],"_links":{"self":[{"href":"https:\/\/www.mysexualfantasy.eu\/en\/wp-json\/wp\/v2\/product\/36739","targetHints":{"allow":["GET"]}}],"collection":[{"href":"https:\/\/www.mysexualfantasy.eu\/en\/wp-json\/wp\/v2\/product"}],"about":[{"href":"https:\/\/www.mysexualfantasy.eu\/en\/wp-json\/wp\/v2\/types\/product"}],"replies":[{"embeddable":true,"href":"https:\/\/www.mysexualfantasy.eu\/en\/wp-json\/wp\/v2\/comments?post=36739"}],"wp:featuredmedia":[{"embeddable":true,"href":"https:\/\/www.mysexualfantasy.eu\/en\/wp-json\/wp\/v2\/media\/46467"}],"wp:attachment":[{"href":"https:\/\/www.mysexualfantasy.eu\/en\/wp-json\/wp\/v2\/media?parent=36739"}],"wp:term":[{"taxonomy":"product_brand","embeddable":true,"href":"https:\/\/www.mysexualfantasy.eu\/en\/wp-json\/wp\/v2\/product_brand?post=36739"},{"taxonomy":"product_cat","embeddable":true,"href":"https:\/\/www.mysexualfantasy.eu\/en\/wp-json\/wp\/v2\/product_cat?post=36739"},{"taxonomy":"product_tag","embeddable":true,"href":"https:\/\/www.mysexualfantasy.eu\/en\/wp-json\/wp\/v2\/product_tag?post=36739"}],"curies":[{"name":"wp","href":"https:\/\/api.w.org\/{rel}","templated":true}]}}