{"id":36746,"date":"2023-01-13T13:42:38","date_gmt":"2023-01-13T13:42:38","guid":{"rendered":"https:\/\/www.mysexualfantasy.eu\/?post_type=product&#038;p=36746"},"modified":"2023-12-06T16:06:55","modified_gmt":"2023-12-06T16:06:55","slug":"satisfyer-backdoor-lover-plug-anal-vibrador-negro","status":"publish","type":"product","link":"https:\/\/www.mysexualfantasy.eu\/en\/product\/satisfyer-backdoor-lover-plug-anal-vibrador-negro\/","title":{"rendered":"SATISFYER BACKDOOR LOVER PLUG ANAL VIBRADOR &#8211; NEGRO"},"content":{"rendered":"<p>Gracias a su forma circular y a sus intensas vibraciones, el vibrador anal Satisfyer Backdoor Lover de silicona es ideal para los principiantes. La base ancha garantiza un juego seguro.<\/p>\n<ul>\n<li>El potente motor transmite intensos ritmos de vibraci\u00f3n a trav\u00e9s de todo el juguete<\/li>\n<li>12 programas diferentes ofrecen variedad para el lograr m\u00e1ximo placer<\/li>\n<li>Apto para todos los g\u00e9neros 15 a\u00f1os de garant\u00eda comercial<\/li>\n<li>Vibraci\u00f3n profunda superintensa<\/li>\n<li>Unisex<\/li>\n<li>Silicona agradable al cuerpo<\/li>\n<li>Impermeable (IPX7)<\/li>\n<li>Modo de susurro<\/li>\n<li>Bater\u00eda de iones de litio<\/li>\n<li>Cable de carga magn\u00e9tico por USB incluido<\/li>\n<li>F\u00e1cil de limpiar<\/li>\n<\/ul>\n<p><strong>Masaje de pr\u00f3stata sensual con Satisfyer Backdoor Lover<\/strong><\/p>\n<p>Disfruta de unas vibraciones irresistibles en la puerta trasera con el Satisfyer Backdoor Lover: el vibrador anal te har\u00e1 disfrutar gracias a su potente motor y a sus fuertes e intensas vibraciones. Los 12 programas de vibraci\u00f3n distintos se pueden controlar c\u00f3modamente a trav\u00e9s del bot\u00f3n One Touch, ofreci\u00e9ndote la m\u00e1xima versatilidad a la hora de hacer el amor con distintos ritmos, desde los m\u00e1s suaves hasta los m\u00e1s intensos. El Backdoor Lover es particularmente flexible, de modo que se adapta a la perfecci\u00f3n a tu anatom\u00eda. Adem\u00e1s, seduce por su forma redonda y su punta estrecha que permite una estimulaci\u00f3n precisa. La suave superficie de silicona inocua para el cuerpo asegura una sensaci\u00f3n llena de placer.<\/p>\n<p><strong>A\u00fan m\u00e1s diversi\u00f3n con Satisfyer Backdoor Lover<\/strong><\/p>\n<p>El acabado impermeable (IPX7) culmina el atractivo conjunto del Backdoor Lover: de este modo, el vibrador anal no solo resulta ser el acompa\u00f1ante ideal para las sesiones h\u00famedas bajo la ducha o en la ba\u00f1era, sino que tambi\u00e9n permite una limpieza f\u00e1cil y sin complicaciones con agua tibia y un jab\u00f3n suave. Las bater\u00edas integradas se pueden recargar f\u00e1cilmente con el cable de carga USB incluido. Gracias a sus distintas formas, dimensiones manejables y facilidad de uso, los vibradores anales unisex de la serie Satisfyer Plug Vibrator resultan especialmente convenientes para las personas que se inician en el juego anal. Para disfrutar sin problemas y de una forma m\u00e1s c\u00f3moda, se recomienda utilizar siempre un lubricante a base de agua.<\/p>","protected":false},"excerpt":{"rendered":"<p>SATISFYER BACKDOOR LOVER VIBRATING PLUG &#8211; BLACK<\/p>","protected":false},"featured_media":60758,"comment_status":"open","ping_status":"closed","template":"","meta":{"_monsterinsights_skip_tracking":false,"_monsterinsights_sitenote_active":false,"_monsterinsights_sitenote_note":"","_monsterinsights_sitenote_category":0,"_joinchat":[]},"product_brand":[],"product_cat":[1193,1162,1152,1155,1189,1309,1153,1305],"product_tag":[],"class_list":{"0":"post-36746","1":"product","2":"type-product","3":"status-publish","4":"has-post-thumbnail","6":"product_cat-juguetes-bienestar-vibradores100-sumergible","7":"product_cat-juguetes-bienestar-anal","8":"product_cat-juguetes-bienestar","9":"product_cat-juguetes-bienestar-juguetes-para-mujeres","10":"product_cat-juguetes-bienestar-analplugs-anales","11":"product_cat-juguetes-bienestar-juguetes-para-mujerespunto-g","12":"product_cat-juguetes-bienestar-vibradores","13":"product_cat-juguetes-bienestar-analvibradores-anales","14":"yith_product_brand-satisfyer","15":"yith_product_brand-satisfyer-satisfyer-plugs","17":"first","18":"instock","19":"taxable","20":"shipping-taxable","21":"purchasable","22":"product-type-simple"},"aioseo_notices":[],"_links":{"self":[{"href":"https:\/\/www.mysexualfantasy.eu\/en\/wp-json\/wp\/v2\/product\/36746","targetHints":{"allow":["GET"]}}],"collection":[{"href":"https:\/\/www.mysexualfantasy.eu\/en\/wp-json\/wp\/v2\/product"}],"about":[{"href":"https:\/\/www.mysexualfantasy.eu\/en\/wp-json\/wp\/v2\/types\/product"}],"replies":[{"embeddable":true,"href":"https:\/\/www.mysexualfantasy.eu\/en\/wp-json\/wp\/v2\/comments?post=36746"}],"wp:featuredmedia":[{"embeddable":true,"href":"https:\/\/www.mysexualfantasy.eu\/en\/wp-json\/wp\/v2\/media\/60758"}],"wp:attachment":[{"href":"https:\/\/www.mysexualfantasy.eu\/en\/wp-json\/wp\/v2\/media?parent=36746"}],"wp:term":[{"taxonomy":"product_brand","embeddable":true,"href":"https:\/\/www.mysexualfantasy.eu\/en\/wp-json\/wp\/v2\/product_brand?post=36746"},{"taxonomy":"product_cat","embeddable":true,"href":"https:\/\/www.mysexualfantasy.eu\/en\/wp-json\/wp\/v2\/product_cat?post=36746"},{"taxonomy":"product_tag","embeddable":true,"href":"https:\/\/www.mysexualfantasy.eu\/en\/wp-json\/wp\/v2\/product_tag?post=36746"}],"curies":[{"name":"wp","href":"https:\/\/api.w.org\/{rel}","templated":true}]}}