{"id":36747,"date":"2023-01-13T14:39:17","date_gmt":"2023-01-13T14:39:17","guid":{"rendered":"https:\/\/www.mysexualfantasy.eu\/?post_type=product&#038;p=36747"},"modified":"2023-12-06T16:06:55","modified_gmt":"2023-12-06T16:06:55","slug":"satisfyer-teaser-dedal-vibrador-azul-light","status":"publish","type":"product","link":"https:\/\/www.mysexualfantasy.eu\/en\/product\/satisfyer-teaser-dedal-vibrador-azul-light\/","title":{"rendered":"SATISFYER TEASER DEDAL VIBRADOR &#8211; AZUL LIGHT"},"content":{"rendered":"<p>Satisfyer Teaser es ideal para una estimulaci\u00f3n vers\u00e1til por todas las zonas er\u00f3genas, ya sea en el cl\u00edtoris o en los pezones: el vibrador de dedo resulta muy sencillo e intuitivo de utilizar gracias a su apertura flexible.<\/p>\n<ul>\n<li>\u00a0El potente motor transmite intensos ritmos de vibraci\u00f3n a trav\u00e9s de todo el juguete<\/li>\n<li>\u00a0Fabricado con silicona de grado m\u00e9dico supersuave, agradable para la piel, suave al tacto y extremadamente higi\u00e9nica<\/li>\n<li>Vibrador de dedo vers\u00e1til para estimula\u00e7\u00e3o de todas as zonas er\u00f3genas<\/li>\n<li>15 a\u00f1os de garant\u00eda comercial<\/li>\n<li>Vibraci\u00f3n profunda superintensa<\/li>\n<li>12 programas de vibraci\u00f3n<\/li>\n<li>Silicona agradable al cuerpo<\/li>\n<li>Impermeable (IPX7)<\/li>\n<li>Modo de susurro<\/li>\n<li>Bater\u00eda de iones de litio<\/li>\n<li>Cable de carga magn\u00e9tico por USB incluido<\/li>\n<li>F\u00e1cil de limpiar<\/li>\n<\/ul>\n<p><strong>Aventuras er\u00f3ticas con Satisfyer Teaser<\/strong><\/p>\n<p>El Satisfyer Teaser es el acompa\u00f1ante perfecto para las personas m\u00e1s curiosas. Su versatilidad ofrece continuamente nuevas aplicaciones que descubrir, tanto a los amantes del placer principiantes como a los m\u00e1s experimentados. Gracias a su pr\u00e1ctico anillo de sujeci\u00f3n, este vibrador de dedo se puede fijar f\u00e1cilmente a la mano. Una vez puesto, las opciones son infinitas: util\u00edzalo para estimular el cl\u00edtoris o para acariciar otras zonas er\u00f3genas como los pezones o el perineo. Cualquier uso de este vibrador resulta ideal tanto para jugar a solas como en pareja. A pesar de su tama\u00f1o compacto, ofrece una gran potencia: disfrazado como un inocente vibrador de dedo, te excitar\u00e1 r\u00e1pidamente gracias a sus intensas y profundas vibraciones con 12 niveles de intensidad en un abrir y cerrar de ojos.<\/p>\n<p><strong>Satisfyer Teaser: Vibrador de dedo impermeable hecho de silicona suave<\/strong><\/p>\n<p>La silicona m\u00e9dica con la que est\u00e1 fabricado el Satisfyer Teaser ofrece una estimulaci\u00f3n sensacional y sus ritmos de vibraci\u00f3n van desde los m\u00e1s suaves hasta los m\u00e1s intensos. Este vibrador de dedo es impermeable (IPX7) y, por lo tanto, tambi\u00e9n se puede llevar bajo la ducha o en la ba\u00f1era; adem\u00e1s resulta muy f\u00e1cil de limpiar. A diferencia de la mayor\u00eda de los vibradores de dedo y de otros productos b\u00e1sicos, el Satisfyer Teaser cuenta con bater\u00edas integradas que se pueden recargar mediante el cable de carga USB incluido.<\/p>","protected":false},"excerpt":{"rendered":"<p>SATISFYER TEASER FINGER VIBRATOR &#8211; BLUE LIGHT<\/p>","protected":false},"featured_media":69894,"comment_status":"open","ping_status":"closed","template":"","meta":{"_monsterinsights_skip_tracking":false,"_monsterinsights_sitenote_active":false,"_monsterinsights_sitenote_note":"","_monsterinsights_sitenote_category":0,"_joinchat":[]},"product_brand":[],"product_cat":[1193,1156,1152,1155,1163,1153,1312],"product_tag":[],"class_list":{"0":"post-36747","1":"product","2":"type-product","3":"status-publish","4":"has-post-thumbnail","6":"product_cat-juguetes-bienestar-vibradores100-sumergible","7":"product_cat-juguetes-bienestar-juguetes-para-mujeresestimuladores","8":"product_cat-juguetes-bienestar","9":"product_cat-juguetes-bienestar-juguetes-para-mujeres","10":"product_cat-juguetes-bienestar-juguetes-para-mujeresestimuladorespara-clitoris","11":"product_cat-juguetes-bienestar-vibradores","12":"product_cat-juguetes-bienestar-vibradoresvibradores-dedo","13":"yith_product_brand-satisfyer","14":"yith_product_brand-satisfyer-satisfyer-vibrator","16":"first","17":"instock","18":"taxable","19":"shipping-taxable","20":"purchasable","21":"product-type-simple"},"aioseo_notices":[],"_links":{"self":[{"href":"https:\/\/www.mysexualfantasy.eu\/en\/wp-json\/wp\/v2\/product\/36747","targetHints":{"allow":["GET"]}}],"collection":[{"href":"https:\/\/www.mysexualfantasy.eu\/en\/wp-json\/wp\/v2\/product"}],"about":[{"href":"https:\/\/www.mysexualfantasy.eu\/en\/wp-json\/wp\/v2\/types\/product"}],"replies":[{"embeddable":true,"href":"https:\/\/www.mysexualfantasy.eu\/en\/wp-json\/wp\/v2\/comments?post=36747"}],"wp:featuredmedia":[{"embeddable":true,"href":"https:\/\/www.mysexualfantasy.eu\/en\/wp-json\/wp\/v2\/media\/69894"}],"wp:attachment":[{"href":"https:\/\/www.mysexualfantasy.eu\/en\/wp-json\/wp\/v2\/media?parent=36747"}],"wp:term":[{"taxonomy":"product_brand","embeddable":true,"href":"https:\/\/www.mysexualfantasy.eu\/en\/wp-json\/wp\/v2\/product_brand?post=36747"},{"taxonomy":"product_cat","embeddable":true,"href":"https:\/\/www.mysexualfantasy.eu\/en\/wp-json\/wp\/v2\/product_cat?post=36747"},{"taxonomy":"product_tag","embeddable":true,"href":"https:\/\/www.mysexualfantasy.eu\/en\/wp-json\/wp\/v2\/product_tag?post=36747"}],"curies":[{"name":"wp","href":"https:\/\/api.w.org\/{rel}","templated":true}]}}