{"id":36788,"date":"2023-01-13T12:44:26","date_gmt":"2023-01-13T12:44:26","guid":{"rendered":"https:\/\/www.mysexualfantasy.eu\/?post_type=product&#038;p=36788"},"modified":"2023-12-06T15:09:42","modified_gmt":"2023-12-06T15:09:42","slug":"control-crema-v-cream-hidratante-zona-intima-50-ml","status":"publish","type":"product","link":"https:\/\/www.mysexualfantasy.eu\/en\/product\/control-crema-v-cream-hidratante-zona-intima-50-ml\/","title":{"rendered":"CONTROL CREMA V CREAM HIDRATANTE ZONA INTIMA 50 ML"},"content":{"rendered":"<p>Crema hidratante para tu zona \u00edntima. Te asegura una hidrataci\u00f3n profunda y te protege frente a los est\u00edmulos irritantes<\/p>\n<ul>\n<li>Con \u00c1cido hialur\u00f3nico y Aloe Vera<\/li>\n<li>Sin perfume, no es grasa y no mancha<\/li>\n<li>97% de ingredientes de origen natural<\/li>\n<li>Fabricado en Italia\u00a0<\/li>\n<li>50 ml  No compatible con el preservativo\u00a0<\/li>\n<\/ul>","protected":false},"excerpt":{"rendered":"<p>CONTROL MOISTURIZING V CREAM INTIMATE AREA 50 ML<\/p>","protected":false},"featured_media":53051,"comment_status":"open","ping_status":"closed","template":"","meta":{"_monsterinsights_skip_tracking":false,"_monsterinsights_sitenote_active":false,"_monsterinsights_sitenote_note":"","_monsterinsights_sitenote_category":0,"_joinchat":[]},"product_brand":[],"product_cat":[1222,1203,1216],"product_tag":[],"class_list":{"0":"post-36788","1":"product","2":"type-product","3":"status-publish","4":"has-post-thumbnail","6":"product_cat-drogueria-para-masajescremas-de-masaje","7":"product_cat-drogueria","8":"product_cat-drogueria-para-masajes","9":"yith_product_brand-control","10":"yith_product_brand-controlcontrol-lubes","12":"first","13":"instock","14":"taxable","15":"shipping-taxable","16":"purchasable","17":"product-type-simple"},"aioseo_notices":[],"_links":{"self":[{"href":"https:\/\/www.mysexualfantasy.eu\/en\/wp-json\/wp\/v2\/product\/36788","targetHints":{"allow":["GET"]}}],"collection":[{"href":"https:\/\/www.mysexualfantasy.eu\/en\/wp-json\/wp\/v2\/product"}],"about":[{"href":"https:\/\/www.mysexualfantasy.eu\/en\/wp-json\/wp\/v2\/types\/product"}],"replies":[{"embeddable":true,"href":"https:\/\/www.mysexualfantasy.eu\/en\/wp-json\/wp\/v2\/comments?post=36788"}],"wp:featuredmedia":[{"embeddable":true,"href":"https:\/\/www.mysexualfantasy.eu\/en\/wp-json\/wp\/v2\/media\/53051"}],"wp:attachment":[{"href":"https:\/\/www.mysexualfantasy.eu\/en\/wp-json\/wp\/v2\/media?parent=36788"}],"wp:term":[{"taxonomy":"product_brand","embeddable":true,"href":"https:\/\/www.mysexualfantasy.eu\/en\/wp-json\/wp\/v2\/product_brand?post=36788"},{"taxonomy":"product_cat","embeddable":true,"href":"https:\/\/www.mysexualfantasy.eu\/en\/wp-json\/wp\/v2\/product_cat?post=36788"},{"taxonomy":"product_tag","embeddable":true,"href":"https:\/\/www.mysexualfantasy.eu\/en\/wp-json\/wp\/v2\/product_tag?post=36788"}],"curies":[{"name":"wp","href":"https:\/\/api.w.org\/{rel}","templated":true}]}}