{"id":36809,"date":"2023-01-13T12:22:18","date_gmt":"2023-01-13T12:22:18","guid":{"rendered":"https:\/\/www.mysexualfantasy.eu\/?post_type=product&#038;p=36809"},"modified":"2023-12-06T17:25:59","modified_gmt":"2023-12-06T17:25:59","slug":"passion-hima-body-cuero-ecologico-s-m","status":"publish","type":"product","link":"https:\/\/www.mysexualfantasy.eu\/en\/product\/passion-hima-body-cuero-ecologico-s-m\/","title":{"rendered":"PASSION HIMA BODY CUERO ECOLOGICO S\/M"},"content":{"rendered":"<p>El teddy\u00a0Hima es una extraordinaria propuesta de la marca Passion, junto a la cual no se puede pasar con indiferencia. El reba\u00f1o decorativo, las inserciones de cuero y las articulaciones en forma de c\u00edrculos hacen que cada mujer se vea \u00fanica<\/p>\n<ul>\n<li>Copas reforzadas con aros<\/li>\n<li>Correas ajustables<\/li>\n<li>No decolora<\/li>\n<li>No ti\u00f1e al lavar<\/li>\n<\/ul>\n<p>M\u00e1s sobre el teddy\u00a0Hima\u00a0:<\/p>\n<ul>\n<li>Sensual Teddy de encajes\u00a0<\/li>\n<li>Gran combinaci\u00f3n de tejidos semitransparentes\u00a0y encajes\u00a0<\/li>\n<li>Material suave y muy c\u00f3modo de llevar\u00a0<\/li>\n<li>Presentado en una preciosa caja ecol\u00f3gica<\/li>\n<li>Composici\u00f3n: 60% Poliuretano, 40% Poliester<\/li>\n<li>Talla: S\/M<\/li>\n<\/ul>\n<p>Concebida y dise\u00f1ada para mujeres actuales y din\u00e1micas, Passion es lencer\u00eda made in the European Union con estrictos controles de calidad.<\/p>\n<p>El m\u00e1ximo detalle en la fabricaci\u00f3n y sus elementos decorativos son las principales caracter\u00edsticas de esta lencer\u00eda que est\u00e1 pensada para el mundo actual y personas din\u00e1micas con ganas de innovar.<\/p>\n<p style=\"text-align: center;\"><img decoding=\"async\" alt=\"\" src=\"https:\/\/interno.dreamlove.es\/UserFiles\/images\/PASIOM%282%29.jpg\" style=\"text-align: center; width: 512px; height: 167px;\" \/><\/p>","protected":false},"excerpt":{"rendered":"<p>PASSION HIMA BODY ECO LEATHER S\/M<\/p>","protected":false},"featured_media":49812,"comment_status":"open","ping_status":"closed","template":"","meta":{"_monsterinsights_skip_tracking":false,"_monsterinsights_sitenote_active":false,"_monsterinsights_sitenote_note":"","_monsterinsights_sitenote_category":0,"_joinchat":[]},"product_brand":[],"product_cat":[1287,1196,1199,1166],"product_tag":[],"class_list":{"0":"post-36809","1":"product","2":"type-product","3":"status-publish","4":"has-post-thumbnail","6":"product_cat-moda-lencerialenceria-mujerlenceria-sexybodys","7":"product_cat-moda-lencerialenceria-mujer","8":"product_cat-moda-lencerialenceria-mujerlenceria-sexy","9":"product_cat-moda-lenceria","10":"yith_product_brand-passion","11":"yith_product_brand-passionpassion-woman","12":"yith_product_brand-passionpassion-womanpassion-woman-teddies","14":"first","15":"instock","16":"taxable","17":"shipping-taxable","18":"purchasable","19":"product-type-variable"},"aioseo_notices":[],"_links":{"self":[{"href":"https:\/\/www.mysexualfantasy.eu\/en\/wp-json\/wp\/v2\/product\/36809","targetHints":{"allow":["GET"]}}],"collection":[{"href":"https:\/\/www.mysexualfantasy.eu\/en\/wp-json\/wp\/v2\/product"}],"about":[{"href":"https:\/\/www.mysexualfantasy.eu\/en\/wp-json\/wp\/v2\/types\/product"}],"replies":[{"embeddable":true,"href":"https:\/\/www.mysexualfantasy.eu\/en\/wp-json\/wp\/v2\/comments?post=36809"}],"wp:featuredmedia":[{"embeddable":true,"href":"https:\/\/www.mysexualfantasy.eu\/en\/wp-json\/wp\/v2\/media\/49812"}],"wp:attachment":[{"href":"https:\/\/www.mysexualfantasy.eu\/en\/wp-json\/wp\/v2\/media?parent=36809"}],"wp:term":[{"taxonomy":"product_brand","embeddable":true,"href":"https:\/\/www.mysexualfantasy.eu\/en\/wp-json\/wp\/v2\/product_brand?post=36809"},{"taxonomy":"product_cat","embeddable":true,"href":"https:\/\/www.mysexualfantasy.eu\/en\/wp-json\/wp\/v2\/product_cat?post=36809"},{"taxonomy":"product_tag","embeddable":true,"href":"https:\/\/www.mysexualfantasy.eu\/en\/wp-json\/wp\/v2\/product_tag?post=36809"}],"curies":[{"name":"wp","href":"https:\/\/api.w.org\/{rel}","templated":true}]}}