{"id":36821,"date":"2023-01-13T14:29:49","date_gmt":"2023-01-13T14:29:49","guid":{"rendered":"https:\/\/www.mysexualfantasy.eu\/?post_type=product&#038;p=36821"},"modified":"2023-12-06T15:28:52","modified_gmt":"2023-12-06T15:28:52","slug":"passion-loona-chemise-cuero-ecologico-s-m","status":"publish","type":"product","link":"https:\/\/www.mysexualfantasy.eu\/en\/product\/passion-loona-chemise-cuero-ecologico-s-m\/","title":{"rendered":"PASSION LOONA CHEMISE CUERO ECOLOGICO L\/XL"},"content":{"rendered":"<p>El chemise Loona fue creado\u00a0para mujeres que aprecian la sutileza y delicadeza del encaje. La combinaci\u00f3n de la caracter\u00edstica fuerza\u00a0del cuero con la sensualidad del encaje creando una belleza extraordinaria.<\/p>\n<ul>\n<li>Copas reforzadas con aro<\/li>\n<li>Correas ajustables<\/li>\n<li>No decolora<\/li>\n<li>No ti\u00f1e al lavar<\/li>\n<\/ul>\n<p>M\u00e1s sobre el chemise Loona :<\/p>\n<ul>\n<li>Gran combinaci\u00f3n de tejidos semitransparentes\u00a0y encajes\u00a0<\/li>\n<li>Tanga incluido\u00a0<\/li>\n<li>Correas ajustables<\/li>\n<li>Material el\u00e1stico<\/li>\n<li>Presentado en una preciosa caja ecol\u00f3gica<\/li>\n<li>Composition:60% poliuretano \/ 40% poliester\u00a0<\/li>\n<li>Talla: S\/M<\/li>\n<\/ul>\n<p>Concebida y dise\u00f1ada para mujeres actuales y din\u00e1micas, Passion es lencer\u00eda made in the European Union con estrictos controles de calidad.<\/p>\n<p>El m\u00e1ximo detalle en la fabricaci\u00f3n y sus elementos decorativos son las principales caracter\u00edsticas de esta lencer\u00eda que est\u00e1 pensada para el mundo actual y personas din\u00e1micas con ganas de innovar.<\/p>\n<p style=\"text-align: center;\"><img decoding=\"async\" alt=\"\" src=\"https:\/\/interno.dreamlove.es\/UserFiles\/images\/PASIOM%282%29.jpg\" style=\"width: 512px; height: 167px;\" \/><\/p>","protected":false},"excerpt":{"rendered":"<p>PASSION LOONA CHEMISE ECO LEATHER S\/M<\/p>","protected":false},"featured_media":68262,"comment_status":"open","ping_status":"closed","template":"","meta":{"_monsterinsights_skip_tracking":false,"_monsterinsights_sitenote_active":false,"_monsterinsights_sitenote_note":"","_monsterinsights_sitenote_category":0,"_joinchat":[]},"product_brand":[],"product_cat":[1284,1196,1199,1166],"product_tag":[],"class_list":{"0":"post-36821","1":"product","2":"type-product","3":"status-publish","4":"has-post-thumbnail","6":"product_cat-moda-lencerialenceria-mujerlenceria-sexycamisones","7":"product_cat-moda-lencerialenceria-mujer","8":"product_cat-moda-lencerialenceria-mujerlenceria-sexy","9":"product_cat-moda-lenceria","10":"yith_product_brand-passion","11":"yith_product_brand-passionpassion-woman","12":"yith_product_brand-passionpassion-womanpassion-woman-chemise","14":"first","15":"instock","16":"taxable","17":"shipping-taxable","18":"purchasable","19":"product-type-variable"},"aioseo_notices":[],"_links":{"self":[{"href":"https:\/\/www.mysexualfantasy.eu\/en\/wp-json\/wp\/v2\/product\/36821","targetHints":{"allow":["GET"]}}],"collection":[{"href":"https:\/\/www.mysexualfantasy.eu\/en\/wp-json\/wp\/v2\/product"}],"about":[{"href":"https:\/\/www.mysexualfantasy.eu\/en\/wp-json\/wp\/v2\/types\/product"}],"replies":[{"embeddable":true,"href":"https:\/\/www.mysexualfantasy.eu\/en\/wp-json\/wp\/v2\/comments?post=36821"}],"wp:featuredmedia":[{"embeddable":true,"href":"https:\/\/www.mysexualfantasy.eu\/en\/wp-json\/wp\/v2\/media\/68262"}],"wp:attachment":[{"href":"https:\/\/www.mysexualfantasy.eu\/en\/wp-json\/wp\/v2\/media?parent=36821"}],"wp:term":[{"taxonomy":"product_brand","embeddable":true,"href":"https:\/\/www.mysexualfantasy.eu\/en\/wp-json\/wp\/v2\/product_brand?post=36821"},{"taxonomy":"product_cat","embeddable":true,"href":"https:\/\/www.mysexualfantasy.eu\/en\/wp-json\/wp\/v2\/product_cat?post=36821"},{"taxonomy":"product_tag","embeddable":true,"href":"https:\/\/www.mysexualfantasy.eu\/en\/wp-json\/wp\/v2\/product_tag?post=36821"}],"curies":[{"name":"wp","href":"https:\/\/api.w.org\/{rel}","templated":true}]}}