{"id":36827,"date":"2023-01-13T14:44:30","date_gmt":"2023-01-13T14:44:30","guid":{"rendered":"https:\/\/www.mysexualfantasy.eu\/?post_type=product&#038;p=36827"},"modified":"2023-12-06T17:27:07","modified_gmt":"2023-12-06T17:27:07","slug":"passion-nancy-set-cuero-ecologico-s-m","status":"publish","type":"product","link":"https:\/\/www.mysexualfantasy.eu\/en\/product\/passion-nancy-set-cuero-ecologico-s-m\/","title":{"rendered":"PASSION NANCY SET CUERO ECOLOGICO S\/M"},"content":{"rendered":"<p>El conjunto Nancy es un conjunto de tres piezas de Passion, que incluye una parte superior sujeta al cuello, liguero\u00a0y tanga\u00a0cortado\u00a0con audacia. Todo esto est\u00e1 hecho de cuero negro, que est\u00e1 decorado con numerosas rayas cruzadas que revelan las cualidades femeninas.<\/p>\n<ul>\n<li>Copas reforzadas con cables inferiores<\/li>\n<li>Correas ajustables<\/li>\n<li>El producto no sensibiliza<\/li>\n<li>No decolora<\/li>\n<li>No ti\u00f1e al lavar<\/li>\n<\/ul>\n<p>M\u00e1s sobre el set Nancy\u00a0:<\/p>\n<ul>\n<li>Sensual set de tres piezas\u00a0<\/li>\n<li>Incluye sujetador, liguero y tanga\u00a0<\/li>\n<li>Tanga con abertura\u00a0<\/li>\n<li>Gran combinaci\u00f3n de tirantas a lo largo del enorme escote\u00a0<\/li>\n<li>Material suave y muy c\u00f3modo de llevar\u00a0<\/li>\n<li>Presentado en una preciosa caja ecol\u00f3gica<\/li>\n<li>Composici\u00f3n: 60% Poliuretano, 40% Poliester<\/li>\n<li>Talla: S\/M<\/li>\n<\/ul>\n<p>Concebida y dise\u00f1ada para mujeres actuales y din\u00e1micas, Passion es lencer\u00eda made in the European Union con estrictos controles de calidad.<\/p>\n<p>El m\u00e1ximo detalle en la fabricaci\u00f3n y sus elementos decorativos son las principales caracter\u00edsticas de esta lencer\u00eda que est\u00e1 pensada para el mundo actual y personas din\u00e1micas con ganas de innovar.<\/p>\n<p style=\"text-align: center;\"><img decoding=\"async\" alt=\"\" src=\"https:\/\/interno.dreamlove.es\/UserFiles\/images\/PASIOM%282%29.jpg\" style=\"width: 512px; height: 167px;\" \/><\/p>","protected":false},"excerpt":{"rendered":"<p>PASSION NANCY SET ECO LEATHER S\/M<\/p>","protected":false},"featured_media":70821,"comment_status":"open","ping_status":"closed","template":"","meta":{"_monsterinsights_skip_tracking":false,"_monsterinsights_sitenote_active":false,"_monsterinsights_sitenote_note":"","_monsterinsights_sitenote_category":0,"_joinchat":[]},"product_brand":[],"product_cat":[1196,1197,1166,1445],"product_tag":[],"class_list":{"0":"post-36827","1":"product","2":"type-product","3":"status-publish","4":"has-post-thumbnail","6":"product_cat-moda-lencerialenceria-mujer","7":"product_cat-moda-lencerialenceria-mujerlenceria-picante","8":"product_cat-moda-lenceria","9":"product_cat-moda-lencerialenceria-mujerlenceria-picantesets-con-liguero","10":"yith_product_brand-passion","11":"yith_product_brand-passionpassion-woman","12":"yith_product_brand-passionpassion-womanpassion-woman-sets","14":"first","15":"instock","16":"taxable","17":"shipping-taxable","18":"purchasable","19":"product-type-variable"},"aioseo_notices":[],"_links":{"self":[{"href":"https:\/\/www.mysexualfantasy.eu\/en\/wp-json\/wp\/v2\/product\/36827","targetHints":{"allow":["GET"]}}],"collection":[{"href":"https:\/\/www.mysexualfantasy.eu\/en\/wp-json\/wp\/v2\/product"}],"about":[{"href":"https:\/\/www.mysexualfantasy.eu\/en\/wp-json\/wp\/v2\/types\/product"}],"replies":[{"embeddable":true,"href":"https:\/\/www.mysexualfantasy.eu\/en\/wp-json\/wp\/v2\/comments?post=36827"}],"wp:featuredmedia":[{"embeddable":true,"href":"https:\/\/www.mysexualfantasy.eu\/en\/wp-json\/wp\/v2\/media\/70821"}],"wp:attachment":[{"href":"https:\/\/www.mysexualfantasy.eu\/en\/wp-json\/wp\/v2\/media?parent=36827"}],"wp:term":[{"taxonomy":"product_brand","embeddable":true,"href":"https:\/\/www.mysexualfantasy.eu\/en\/wp-json\/wp\/v2\/product_brand?post=36827"},{"taxonomy":"product_cat","embeddable":true,"href":"https:\/\/www.mysexualfantasy.eu\/en\/wp-json\/wp\/v2\/product_cat?post=36827"},{"taxonomy":"product_tag","embeddable":true,"href":"https:\/\/www.mysexualfantasy.eu\/en\/wp-json\/wp\/v2\/product_tag?post=36827"}],"curies":[{"name":"wp","href":"https:\/\/api.w.org\/{rel}","templated":true}]}}