{"id":36843,"date":"2023-01-13T12:24:00","date_gmt":"2023-01-13T12:24:00","guid":{"rendered":"https:\/\/www.mysexualfantasy.eu\/?post_type=product&#038;p=36843"},"modified":"2023-12-06T17:27:07","modified_gmt":"2023-12-06T17:27:07","slug":"me-seduce-kani-teddy-con-cremallera-s-m","status":"publish","type":"product","link":"https:\/\/www.mysexualfantasy.eu\/en\/product\/me-seduce-kani-teddy-con-cremallera-s-m\/","title":{"rendered":"ME-SEDUCE KANI TEDDY CON CREMALLERA S\/M"},"content":{"rendered":"<p>Una mujer \u00fanica es una mujer que es consciente de sus metas, car\u00e1cter, sue\u00f1os, perfecci\u00f3n y debilidades. Una mujer que trata de alcanzar sus metas y obtiene placer de ello, que sabe exactamente si la meta que est\u00e1 alcanzando es algo que realmente necesita, algo que traer\u00e1 un peque\u00f1o milagro a su vida.<\/p>\n<p><strong>Colecci\u00f3n Around the world\u00a0<\/strong><\/p>\n<p>Crear una nueva colecci\u00f3n es como crear un mundo completamente nuevo. Trabajamos hasta el \u00faltimo detalle para que cada uno de nuestros modelos sea sensual, sutil y \u00fanico.<\/p>\n<ul>\n<li>Teddy Kani, Colecci\u00f3n Around the world\u00a0<\/li>\n<li>Dise\u00f1o \u00fanico con cuero ecol\u00f3gico\u00a0<\/li>\n<li>Cremallera plateada en la parte delantera<\/li>\n<li>Muy audaz, la espalda con tejido transparente, literalmente no deja nada que imaginar<\/li>\n<li>Composici\u00f3n: 95% poli\u00e9ster \/ 5% spandex<\/li>\n<li>Color: Negro\u00a0<\/li>\n<li>Talla: S\/M<\/li>\n<\/ul>\n<p>Me-Seduce fue creada en 2013 y se dedica al dise\u00f1o y fabricaci\u00f3n de\u00a0lencer\u00eda er\u00f3tica para mujeres y hombres. En Oto\u00f1o de 2018 la marca fue galardonada con el XBIZ Europe y le dieron el premio a la Mejor empresa de lencer\u00eda del a\u00f1o 2018. Era la primera edici\u00f3n europea y la \u00fanica marca polaca nominada. Ahora en este 2019, ha sido nominada en la edicion americana de los premios XBIZ de 2019 en dos categor\u00edas: La mejor empresa de Lencer\u00eda (2019) y La mejor colecci\u00f3n del a\u00f1o (2019)<\/p>\n<p>\u00a0<\/p>\n<p style=\"text-align: center;\"><img decoding=\"async\" alt=\"\" src=\"https:\/\/interno.dreamlove.es\/UserFiles\/images\/TALLAS%20ME%20SEDUCE%281%29.jpg\" style=\"width: 577px; height: 519px;\" \/><\/p>","protected":false},"excerpt":{"rendered":"<p>ME-SEDUCE KANI TEDDY SILVER ZIPPER<\/p>","protected":false},"featured_media":50351,"comment_status":"open","ping_status":"closed","template":"","meta":{"_monsterinsights_skip_tracking":false,"_monsterinsights_sitenote_active":false,"_monsterinsights_sitenote_note":"","_monsterinsights_sitenote_category":0,"_joinchat":[]},"product_brand":[],"product_cat":[1176,1175,1287,1452,1196,1197,1199,1411,1166],"product_tag":[],"class_list":{"0":"post-36843","1":"product","2":"type-product","3":"status-publish","4":"has-post-thumbnail","6":"product_cat-bdsm-bondage-articulos-bdsm","7":"product_cat-bdsm-bondage","8":"product_cat-moda-lencerialenceria-mujerlenceria-sexybodys","9":"product_cat-moda-lencerialenceria-mujerlenceria-picanteestilo-fetish","10":"product_cat-moda-lencerialenceria-mujer","11":"product_cat-moda-lencerialenceria-mujerlenceria-picante","12":"product_cat-moda-lencerialenceria-mujerlenceria-sexy","13":"product_cat-bdsm-bondage-articulos-bdsmmoda-bdsm","14":"product_cat-moda-lenceria","15":"yith_product_brand-me-seduce","16":"yith_product_brand-me-seduce-me-seduce-teddies","18":"first","19":"instock","20":"taxable","21":"shipping-taxable","22":"purchasable","23":"product-type-variable"},"aioseo_notices":[],"_links":{"self":[{"href":"https:\/\/www.mysexualfantasy.eu\/en\/wp-json\/wp\/v2\/product\/36843","targetHints":{"allow":["GET"]}}],"collection":[{"href":"https:\/\/www.mysexualfantasy.eu\/en\/wp-json\/wp\/v2\/product"}],"about":[{"href":"https:\/\/www.mysexualfantasy.eu\/en\/wp-json\/wp\/v2\/types\/product"}],"replies":[{"embeddable":true,"href":"https:\/\/www.mysexualfantasy.eu\/en\/wp-json\/wp\/v2\/comments?post=36843"}],"wp:featuredmedia":[{"embeddable":true,"href":"https:\/\/www.mysexualfantasy.eu\/en\/wp-json\/wp\/v2\/media\/50351"}],"wp:attachment":[{"href":"https:\/\/www.mysexualfantasy.eu\/en\/wp-json\/wp\/v2\/media?parent=36843"}],"wp:term":[{"taxonomy":"product_brand","embeddable":true,"href":"https:\/\/www.mysexualfantasy.eu\/en\/wp-json\/wp\/v2\/product_brand?post=36843"},{"taxonomy":"product_cat","embeddable":true,"href":"https:\/\/www.mysexualfantasy.eu\/en\/wp-json\/wp\/v2\/product_cat?post=36843"},{"taxonomy":"product_tag","embeddable":true,"href":"https:\/\/www.mysexualfantasy.eu\/en\/wp-json\/wp\/v2\/product_tag?post=36843"}],"curies":[{"name":"wp","href":"https:\/\/api.w.org\/{rel}","templated":true}]}}