{"id":36867,"date":"2023-01-13T14:39:19","date_gmt":"2023-01-13T14:39:19","guid":{"rendered":"https:\/\/www.mysexualfantasy.eu\/?post_type=product&#038;p=36867"},"modified":"2023-12-06T16:06:57","modified_gmt":"2023-12-06T16:06:57","slug":"pretty-love-molly-vibrador-con-rotacion-recargable","status":"publish","type":"product","link":"https:\/\/www.mysexualfantasy.eu\/en\/product\/pretty-love-molly-vibrador-con-rotacion-recargable\/","title":{"rendered":"PRETTY LOVE MOLLY VIBRADOR CON ROTACION RECARGABLE"},"content":{"rendered":"<p>No puedes superar a un cl\u00e1sico y este gran vibrador con rabbit giratorio p\u00farpura tiene todo en\u00a0uno. Hecho con suave silicona que es flexible y suave, este ambiente se mover\u00e1 con los contornos de su cuerpo.<\/p>\n<p>El dise\u00f1o es ligeramente realista con una punta definida y un eje de rotaci\u00f3n con una textura acanalada para una estimulaci\u00f3n adicional y el frontal presenta un rabbit para la estimulaci\u00f3n del cl\u00edtoris\u00a0<\/p>\n<p>La funci\u00f3n vibratoria es potente con doce variedades de velocidades y mejorada por tres funciones diferentes de rotaci\u00f3n del eje que proporcionan otra variaci\u00f3n de sensaci\u00f3n.<\/p>\n<ul>\n<li>Funci\u00f3n de memoria<\/li>\n<li>3 modos de rotaci\u00f3n<\/li>\n<li>12 modos de vibraci\u00f3n<\/li>\n<li>Impermeable<\/li>\n<li>Silicona suave<\/li>\n<li>Usb recargable<\/li>\n<li>Medidas: 20.5 x 3.3 cm<\/li>\n<\/ul>\n<p>Pretty Love fabrica productos con altos est\u00e1ndares de calidad. Todos sus productos est\u00e1n dise\u00f1ados en EEUU y cuentan con 1 a\u00f1o de garant\u00eda por defectos t\u00e9cnicos.<\/p>","protected":false},"excerpt":{"rendered":"<p>PRETTY LOVE MOLLY RECHARGEABLE VIBRATOR ROTATING FUNCTION<\/p>","protected":false},"featured_media":69899,"comment_status":"open","ping_status":"closed","template":"","meta":{"_monsterinsights_skip_tracking":false,"_monsterinsights_sitenote_active":false,"_monsterinsights_sitenote_note":"","_monsterinsights_sitenote_category":0,"_joinchat":[]},"product_brand":[],"product_cat":[1193,1156,1152,1155,1163,1309,1194,1153],"product_tag":[],"class_list":{"0":"post-36867","1":"product","2":"type-product","3":"status-publish","4":"has-post-thumbnail","6":"product_cat-juguetes-bienestar-vibradores100-sumergible","7":"product_cat-juguetes-bienestar-juguetes-para-mujeresestimuladores","8":"product_cat-juguetes-bienestar","9":"product_cat-juguetes-bienestar-juguetes-para-mujeres","10":"product_cat-juguetes-bienestar-juguetes-para-mujeresestimuladorespara-clitoris","11":"product_cat-juguetes-bienestar-juguetes-para-mujerespunto-g","12":"product_cat-juguetes-bienestar-vibradoresrotadores-y-vibradores","13":"product_cat-juguetes-bienestar-vibradores","14":"yith_product_brand-pretty-love","15":"yith_product_brand-pretty-lovepretty-love-smart","17":"first","18":"instock","19":"taxable","20":"shipping-taxable","21":"purchasable","22":"product-type-simple"},"aioseo_notices":[],"_links":{"self":[{"href":"https:\/\/www.mysexualfantasy.eu\/en\/wp-json\/wp\/v2\/product\/36867","targetHints":{"allow":["GET"]}}],"collection":[{"href":"https:\/\/www.mysexualfantasy.eu\/en\/wp-json\/wp\/v2\/product"}],"about":[{"href":"https:\/\/www.mysexualfantasy.eu\/en\/wp-json\/wp\/v2\/types\/product"}],"replies":[{"embeddable":true,"href":"https:\/\/www.mysexualfantasy.eu\/en\/wp-json\/wp\/v2\/comments?post=36867"}],"wp:featuredmedia":[{"embeddable":true,"href":"https:\/\/www.mysexualfantasy.eu\/en\/wp-json\/wp\/v2\/media\/69899"}],"wp:attachment":[{"href":"https:\/\/www.mysexualfantasy.eu\/en\/wp-json\/wp\/v2\/media?parent=36867"}],"wp:term":[{"taxonomy":"product_brand","embeddable":true,"href":"https:\/\/www.mysexualfantasy.eu\/en\/wp-json\/wp\/v2\/product_brand?post=36867"},{"taxonomy":"product_cat","embeddable":true,"href":"https:\/\/www.mysexualfantasy.eu\/en\/wp-json\/wp\/v2\/product_cat?post=36867"},{"taxonomy":"product_tag","embeddable":true,"href":"https:\/\/www.mysexualfantasy.eu\/en\/wp-json\/wp\/v2\/product_tag?post=36867"}],"curies":[{"name":"wp","href":"https:\/\/api.w.org\/{rel}","templated":true}]}}