{"id":36869,"date":"2023-01-13T12:34:20","date_gmt":"2023-01-13T12:34:20","guid":{"rendered":"https:\/\/www.mysexualfantasy.eu\/?post_type=product&#038;p=36869"},"modified":"2023-12-06T17:26:00","modified_gmt":"2023-12-06T17:26:00","slug":"obsessive-frilles-disfraz-s-m","status":"publish","type":"product","link":"https:\/\/www.mysexualfantasy.eu\/en\/product\/obsessive-frilles-disfraz-s-m\/","title":{"rendered":"OBSESSIVE &#8211; FRILLES DISFRAZ S\/M"},"content":{"rendered":"<p>Sue\u00f1as con un elegante disfraz de Halloween con un toque de picante? \u00a1El disfraz negro Frilles es algo que debes usar en esa noche especial!<\/p>\n<p>Te ver\u00e1s aparentemente inocente con \u00e9l, pero el encaje y la parte posterior abierta agregar\u00e1n un poco de alevos\u00eda en la mirada de tu pareja. \u00a1Junto con su apariencia caliente, disfrutar\u00e1 de un ajuste perfecto y formas perfectamente enfatizadas!<\/p>\n<p>Descubre m\u00e1s detalles:<\/p>\n<ul>\n<li>Frilles  disfraz fenomenal que consiste en una diadema de sirvienta, teddy\u00a0y falda<\/li>\n<li>Diadema negra con cuello de pie blanco<\/li>\n<li>Correas para los hombros alrededor del cuello: aspecto fenomenal y \u00e9nfasis del cuello<\/li>\n<li>Telas transparentes:<\/li>\n<li>Espalda descubierta<\/li>\n<li>Falda de tul con colgante dorado<\/li>\n<li>Teddy abrochado en la entrepierna<\/li>\n<li>El material es flexible (90% poliamida, 10% elastano)<\/li>\n<li>Talla:\u00a0S\/M<\/li>\n<\/ul>\n<p 1.5=\"\" color:=\"\" font-size:=\"\" line-height:=\"\" margin-top:=\"\" roboto=\"\" style=\"box-sizing: border-box;\">\u00a1Obsessive significa inspiraci\u00f3n en la mujer!\u00a0 Elegancia, sensualidad, amor a la costura&#8230;.significa mucho para la mujer, pocos son los adjetivos que pueden calificar a Obsessive, donde una labor de a\u00f1os han conseguido unir la mejor relaci\u00f3n calidad-precio.<\/p>\n<p 1.5=\"\" color:=\"\" font-size:=\"\" line-height:=\"\" margin-top:=\"\" roboto=\"\" style=\"box-sizing: border-box;\">\u00a1L\u00edderes mundiales en lencer\u00eda, nadie lo hace mejor!<\/p>\n<p>\u00a0<\/p>\n<p style=\"text-align: center;\"><img decoding=\"async\" src=\"https:\/\/store.dreamlove.es\/UserFiles\/images\/SIZES.png\" \/><\/p>","protected":false},"excerpt":{"rendered":"<p>OBSESSIVE &#8211; FRILLES COSTUME S\/M<\/p>","protected":false},"featured_media":51738,"comment_status":"open","ping_status":"closed","template":"","meta":{"_monsterinsights_skip_tracking":false,"_monsterinsights_sitenote_active":false,"_monsterinsights_sitenote_note":"","_monsterinsights_sitenote_category":0,"_joinchat":[]},"product_brand":[],"product_cat":[1287,1262,1426,1196,1199,1166,148],"product_tag":[],"class_list":{"0":"post-36869","1":"product","2":"type-product","3":"status-publish","4":"has-post-thumbnail","6":"product_cat-moda-lencerialenceria-mujerlenceria-sexybodys","7":"product_cat-moda-lencerialenceria-mujerdisfraces-mujer","8":"product_cat-moda-lencerialenceria-mujerdisfraces-mujerhalloween","9":"product_cat-moda-lencerialenceria-mujer","10":"product_cat-moda-lencerialenceria-mujerlenceria-sexy","11":"product_cat-moda-lenceria","12":"product_cat-ofertas","13":"yith_product_brand-obsessive-obsessive-last-chance","14":"yith_product_brand-obsessive","16":"first","17":"instock","18":"taxable","19":"shipping-taxable","20":"purchasable","21":"product-type-variable"},"aioseo_notices":[],"_links":{"self":[{"href":"https:\/\/www.mysexualfantasy.eu\/en\/wp-json\/wp\/v2\/product\/36869","targetHints":{"allow":["GET"]}}],"collection":[{"href":"https:\/\/www.mysexualfantasy.eu\/en\/wp-json\/wp\/v2\/product"}],"about":[{"href":"https:\/\/www.mysexualfantasy.eu\/en\/wp-json\/wp\/v2\/types\/product"}],"replies":[{"embeddable":true,"href":"https:\/\/www.mysexualfantasy.eu\/en\/wp-json\/wp\/v2\/comments?post=36869"}],"wp:featuredmedia":[{"embeddable":true,"href":"https:\/\/www.mysexualfantasy.eu\/en\/wp-json\/wp\/v2\/media\/51738"}],"wp:attachment":[{"href":"https:\/\/www.mysexualfantasy.eu\/en\/wp-json\/wp\/v2\/media?parent=36869"}],"wp:term":[{"taxonomy":"product_brand","embeddable":true,"href":"https:\/\/www.mysexualfantasy.eu\/en\/wp-json\/wp\/v2\/product_brand?post=36869"},{"taxonomy":"product_cat","embeddable":true,"href":"https:\/\/www.mysexualfantasy.eu\/en\/wp-json\/wp\/v2\/product_cat?post=36869"},{"taxonomy":"product_tag","embeddable":true,"href":"https:\/\/www.mysexualfantasy.eu\/en\/wp-json\/wp\/v2\/product_tag?post=36869"}],"curies":[{"name":"wp","href":"https:\/\/api.w.org\/{rel}","templated":true}]}}