{"id":36872,"date":"2023-01-13T12:22:22","date_gmt":"2023-01-13T12:22:22","guid":{"rendered":"https:\/\/www.mysexualfantasy.eu\/?post_type=product&#038;p=36872"},"modified":"2023-12-06T17:26:00","modified_gmt":"2023-12-06T17:26:00","slug":"obsessive-giully-teddy-s-m","status":"publish","type":"product","link":"https:\/\/www.mysexualfantasy.eu\/en\/product\/obsessive-giully-teddy-s-m\/","title":{"rendered":"OBSESSIVE &#8211; GIULLY TEDDY S\/M"},"content":{"rendered":"<p>Sue\u00f1as con toque salvaje y picante, pero tambi\u00e9n\u00a0elegancia? \u00a1Nuestro nuevo teddy cumplir\u00e1 todas tus fantas\u00edas salvajes hoy! El hermoso patr\u00f3n y el intrigante negro crean una combinaci\u00f3n extremadamente efectiva. A\u00f1\u00e1dele un poco de encaje y un corte tentador, y tendr\u00e1s una receta para una noche divertida.<\/p>\n<p>Vea lo \u00fanico que es:<\/p>\n<ul>\n<li>Seductor teddy en corte cl\u00e1sico<\/li>\n<li>Las correas ajustables se cruzan en la parte posterior con correas el\u00e1sticas, una soluci\u00f3n especial para un\u00a0ajuste perfecto<\/li>\n<li>Tejido transl\u00facido con un patr\u00f3n de terciopelo y estampado animal<\/li>\n<li>Adornos de encaje en los bordes y busto<\/li>\n<li>Colgante de metal entre los senos: un aspecto tentador<\/li>\n<li>Teddy abrochado en la entrepierna<\/li>\n<li>Agradable al tacto, material el\u00e1stico (94% poliamida, 6% elastano)<\/li>\n<li>Tama\u00f1o: S\/M<\/li>\n<\/ul>\n<p 1.5=\"\" color:=\"\" font-size:=\"\" line-height:=\"\" margin-top:=\"\" roboto=\"\" style=\"box-sizing: border-box;\">\u00a1Obsessive significa inspiraci\u00f3n en la mujer!\u00a0 Elegancia, sensualidad, amor a la costura&#8230;.significa mucho para la mujer, pocos son los adjetivos que pueden calificar a Obsessive, donde una labor de a\u00f1os han conseguido unir la mejor relaci\u00f3n calidad-precio.<\/p>\n<p 1.5=\"\" color:=\"\" font-size:=\"\" line-height:=\"\" margin-top:=\"\" roboto=\"\" style=\"box-sizing: border-box;\">\u00a1L\u00edderes mundiales en lencer\u00eda, nadie lo hace mejor!<\/p>\n<p>\u00a0<\/p>\n<p style=\"text-align: center;\"><img decoding=\"async\" src=\"https:\/\/store.dreamlove.es\/UserFiles\/images\/SIZES.png\" \/><\/p>","protected":false},"excerpt":{"rendered":"<p>OBSESSIVE &#8211; GIULLY TEDDY S\/M<\/p>","protected":false},"featured_media":49833,"comment_status":"open","ping_status":"closed","template":"","meta":{"_monsterinsights_skip_tracking":false,"_monsterinsights_sitenote_active":false,"_monsterinsights_sitenote_note":"","_monsterinsights_sitenote_category":0,"_joinchat":[]},"product_brand":[],"product_cat":[1287,1196,1199,1166,148],"product_tag":[],"class_list":{"0":"post-36872","1":"product","2":"type-product","3":"status-publish","4":"has-post-thumbnail","6":"product_cat-moda-lencerialenceria-mujerlenceria-sexybodys","7":"product_cat-moda-lencerialenceria-mujer","8":"product_cat-moda-lencerialenceria-mujerlenceria-sexy","9":"product_cat-moda-lenceria","10":"product_cat-ofertas","11":"yith_product_brand-obsessive-obsessive-last-chance","12":"yith_product_brand-obsessive","14":"first","15":"instock","16":"taxable","17":"shipping-taxable","18":"purchasable","19":"product-type-variable"},"aioseo_notices":[],"_links":{"self":[{"href":"https:\/\/www.mysexualfantasy.eu\/en\/wp-json\/wp\/v2\/product\/36872","targetHints":{"allow":["GET"]}}],"collection":[{"href":"https:\/\/www.mysexualfantasy.eu\/en\/wp-json\/wp\/v2\/product"}],"about":[{"href":"https:\/\/www.mysexualfantasy.eu\/en\/wp-json\/wp\/v2\/types\/product"}],"replies":[{"embeddable":true,"href":"https:\/\/www.mysexualfantasy.eu\/en\/wp-json\/wp\/v2\/comments?post=36872"}],"wp:featuredmedia":[{"embeddable":true,"href":"https:\/\/www.mysexualfantasy.eu\/en\/wp-json\/wp\/v2\/media\/49833"}],"wp:attachment":[{"href":"https:\/\/www.mysexualfantasy.eu\/en\/wp-json\/wp\/v2\/media?parent=36872"}],"wp:term":[{"taxonomy":"product_brand","embeddable":true,"href":"https:\/\/www.mysexualfantasy.eu\/en\/wp-json\/wp\/v2\/product_brand?post=36872"},{"taxonomy":"product_cat","embeddable":true,"href":"https:\/\/www.mysexualfantasy.eu\/en\/wp-json\/wp\/v2\/product_cat?post=36872"},{"taxonomy":"product_tag","embeddable":true,"href":"https:\/\/www.mysexualfantasy.eu\/en\/wp-json\/wp\/v2\/product_tag?post=36872"}],"curies":[{"name":"wp","href":"https:\/\/api.w.org\/{rel}","templated":true}]}}