{"id":36906,"date":"2023-01-13T12:33:57","date_gmt":"2023-01-13T12:33:57","guid":{"rendered":"https:\/\/www.mysexualfantasy.eu\/?post_type=product&#038;p=36906"},"modified":"2023-12-06T17:26:00","modified_gmt":"2023-12-06T17:26:00","slug":"obsessive-worker-girl-disfraz-trabajadora-sexy-s-m","status":"publish","type":"product","link":"https:\/\/www.mysexualfantasy.eu\/en\/product\/obsessive-worker-girl-disfraz-trabajadora-sexy-s-m\/","title":{"rendered":"OBSESSIVE &#8211; WORKER GIRL DISFRAZ TRABAJADORA SEXY S\/M"},"content":{"rendered":"<p>Quieres que su coraz\u00f3n lata un poco m\u00e1s r\u00e1pido? Recordamos que te encantan los disfraces creativos y, al mismo tiempo, te encanta verte sexy con un toque de picante\u00a0Interesado? Imagina que tu pareja\u00a0 llega a casa del trabajo y lo est\u00e1s esperando con un disfraz incre\u00edblemente atractivo de Mujer trabajadora&#8230; Oh, s\u00ed, todav\u00eda hay un turno de noche esper\u00e1ndolo. Esta vez, sin embargo, trabajar\u00e1n juntos \ud83d\ude09<\/p>\n<p>Consulta los detalles:<\/p>\n<ul>\n<li>Un hermoso disfraz que consiste en una camisa a cuadros y panties<\/li>\n<li>Tirantes blancos y negros en la parte posterior cosidos en las bragas y abrochados con clips en la parte delantera<\/li>\n<li>La camisa atada debajo del busto enfatiza a\u00fan m\u00e1s los senos<\/li>\n<li>Panties negros decoradas con una correa roja, una combinaci\u00f3n realmente tentadora<\/li>\n<li>Cintura alta: materiales delicados y respetuosos con la piel (90% de poliamida, 10% de elastano)<\/li>\n<li>S\/M<\/li>\n<\/ul>\n<p 1.5=\"\" color:=\"\" font-size:=\"\" line-height:=\"\" margin-top:=\"\" roboto=\"\" style=\"box-sizing: border-box;\">\u00a1Obsessive significa inspiraci\u00f3n en la mujer!\u00a0 Elegancia, sensualidad, amor a la costura&#8230;.significa mucho para la mujer, pocos son los adjetivos que pueden calificar a Obsessive, donde una labor de a\u00f1os han conseguido unir la mejor relaci\u00f3n calidad-precio.<\/p>\n<p 1.5=\"\" color:=\"\" font-size:=\"\" line-height:=\"\" margin-top:=\"\" roboto=\"\" style=\"box-sizing: border-box;\">\u00a1L\u00edderes mundiales en lencer\u00eda, nadie lo hace mejor!<\/p>\n<p>\u00a0<\/p>\n<p style=\"text-align: center;\"><img decoding=\"async\" src=\"https:\/\/store.dreamlove.es\/UserFiles\/images\/SIZES.png\" \/><\/p>","protected":false},"excerpt":{"rendered":"<p>OBSESSIVE &#8211; WORKER GIRL COSTUME  S\/M<\/p>","protected":false},"featured_media":51632,"comment_status":"open","ping_status":"closed","template":"","meta":{"_monsterinsights_skip_tracking":false,"_monsterinsights_sitenote_active":false,"_monsterinsights_sitenote_note":"","_monsterinsights_sitenote_category":0,"_joinchat":[]},"product_brand":[],"product_cat":[1262,1196,1166,148,1431],"product_tag":[],"class_list":{"0":"post-36906","1":"product","2":"type-product","3":"status-publish","4":"has-post-thumbnail","6":"product_cat-moda-lencerialenceria-mujerdisfraces-mujer","7":"product_cat-moda-lencerialenceria-mujer","8":"product_cat-moda-lenceria","9":"product_cat-ofertas","10":"product_cat-moda-lencerialenceria-mujerdisfraces-mujerotros-disfraces","11":"yith_product_brand-obsessive-obsessive-last-chance","12":"yith_product_brand-obsessive","14":"first","15":"instock","16":"taxable","17":"shipping-taxable","18":"purchasable","19":"product-type-variable"},"aioseo_notices":[],"_links":{"self":[{"href":"https:\/\/www.mysexualfantasy.eu\/en\/wp-json\/wp\/v2\/product\/36906","targetHints":{"allow":["GET"]}}],"collection":[{"href":"https:\/\/www.mysexualfantasy.eu\/en\/wp-json\/wp\/v2\/product"}],"about":[{"href":"https:\/\/www.mysexualfantasy.eu\/en\/wp-json\/wp\/v2\/types\/product"}],"replies":[{"embeddable":true,"href":"https:\/\/www.mysexualfantasy.eu\/en\/wp-json\/wp\/v2\/comments?post=36906"}],"wp:featuredmedia":[{"embeddable":true,"href":"https:\/\/www.mysexualfantasy.eu\/en\/wp-json\/wp\/v2\/media\/51632"}],"wp:attachment":[{"href":"https:\/\/www.mysexualfantasy.eu\/en\/wp-json\/wp\/v2\/media?parent=36906"}],"wp:term":[{"taxonomy":"product_brand","embeddable":true,"href":"https:\/\/www.mysexualfantasy.eu\/en\/wp-json\/wp\/v2\/product_brand?post=36906"},{"taxonomy":"product_cat","embeddable":true,"href":"https:\/\/www.mysexualfantasy.eu\/en\/wp-json\/wp\/v2\/product_cat?post=36906"},{"taxonomy":"product_tag","embeddable":true,"href":"https:\/\/www.mysexualfantasy.eu\/en\/wp-json\/wp\/v2\/product_tag?post=36906"}],"curies":[{"name":"wp","href":"https:\/\/api.w.org\/{rel}","templated":true}]}}