{"id":36921,"date":"2023-01-13T14:39:24","date_gmt":"2023-01-13T14:39:24","guid":{"rendered":"https:\/\/www.mysexualfantasy.eu\/?post_type=product&#038;p=36921"},"modified":"2023-12-06T16:07:00","modified_gmt":"2023-12-06T16:07:00","slug":"rocks-off-rude-boy-xtreme-masajeador-para-prostata","status":"publish","type":"product","link":"https:\/\/www.mysexualfantasy.eu\/en\/product\/rocks-off-rude-boy-xtreme-masajeador-para-prostata\/","title":{"rendered":"ROCKS-OFF RUDE BOY XTREME MASAJEADOR PARA PROSTATA"},"content":{"rendered":"<p>R\u00edndete a la firme y completa experiencia masculina al acoger el ic\u00f3nico Rude- Boy Xtreme para disfrutar de un profundo y potente placer en la pr\u00f3stata y el perineo.<\/p>\n<p>Calibrado y completamente cargado para alcanzar la perfecci\u00f3n total, los potentes motores duales independientes de Rude-Boy Xtreme, su c\u00f3moda circunferencia y su parte larga precisamente ajustada al cuerpo aseguran que alcances un orgasmo de pr\u00f3stata integral.<\/p>\n<p>Saborea la libertad adicional que te ofrece el mando a distancia para darte placer a ti mismo o cede el control a tu pareja para que decida a d\u00f3nde vas a viajar, ya que Rude-Boy Xtreme proporciona una satisfacci\u00f3n completa y explosiva. Est\u00e1s listo?<\/p>\n<ul>\n<li>Mando a distancia<\/li>\n<li>10 niveles de vibraci\u00f3n y pulsaci\u00f3n muy potentes<\/li>\n<li>Dise\u00f1o ergon\u00f3mico para m\u00e1xima satisfacci\u00f3n interna y externa<\/li>\n<li>Silicona flexible de grado m\u00e9dico en toque aterciopelado para una adaptaci\u00f3n intensa<\/li>\n<li>Estimulaci\u00f3n de precisi\u00f3n manos libres<\/li>\n<li>Potentes motores duales independientes<\/li>\n<li>100 % resistente al agua<\/li>\n<li>Carga magn\u00e9tica USB<\/li>\n<li>2 horas de carga para 1 hora de juego<\/li>\n<li>ON\/OFF en 3 segundos<\/li>\n<\/ul>","protected":false},"excerpt":{"rendered":"<p>ROCKS-OFF RUDE BOY XTREME MASSAGER FOR PROSTATE<\/p>","protected":false},"featured_media":69914,"comment_status":"open","ping_status":"closed","template":"","meta":{"_monsterinsights_skip_tracking":false,"_monsterinsights_sitenote_active":false,"_monsterinsights_sitenote_note":"","_monsterinsights_sitenote_category":0,"_joinchat":[]},"product_brand":[],"product_cat":[1156,1152,1155,1163,1309,1153,1154],"product_tag":[],"class_list":{"0":"post-36921","1":"product","2":"type-product","3":"status-publish","4":"has-post-thumbnail","6":"product_cat-juguetes-bienestar-juguetes-para-mujeresestimuladores","7":"product_cat-juguetes-bienestar","8":"product_cat-juguetes-bienestar-juguetes-para-mujeres","9":"product_cat-juguetes-bienestar-juguetes-para-mujeresestimuladorespara-clitoris","10":"product_cat-juguetes-bienestar-juguetes-para-mujerespunto-g","11":"product_cat-juguetes-bienestar-vibradores","12":"product_cat-juguetes-bienestar-vibradoresvibradores-control-remoto","13":"yith_product_brand-rocks-off","15":"first","16":"instock","17":"taxable","18":"shipping-taxable","19":"purchasable","20":"product-type-simple"},"aioseo_notices":[],"_links":{"self":[{"href":"https:\/\/www.mysexualfantasy.eu\/en\/wp-json\/wp\/v2\/product\/36921","targetHints":{"allow":["GET"]}}],"collection":[{"href":"https:\/\/www.mysexualfantasy.eu\/en\/wp-json\/wp\/v2\/product"}],"about":[{"href":"https:\/\/www.mysexualfantasy.eu\/en\/wp-json\/wp\/v2\/types\/product"}],"replies":[{"embeddable":true,"href":"https:\/\/www.mysexualfantasy.eu\/en\/wp-json\/wp\/v2\/comments?post=36921"}],"wp:featuredmedia":[{"embeddable":true,"href":"https:\/\/www.mysexualfantasy.eu\/en\/wp-json\/wp\/v2\/media\/69914"}],"wp:attachment":[{"href":"https:\/\/www.mysexualfantasy.eu\/en\/wp-json\/wp\/v2\/media?parent=36921"}],"wp:term":[{"taxonomy":"product_brand","embeddable":true,"href":"https:\/\/www.mysexualfantasy.eu\/en\/wp-json\/wp\/v2\/product_brand?post=36921"},{"taxonomy":"product_cat","embeddable":true,"href":"https:\/\/www.mysexualfantasy.eu\/en\/wp-json\/wp\/v2\/product_cat?post=36921"},{"taxonomy":"product_tag","embeddable":true,"href":"https:\/\/www.mysexualfantasy.eu\/en\/wp-json\/wp\/v2\/product_tag?post=36921"}],"curies":[{"name":"wp","href":"https:\/\/api.w.org\/{rel}","templated":true}]}}