{"id":36923,"date":"2023-01-13T12:06:49","date_gmt":"2023-01-13T12:06:49","guid":{"rendered":"https:\/\/www.mysexualfantasy.eu\/?post_type=product&#038;p=36923"},"modified":"2023-12-06T16:07:01","modified_gmt":"2023-12-06T16:07:01","slug":"watchme-reloj-control-remoto-wireless-technology-azabache","status":"publish","type":"product","link":"https:\/\/www.mysexualfantasy.eu\/en\/product\/watchme-reloj-control-remoto-wireless-technology-azabache\/","title":{"rendered":"WATCHME &#8211; RELOJ CONTROL REMOTO WIRELESS TECHNOLOGY AZABACHE"},"content":{"rendered":"<p>Un paseo picante, un deporte atrevido, una cena rom\u00e1ntica&#8230;. Toma el\u00a0 control o deja que lo tome otro. \u00dasalo en la playa, en el parque, en casa, a solas o en pareja. Transforma cualquier actividad cotidiana en una nueva experiencia llena de placer. \u00a1Dise\u00f1o urbano para divertirte d\u00f3nde c\u00f3mo y cu\u00e1ndo quieras!\u00a0<\/p>\n<p>Es un reloj inteligente sexual que te ayudar\u00e1 a controlar los juguetes sexuales con\u00a0<strong>Watchme Wireless Technology<\/strong>,\u00a0 Podemos sincronizarlos con los juguetes sexuales que utilicen la tecnolog\u00eda watchme para controlar las vibraciones y las funciones de nuestro sextoy .<\/p>\n<ul>\n<li>100% bodysafe\u00a0<\/li>\n<li>Suave silicona\u00a0<\/li>\n<li>Sumergible\u00a0IPX7\u00a0<\/li>\n<\/ul>\n<p>Funciones de un reloj\u00a0<strong>WATCHME<\/strong><\/p>\n<ul>\n<li>Activar \/ Desactivar la vibraci\u00f3n.<\/li>\n<li>Modificar los modos de vibraci\u00f3n<\/li>\n<li>Modificar las intensidades en cada modo de vibraci\u00f3n.<\/li>\n<\/ul>","protected":false},"excerpt":{"rendered":"<p>WATCHME &#8211; WIRELESS TECHNOLOGY WATCH JET BLACK<\/p>","protected":false},"featured_media":45955,"comment_status":"open","ping_status":"closed","template":"","meta":{"_monsterinsights_skip_tracking":false,"_monsterinsights_sitenote_active":false,"_monsterinsights_sitenote_note":"","_monsterinsights_sitenote_category":0,"_joinchat":[]},"product_brand":[],"product_cat":[1156,1152,1155,1153,1154,1192],"product_tag":[],"class_list":{"0":"post-36923","1":"product","2":"type-product","3":"status-publish","4":"has-post-thumbnail","6":"product_cat-juguetes-bienestar-juguetes-para-mujeresestimuladores","7":"product_cat-juguetes-bienestar","8":"product_cat-juguetes-bienestar-juguetes-para-mujeres","9":"product_cat-juguetes-bienestar-vibradores","10":"product_cat-juguetes-bienestar-vibradoresvibradores-control-remoto","11":"product_cat-juguetes-bienestar-vibradoresvibradores-hi-tech","12":"yith_product_brand-watchme","14":"first","15":"instock","16":"taxable","17":"shipping-taxable","18":"purchasable","19":"product-type-simple"},"aioseo_notices":[],"_links":{"self":[{"href":"https:\/\/www.mysexualfantasy.eu\/en\/wp-json\/wp\/v2\/product\/36923","targetHints":{"allow":["GET"]}}],"collection":[{"href":"https:\/\/www.mysexualfantasy.eu\/en\/wp-json\/wp\/v2\/product"}],"about":[{"href":"https:\/\/www.mysexualfantasy.eu\/en\/wp-json\/wp\/v2\/types\/product"}],"replies":[{"embeddable":true,"href":"https:\/\/www.mysexualfantasy.eu\/en\/wp-json\/wp\/v2\/comments?post=36923"}],"wp:featuredmedia":[{"embeddable":true,"href":"https:\/\/www.mysexualfantasy.eu\/en\/wp-json\/wp\/v2\/media\/45955"}],"wp:attachment":[{"href":"https:\/\/www.mysexualfantasy.eu\/en\/wp-json\/wp\/v2\/media?parent=36923"}],"wp:term":[{"taxonomy":"product_brand","embeddable":true,"href":"https:\/\/www.mysexualfantasy.eu\/en\/wp-json\/wp\/v2\/product_brand?post=36923"},{"taxonomy":"product_cat","embeddable":true,"href":"https:\/\/www.mysexualfantasy.eu\/en\/wp-json\/wp\/v2\/product_cat?post=36923"},{"taxonomy":"product_tag","embeddable":true,"href":"https:\/\/www.mysexualfantasy.eu\/en\/wp-json\/wp\/v2\/product_tag?post=36923"}],"curies":[{"name":"wp","href":"https:\/\/api.w.org\/{rel}","templated":true}]}}