{"id":36929,"date":"2023-01-13T14:52:34","date_gmt":"2023-01-13T14:52:34","guid":{"rendered":"https:\/\/www.mysexualfantasy.eu\/?post_type=product&#038;p=36929"},"modified":"2023-12-06T16:07:03","modified_gmt":"2023-12-06T16:07:03","slug":"ohmama-estimulador-ondas-clitoris-coral","status":"publish","type":"product","link":"https:\/\/www.mysexualfantasy.eu\/en\/product\/ohmama-estimulador-ondas-clitoris-coral\/","title":{"rendered":"OHMAMA &#8211; ESTIMULADOR ONDAS CLITORIS CORAL"},"content":{"rendered":"<p>\u00a1OH mama! Son las \u00fanicas palabras que podr\u00e1s pronunciar tras haber probado este fabuloso estimulador de cl\u00edtoris. Elige entre sus 10 niveles y las ondas vibradoras har\u00e1n el resto. Empieza por la de menor intensidad y ve subiendo progresivamente hasta alcanzar el orgasmo, despu\u00e9s vendr\u00e1 otro y otro&#8230;\u00a0<\/p>\n<p>Caracter\u00edsticas:<\/p>\n<ul>\n<li>Estimulador de cl\u00edtoris\u00a0<\/li>\n<li>Estimulaci\u00f3n por ondas\u00a0<\/li>\n<li>USB recargable\u00a0<\/li>\n<li>10 niveles de potencia\u00a0<\/li>\n<li>Medidas: 10 x 5.5 cm\u00a0<\/li>\n<li>Suave cubierta de silicona\u00a0<\/li>\n<li>Presentaci\u00f3n. Hygienic Bag 180 (sin caja)\u00a0<\/li>\n<\/ul>\n<p>LA MARCA<\/p>\n<p>La gama de productos OHMAMA es perfecta para regalar. Un producto al alcance de todos con una calidad perfecta. Una combinaci\u00f3n \u00fanica en esta l\u00ednea de juguetes especial para adultos\u00a0<\/p>","protected":false},"excerpt":{"rendered":"<p>OHMAMA &#8211; ESTIMULADOR ONDAS CLITORIS CORAL<\/p>","protected":false},"featured_media":72125,"comment_status":"open","ping_status":"closed","template":"","meta":{"_monsterinsights_skip_tracking":false,"_monsterinsights_sitenote_active":false,"_monsterinsights_sitenote_note":"","_monsterinsights_sitenote_category":0,"_joinchat":[]},"product_brand":[],"product_cat":[1156,1152,1155,1163,1314],"product_tag":[],"class_list":{"0":"post-36929","1":"product","2":"type-product","3":"status-publish","4":"has-post-thumbnail","6":"product_cat-juguetes-bienestar-juguetes-para-mujeresestimuladores","7":"product_cat-juguetes-bienestar","8":"product_cat-juguetes-bienestar-juguetes-para-mujeres","9":"product_cat-juguetes-bienestar-juguetes-para-mujeresestimuladorespara-clitoris","10":"product_cat-juguetes-bienestar-juguetes-para-mujeressuccionadores","11":"yith_product_brand-ohmama","12":"yith_product_brand-ohmamaohmama-stimulating","14":"first","15":"instock","16":"taxable","17":"shipping-taxable","18":"purchasable","19":"product-type-simple"},"aioseo_notices":[],"_links":{"self":[{"href":"https:\/\/www.mysexualfantasy.eu\/en\/wp-json\/wp\/v2\/product\/36929","targetHints":{"allow":["GET"]}}],"collection":[{"href":"https:\/\/www.mysexualfantasy.eu\/en\/wp-json\/wp\/v2\/product"}],"about":[{"href":"https:\/\/www.mysexualfantasy.eu\/en\/wp-json\/wp\/v2\/types\/product"}],"replies":[{"embeddable":true,"href":"https:\/\/www.mysexualfantasy.eu\/en\/wp-json\/wp\/v2\/comments?post=36929"}],"wp:featuredmedia":[{"embeddable":true,"href":"https:\/\/www.mysexualfantasy.eu\/en\/wp-json\/wp\/v2\/media\/72125"}],"wp:attachment":[{"href":"https:\/\/www.mysexualfantasy.eu\/en\/wp-json\/wp\/v2\/media?parent=36929"}],"wp:term":[{"taxonomy":"product_brand","embeddable":true,"href":"https:\/\/www.mysexualfantasy.eu\/en\/wp-json\/wp\/v2\/product_brand?post=36929"},{"taxonomy":"product_cat","embeddable":true,"href":"https:\/\/www.mysexualfantasy.eu\/en\/wp-json\/wp\/v2\/product_cat?post=36929"},{"taxonomy":"product_tag","embeddable":true,"href":"https:\/\/www.mysexualfantasy.eu\/en\/wp-json\/wp\/v2\/product_tag?post=36929"}],"curies":[{"name":"wp","href":"https:\/\/api.w.org\/{rel}","templated":true}]}}