{"id":36932,"date":"2023-01-13T14:39:32","date_gmt":"2023-01-13T14:39:32","guid":{"rendered":"https:\/\/www.mysexualfantasy.eu\/?post_type=product&#038;p=36932"},"modified":"2023-12-06T16:07:05","modified_gmt":"2023-12-06T16:07:05","slug":"ohmama-bala-vibradora-basic-rosa","status":"publish","type":"product","link":"https:\/\/www.mysexualfantasy.eu\/en\/product\/ohmama-bala-vibradora-basic-rosa\/","title":{"rendered":"OHMAMA &#8211; BALA VIBRADORA BASIC ROSA"},"content":{"rendered":"<p>\u00a1Oh mama! A veces la virtud reside en lo m\u00e1s sencillo, y para sencillo pero increiblemente placentero, aqu\u00ed tienes esta bala vibradora.\u00a0Su tama\u00f1o hace que sea perfecto para una estimulaci\u00f3n precisa justo donde m\u00e1s te gusta.<\/p>\n<ul>\n<li>Bala vibradora Rosa\u00a0<\/li>\n<li>Material: PVC\u00a0<\/li>\n<li>Material: Bodysafe\u00a0\u00a0<\/li>\n<li>Presentaci\u00f3n en bolsa (no caja)\u00a0<\/li>\n<li>Medidas: 110 x 23 mm\u00a0<\/li>\n<li>Funciona con pilas AA<\/li>\n<li>Para un placer \u00f3ptimo a\u00f1ade Lubricante base agua (Ohmama recomienda el uso de los lubricantes base agua de la marca\u00a0<strong>Waterfeel)<\/strong>\u00a0<\/li>\n<\/ul>\n<p>LA MARCA<\/p>\n<p>La gama de productos\u00a0<strong>OHMAMA<\/strong>\u00a0es perfecta para regalar. Un producto al alcance de todos con una calidad perfecta. Una combinaci\u00f3n \u00fanica en esta l\u00ednea de juguetes para adultos.\u00a0<\/p>","protected":false},"excerpt":{"rendered":"<p>OHMAMA &#8211; VIBRATING BULLET BASIC PINK<\/p>","protected":false},"featured_media":69928,"comment_status":"open","ping_status":"closed","template":"","meta":{"_monsterinsights_skip_tracking":false,"_monsterinsights_sitenote_active":false,"_monsterinsights_sitenote_note":"","_monsterinsights_sitenote_category":0,"_joinchat":[]},"product_brand":[],"product_cat":[1193,1311,1156,1152,1155,1294,1163,1153,1292],"product_tag":[],"class_list":{"0":"post-36932","1":"product","2":"type-product","3":"status-publish","4":"has-post-thumbnail","6":"product_cat-juguetes-bienestar-vibradores100-sumergible","7":"product_cat-juguetes-bienestar-juguetes-para-mujeresestimuladoresbalas-vibradoras","8":"product_cat-juguetes-bienestar-juguetes-para-mujeresestimuladores","9":"product_cat-juguetes-bienestar","10":"product_cat-juguetes-bienestar-juguetes-para-mujeres","11":"product_cat-juguetes-bienestar-vibradoresmini-vibradores","12":"product_cat-juguetes-bienestar-juguetes-para-mujeresestimuladorespara-clitoris","13":"product_cat-juguetes-bienestar-vibradores","14":"product_cat-juguetes-bienestar-vibradoresvibradores-clasicos-anales-o-vaginales","15":"yith_product_brand-ohmama","16":"yith_product_brand-ohmamaohmama-stimulating","18":"first","19":"instock","20":"taxable","21":"shipping-taxable","22":"purchasable","23":"product-type-simple"},"aioseo_notices":[],"_links":{"self":[{"href":"https:\/\/www.mysexualfantasy.eu\/en\/wp-json\/wp\/v2\/product\/36932","targetHints":{"allow":["GET"]}}],"collection":[{"href":"https:\/\/www.mysexualfantasy.eu\/en\/wp-json\/wp\/v2\/product"}],"about":[{"href":"https:\/\/www.mysexualfantasy.eu\/en\/wp-json\/wp\/v2\/types\/product"}],"replies":[{"embeddable":true,"href":"https:\/\/www.mysexualfantasy.eu\/en\/wp-json\/wp\/v2\/comments?post=36932"}],"wp:featuredmedia":[{"embeddable":true,"href":"https:\/\/www.mysexualfantasy.eu\/en\/wp-json\/wp\/v2\/media\/69928"}],"wp:attachment":[{"href":"https:\/\/www.mysexualfantasy.eu\/en\/wp-json\/wp\/v2\/media?parent=36932"}],"wp:term":[{"taxonomy":"product_brand","embeddable":true,"href":"https:\/\/www.mysexualfantasy.eu\/en\/wp-json\/wp\/v2\/product_brand?post=36932"},{"taxonomy":"product_cat","embeddable":true,"href":"https:\/\/www.mysexualfantasy.eu\/en\/wp-json\/wp\/v2\/product_cat?post=36932"},{"taxonomy":"product_tag","embeddable":true,"href":"https:\/\/www.mysexualfantasy.eu\/en\/wp-json\/wp\/v2\/product_tag?post=36932"}],"curies":[{"name":"wp","href":"https:\/\/api.w.org\/{rel}","templated":true}]}}