{"id":36943,"date":"2023-01-13T14:21:36","date_gmt":"2023-01-13T14:21:36","guid":{"rendered":"https:\/\/www.mysexualfantasy.eu\/?post_type=product&#038;p=36943"},"modified":"2023-12-06T16:07:08","modified_gmt":"2023-12-06T16:07:08","slug":"satisfyer-ultra-power-bullet-5-bala-vibradora-violeta","status":"publish","type":"product","link":"https:\/\/www.mysexualfantasy.eu\/en\/product\/satisfyer-ultra-power-bullet-5-bala-vibradora-violeta\/","title":{"rendered":"SATISFYER ULTRA POWER BULLET 5 BALA VIBRADORA VIOLETA"},"content":{"rendered":"<p>El Ultra Power Bullet 5 sabe c\u00f3mo complacerte a fondo con vibraciones profundas. Gracias al dise\u00f1o acolchado y la forma voluminosa, este mini vibrador asegura una buena sujeci\u00f3n y le permite disfrutar de una variedad de placeres.<\/p>\n<p><strong>Informaci\u00f3n del producto \u00abUltra Power Bullet 5\u00bb<\/strong><\/p>\n<ul>\n<li>Los potentes patrones de vibraci\u00f3n proporcionan una intensa estimulaci\u00f3n del cl\u00edtoris.<\/li>\n<li>Gracias a su acabado impermeable (IPX7), este juguete se puede utilizar de forma segura en el agua y es f\u00e1cil de limpiar.<\/li>\n<li>Hecho de silicona de grado m\u00e9dico s\u00faper suave, agradable para el cuerpo, suave al tacto y extremadamente higi\u00e9nica<\/li>\n<li>Garant\u00eda de 15 a\u00f1os<\/li>\n<li>Estimulaci\u00f3n del cl\u00edtoris a trav\u00e9s de potentes vibraciones.<\/li>\n<li>12 programas de vibraci\u00f3n<\/li>\n<li>Silicona respetuosa con el cuerpo<\/li>\n<li>Resistente al agua (IPX7)<\/li>\n<li>Modo de susurro<\/li>\n<li>Bater\u00eda recargable de iones de litio<\/li>\n<li>Cable de carga USB magn\u00e9tico incluido<\/li>\n<li>F\u00e1cil de limpiar<\/li>\n<\/ul>\n<p><strong>Qu\u00e9 ofrece la Ultra Power Bullet 5?<\/strong><\/p>\n<p>Vibraciones intensas, operaci\u00f3n intuitiva con un solo toque y un tama\u00f1o manejable: el Ultra Power Bullet 5 gana puntos con un dise\u00f1o que lo convierte en un gran compa\u00f1ero para principiantes y usuarios avanzados. Su punta redondeada es perfecta para la estimulaci\u00f3n del cl\u00edtoris precisa, que es especialmente caliente y diversa gracias a 5 velocidades y 7 patrones de vibraci\u00f3n. Le gustar\u00eda estimular grandes zonas er\u00f3genas? Luego use la forma voluminosa del vibrador de bala en un \u00e1ngulo diferente y disfrute de la sensaci\u00f3n de hormigueo de su superficie acolchada en su piel.<\/p>\n<p><strong>Satisfyer Ultra Power Bullet 5: Mini vibrador para llevar<\/strong><\/p>\n<p>Usted decide no solo c\u00f3mo, sino tambi\u00e9n d\u00f3nde le dar\u00e1 placer el Satisfyer Ultra Power Bullet 5 porque el tama\u00f1o pr\u00e1ctico significa que tambi\u00e9n puede llevarlo con usted en un bolso peque\u00f1o. Para que no tenga que prescindir de su amante cuando viaje. El dise\u00f1o resistente al agua (IPX7) significa que el vibrador de bala no solo es f\u00e1cil de limpiar con agua y un poco de jab\u00f3n, sino que tambi\u00e9n le dar\u00e1 placer en la ducha o la ba\u00f1era. Si la peque\u00f1a central el\u00e9ctrica se queda sin energ\u00eda, puede cargar la bater\u00eda integrada con el cable de carga USB incluido.<\/p>","protected":false},"excerpt":{"rendered":"<p>SATISFYER ULTRA POWER BULLET 5 &#8211; VIOLETT<\/p>","protected":false},"featured_media":66823,"comment_status":"open","ping_status":"closed","template":"","meta":{"_monsterinsights_skip_tracking":false,"_monsterinsights_sitenote_active":false,"_monsterinsights_sitenote_note":"","_monsterinsights_sitenote_category":0,"_joinchat":[]},"product_brand":[],"product_cat":[1193,1311,1156,1152,1155,1153],"product_tag":[],"class_list":{"0":"post-36943","1":"product","2":"type-product","3":"status-publish","4":"has-post-thumbnail","6":"product_cat-juguetes-bienestar-vibradores100-sumergible","7":"product_cat-juguetes-bienestar-juguetes-para-mujeresestimuladoresbalas-vibradoras","8":"product_cat-juguetes-bienestar-juguetes-para-mujeresestimuladores","9":"product_cat-juguetes-bienestar","10":"product_cat-juguetes-bienestar-juguetes-para-mujeres","11":"product_cat-juguetes-bienestar-vibradores","12":"yith_product_brand-satisfyer","13":"yith_product_brand-satisfyer-satisfyer-vibrator","15":"first","16":"instock","17":"taxable","18":"shipping-taxable","19":"purchasable","20":"product-type-simple"},"aioseo_notices":[],"_links":{"self":[{"href":"https:\/\/www.mysexualfantasy.eu\/en\/wp-json\/wp\/v2\/product\/36943","targetHints":{"allow":["GET"]}}],"collection":[{"href":"https:\/\/www.mysexualfantasy.eu\/en\/wp-json\/wp\/v2\/product"}],"about":[{"href":"https:\/\/www.mysexualfantasy.eu\/en\/wp-json\/wp\/v2\/types\/product"}],"replies":[{"embeddable":true,"href":"https:\/\/www.mysexualfantasy.eu\/en\/wp-json\/wp\/v2\/comments?post=36943"}],"wp:featuredmedia":[{"embeddable":true,"href":"https:\/\/www.mysexualfantasy.eu\/en\/wp-json\/wp\/v2\/media\/66823"}],"wp:attachment":[{"href":"https:\/\/www.mysexualfantasy.eu\/en\/wp-json\/wp\/v2\/media?parent=36943"}],"wp:term":[{"taxonomy":"product_brand","embeddable":true,"href":"https:\/\/www.mysexualfantasy.eu\/en\/wp-json\/wp\/v2\/product_brand?post=36943"},{"taxonomy":"product_cat","embeddable":true,"href":"https:\/\/www.mysexualfantasy.eu\/en\/wp-json\/wp\/v2\/product_cat?post=36943"},{"taxonomy":"product_tag","embeddable":true,"href":"https:\/\/www.mysexualfantasy.eu\/en\/wp-json\/wp\/v2\/product_tag?post=36943"}],"curies":[{"name":"wp","href":"https:\/\/api.w.org\/{rel}","templated":true}]}}