{"id":36949,"date":"2023-01-13T14:21:41","date_gmt":"2023-01-13T14:21:41","guid":{"rendered":"https:\/\/www.mysexualfantasy.eu\/?post_type=product&#038;p=36949"},"modified":"2023-12-06T16:07:09","modified_gmt":"2023-12-06T16:07:09","slug":"satisfyer-ultra-power-bullet-7-bala-vibradora-verde","status":"publish","type":"product","link":"https:\/\/www.mysexualfantasy.eu\/en\/product\/satisfyer-ultra-power-bullet-7-bala-vibradora-verde\/","title":{"rendered":"SATISFYER ULTRA POWER BULLET 7 BALA VIBRADORA VERDE"},"content":{"rendered":"<p>El Ultra Power Bullet 7 de la l\u00ednea de mini vibradores de Satisfyer tiene un potente motor que pulsa su punta ancha y ligeramente curvada para crear una sensaci\u00f3n irresistible similar a la de una lengua.<\/p>\n<p><strong>Informaci\u00f3n del producto \u00abUltra Power Bullet 7\u00bb<\/strong><\/p>\n<ul>\n<li>Los potentes patrones de vibraci\u00f3n proporcionan una intensa estimulaci\u00f3n del cl\u00edtoris.<\/li>\n<li>Gracias a su acabado impermeable (IPX7), este juguete se puede utilizar de forma segura en el agua y es f\u00e1cil de limpiar.<\/li>\n<li>Hecho de silicona de grado m\u00e9dico s\u00faper suave, agradable para el cuerpo, suave al tacto y extremadamente higi\u00e9nica<\/li>\n<li>Garant\u00eda de 15 a\u00f1os<\/li>\n<li>Estimulaci\u00f3n del cl\u00edtoris a trav\u00e9s de potentes vibraciones.<\/li>\n<li>12 programas de vibraci\u00f3n<\/li>\n<li>Silicona respetuosa con el cuerpo<\/li>\n<li>Resistente al agua (IPX7)<\/li>\n<li>Modo de susurro<\/li>\n<li>Bater\u00eda recargable de iones de litio<\/li>\n<li>Cable de carga USB magn\u00e9tico incluido<\/li>\n<li>F\u00e1cil de limpiar<\/li>\n<\/ul>\n<p><strong>Satisfyer Ultra Power Bullet 7: Estimulaci\u00f3n intensa del cl\u00edtoris<\/strong><\/p>\n<p>Con su punta ancha hecha de silicona higi\u00e9nica y delicada, Satisfyer Ultra Power Bullet 7 se desliza suavemente sobre sus zonas er\u00f3genas, mostr\u00e1ndole lo que puede hacer, especialmente cuando se trata de estimulaci\u00f3n del cl\u00edtoris. Su potente motor hace vibrar la punta y, combinado con la forma ligeramente curva del mini vibrador, desencadena sensaciones de lengua. Depende de usted qu\u00e9 tan suave o vigorosamente le complazca; puede elegir el programa que m\u00e1s le convenga entre 5 velocidades diferentes y 7 patrones de vibraci\u00f3n. Como todos los vibradores de bala Satisfyer, el Ultra Power Bullet 7 es un compa\u00f1ero discreto para llevar. Con su tama\u00f1o manejable, cabe f\u00e1cilmente en un bolso o equipaje y puede hechizarlo en todas partes con sus vibraciones fuertes y profundas.<\/p>\n<p><strong>Otras excelentes caracter\u00edsticas del Satisfyer Ultra Power Bullet 7<\/strong><\/p>\n<p>Gracias a su dise\u00f1o resistente al agua (IPX7), Satisfyer Ultra Power Bullet 7 tambi\u00e9n puede brindar un placer confiable en la ducha o la ba\u00f1era. Despu\u00e9s de usarlo, simplemente limpie el mini vibrador con agua tibia y gu\u00e1rdelo para su pr\u00f3xima sesi\u00f3n. Si alguna vez se queda sin vapor, puede recargar la bater\u00eda integrada con el cable de carga USB incluido; es f\u00e1cil y respetuoso con el medio ambiente.<\/p>","protected":false},"excerpt":{"rendered":"<p>SATISFYER ULTRA POWER BULLET 7 &#8211; GREEN<\/p>","protected":false},"featured_media":66839,"comment_status":"open","ping_status":"closed","template":"","meta":{"_monsterinsights_skip_tracking":false,"_monsterinsights_sitenote_active":false,"_monsterinsights_sitenote_note":"","_monsterinsights_sitenote_category":0,"_joinchat":[]},"product_brand":[],"product_cat":[1193,1311,1156,1152,1155,1153],"product_tag":[],"class_list":{"0":"post-36949","1":"product","2":"type-product","3":"status-publish","4":"has-post-thumbnail","6":"product_cat-juguetes-bienestar-vibradores100-sumergible","7":"product_cat-juguetes-bienestar-juguetes-para-mujeresestimuladoresbalas-vibradoras","8":"product_cat-juguetes-bienestar-juguetes-para-mujeresestimuladores","9":"product_cat-juguetes-bienestar","10":"product_cat-juguetes-bienestar-juguetes-para-mujeres","11":"product_cat-juguetes-bienestar-vibradores","12":"yith_product_brand-satisfyer","13":"yith_product_brand-satisfyer-satisfyer-vibrator","15":"first","16":"instock","17":"taxable","18":"shipping-taxable","19":"purchasable","20":"product-type-simple"},"aioseo_notices":[],"_links":{"self":[{"href":"https:\/\/www.mysexualfantasy.eu\/en\/wp-json\/wp\/v2\/product\/36949","targetHints":{"allow":["GET"]}}],"collection":[{"href":"https:\/\/www.mysexualfantasy.eu\/en\/wp-json\/wp\/v2\/product"}],"about":[{"href":"https:\/\/www.mysexualfantasy.eu\/en\/wp-json\/wp\/v2\/types\/product"}],"replies":[{"embeddable":true,"href":"https:\/\/www.mysexualfantasy.eu\/en\/wp-json\/wp\/v2\/comments?post=36949"}],"wp:featuredmedia":[{"embeddable":true,"href":"https:\/\/www.mysexualfantasy.eu\/en\/wp-json\/wp\/v2\/media\/66839"}],"wp:attachment":[{"href":"https:\/\/www.mysexualfantasy.eu\/en\/wp-json\/wp\/v2\/media?parent=36949"}],"wp:term":[{"taxonomy":"product_brand","embeddable":true,"href":"https:\/\/www.mysexualfantasy.eu\/en\/wp-json\/wp\/v2\/product_brand?post=36949"},{"taxonomy":"product_cat","embeddable":true,"href":"https:\/\/www.mysexualfantasy.eu\/en\/wp-json\/wp\/v2\/product_cat?post=36949"},{"taxonomy":"product_tag","embeddable":true,"href":"https:\/\/www.mysexualfantasy.eu\/en\/wp-json\/wp\/v2\/product_tag?post=36949"}],"curies":[{"name":"wp","href":"https:\/\/api.w.org\/{rel}","templated":true}]}}