{"id":36961,"date":"2023-01-13T14:24:39","date_gmt":"2023-01-13T14:24:39","guid":{"rendered":"https:\/\/www.mysexualfantasy.eu\/?post_type=product&#038;p=36961"},"modified":"2023-12-06T15:31:49","modified_gmt":"2023-12-06T15:31:49","slug":"ohmama-set-5-bolas-ejercicio-kegel","status":"publish","type":"product","link":"https:\/\/www.mysexualfantasy.eu\/en\/product\/ohmama-set-5-bolas-ejercicio-kegel\/","title":{"rendered":"OHMAMA &#8211; SET 5 BOLAS EJERCICIO KEGEL"},"content":{"rendered":"<p>\u00a1Oh mama! Sabemos que hay pocas cosas mejores que un buen orgasmo y de la importancia de mantener una buena salud sexual\u00a0por sus numerosas ventajas, ya que mejora el flujo sangu\u00edneo, levanta el \u00e1nimo, favorece el sue\u00f1o, mantiene sano el cerebro, es un analg\u00e9sico natural, disminuye el estr\u00e9s, ademas de otorgar bienestar y mejorar la salud emocional.<\/p>\n<p>\u00a1Somos conscientes de todo esto, por eso con la gama de juguetes\u00a0<strong>Ohmama<\/strong>\u00a0te ayudaremos para que puedas conseguirlo!<\/p>\n<p><strong>Caracter\u00edsticas\u00a0<\/strong><\/p>\n<ul>\n<li>Bolas ejercicios Kegel\u00a0<\/li>\n<li>Incluye 5 bolas<\/li>\n<li>Aumenta el peso seg\u00fan la intensidad del color\u00a0<\/li>\n<li>Pesos:\u00a0\n<ul>\n<li>Bola 1: 40 gr<\/li>\n<li>Bola 2: 60 gr<\/li>\n<li>Bola 3: 80 gr<\/li>\n<li>Bola 4: 100 gr<\/li>\n<li>Bola 5: 120 gr<\/li>\n<\/ul>\n<\/li>\n<li>Presentaci\u00f3n en bolsa higi\u00e9nica precintada\u00a0<\/li>\n<li>Medidas:\n<ul>\n<li>Total: 17 cm\u00a0<\/li>\n<li>Insertable: 7 cm\u00a0<\/li>\n<li>Di\u00e1metro: 3.4 cm\u00a0<\/li>\n<\/ul>\n<\/li>\n<li>Cord\u00f3n resistente para extracci\u00f3n segura.\u00a0<\/li>\n<li>Para su uso, es preciso\u00a0una correcta lubricaci\u00f3n. Ohmama recomienda los lubricantes de las marcas Waterfeel, Aqua Quality o Bio Aqua.\u00a0<\/li>\n<\/ul>\n<p><strong>LA MARCA<\/strong><\/p>\n<p>La gama de productos\u00a0OHMAMA\u00a0es perfecta para regalar. Un producto al alcance de todos con una calidad perfecta. Una combinaci\u00f3n \u00fanica en esta l\u00ednea de juguetes para adultos.\u00a0<\/p>","protected":false},"excerpt":{"rendered":"<p>OHMAMA &#8211; 5 BALLS KEGEL EXERCISE<\/p>","protected":false},"featured_media":67313,"comment_status":"open","ping_status":"closed","template":"","meta":{"_monsterinsights_skip_tracking":false,"_monsterinsights_sitenote_active":false,"_monsterinsights_sitenote_note":"","_monsterinsights_sitenote_category":0,"_joinchat":[]},"product_brand":[],"product_cat":[1158,1265,1152],"product_tag":[],"class_list":{"0":"post-36961","1":"product","2":"type-product","3":"status-publish","4":"has-post-thumbnail","6":"product_cat-juguetes-bienestar-bolas","7":"product_cat-juguetes-bienestar-bolasbolas-silicona","8":"product_cat-juguetes-bienestar","9":"yith_product_brand-ohmama","10":"yith_product_brand-ohmamaohmama-stimulating","12":"first","13":"instock","14":"taxable","15":"shipping-taxable","16":"purchasable","17":"product-type-simple"},"aioseo_notices":[],"_links":{"self":[{"href":"https:\/\/www.mysexualfantasy.eu\/en\/wp-json\/wp\/v2\/product\/36961","targetHints":{"allow":["GET"]}}],"collection":[{"href":"https:\/\/www.mysexualfantasy.eu\/en\/wp-json\/wp\/v2\/product"}],"about":[{"href":"https:\/\/www.mysexualfantasy.eu\/en\/wp-json\/wp\/v2\/types\/product"}],"replies":[{"embeddable":true,"href":"https:\/\/www.mysexualfantasy.eu\/en\/wp-json\/wp\/v2\/comments?post=36961"}],"wp:featuredmedia":[{"embeddable":true,"href":"https:\/\/www.mysexualfantasy.eu\/en\/wp-json\/wp\/v2\/media\/67313"}],"wp:attachment":[{"href":"https:\/\/www.mysexualfantasy.eu\/en\/wp-json\/wp\/v2\/media?parent=36961"}],"wp:term":[{"taxonomy":"product_brand","embeddable":true,"href":"https:\/\/www.mysexualfantasy.eu\/en\/wp-json\/wp\/v2\/product_brand?post=36961"},{"taxonomy":"product_cat","embeddable":true,"href":"https:\/\/www.mysexualfantasy.eu\/en\/wp-json\/wp\/v2\/product_cat?post=36961"},{"taxonomy":"product_tag","embeddable":true,"href":"https:\/\/www.mysexualfantasy.eu\/en\/wp-json\/wp\/v2\/product_tag?post=36961"}],"curies":[{"name":"wp","href":"https:\/\/api.w.org\/{rel}","templated":true}]}}