{"id":36963,"date":"2023-01-13T14:52:39","date_gmt":"2023-01-13T14:52:39","guid":{"rendered":"https:\/\/www.mysexualfantasy.eu\/?post_type=product&#038;p=36963"},"modified":"2023-12-06T16:07:14","modified_gmt":"2023-12-06T16:07:14","slug":"ohmama-estimulador-de-clitoris-patito-amarillo","status":"publish","type":"product","link":"https:\/\/www.mysexualfantasy.eu\/en\/product\/ohmama-estimulador-de-clitoris-patito-amarillo\/","title":{"rendered":"OHMAMA &#8211; MY DUCK RECARGABLE AMARILLO"},"content":{"rendered":"<p>\u00a1Oh mama! Sabemos que hay pocas cosas mejores que un buen orgasmo y de la importancia de mantener una buena salud sexual\u00a0por sus numerosas ventajas, ya que mejora el flujo sangu\u00edneo, levanta el \u00e1nimo, favorece el sue\u00f1o, mantiene sano el cerebro, es un analg\u00e9sico natural, disminuye el estr\u00e9s, ademas de otorgar bienestar y mejorar la salud emocional.<\/p>\n<p>\u00a1Somos conscientes de todo esto, por eso con la gama de juguetes\u00a0<strong>Ohmama<\/strong>\u00a0te ayudaremos para que puedas conseguirlo!<\/p>\n<p><strong>Caracter\u00edsticas\u00a0<\/strong><\/p>\n<ul>\n<li>Adorable Patito \u00absuccionador\u00bb\u00a0<\/li>\n<li>Estimulador de cl\u00edtoris por ondas<\/li>\n<li>10 patrones\u00a0<\/li>\n<li>USB\u00a0recargable<\/li>\n<li>Material: Silicona hipoalerg\u00e9nica\u00a0<\/li>\n<li>Tacto super suave\u00a0<\/li>\n<li>Presentaci\u00f3n en bolsa higi\u00e9nica precintada\u00a0<\/li>\n<li>Medidas: 9 x 4.5 cm\u00a0<\/li>\n<\/ul>\n<p><strong>LA MARCA<\/strong><\/p>\n<p>La gama de productos\u00a0OHMAMA\u00a0es perfecta para regalar. Un producto al alcance de todos con una calidad perfecta. Una combinaci\u00f3n \u00fanica en esta l\u00ednea de juguetes para adultos.\u00a0<\/p>","protected":false},"excerpt":{"rendered":"<p>OHMAMA &#8211; MY DUCK CLITORAL STIMULATOR DUCKLING YELLOW<\/p>","protected":false},"featured_media":72135,"comment_status":"open","ping_status":"closed","template":"","meta":{"_monsterinsights_skip_tracking":false,"_monsterinsights_sitenote_active":false,"_monsterinsights_sitenote_note":"","_monsterinsights_sitenote_category":0,"_joinchat":[]},"product_brand":[],"product_cat":[1156,1152,1155,1163,1314],"product_tag":[],"class_list":{"0":"post-36963","1":"product","2":"type-product","3":"status-publish","4":"has-post-thumbnail","6":"product_cat-juguetes-bienestar-juguetes-para-mujeresestimuladores","7":"product_cat-juguetes-bienestar","8":"product_cat-juguetes-bienestar-juguetes-para-mujeres","9":"product_cat-juguetes-bienestar-juguetes-para-mujeresestimuladorespara-clitoris","10":"product_cat-juguetes-bienestar-juguetes-para-mujeressuccionadores","11":"yith_product_brand-ohmama","12":"yith_product_brand-ohmamaohmama-stimulating","14":"first","15":"instock","16":"taxable","17":"shipping-taxable","18":"purchasable","19":"product-type-simple"},"aioseo_notices":[],"_links":{"self":[{"href":"https:\/\/www.mysexualfantasy.eu\/en\/wp-json\/wp\/v2\/product\/36963","targetHints":{"allow":["GET"]}}],"collection":[{"href":"https:\/\/www.mysexualfantasy.eu\/en\/wp-json\/wp\/v2\/product"}],"about":[{"href":"https:\/\/www.mysexualfantasy.eu\/en\/wp-json\/wp\/v2\/types\/product"}],"replies":[{"embeddable":true,"href":"https:\/\/www.mysexualfantasy.eu\/en\/wp-json\/wp\/v2\/comments?post=36963"}],"wp:featuredmedia":[{"embeddable":true,"href":"https:\/\/www.mysexualfantasy.eu\/en\/wp-json\/wp\/v2\/media\/72135"}],"wp:attachment":[{"href":"https:\/\/www.mysexualfantasy.eu\/en\/wp-json\/wp\/v2\/media?parent=36963"}],"wp:term":[{"taxonomy":"product_brand","embeddable":true,"href":"https:\/\/www.mysexualfantasy.eu\/en\/wp-json\/wp\/v2\/product_brand?post=36963"},{"taxonomy":"product_cat","embeddable":true,"href":"https:\/\/www.mysexualfantasy.eu\/en\/wp-json\/wp\/v2\/product_cat?post=36963"},{"taxonomy":"product_tag","embeddable":true,"href":"https:\/\/www.mysexualfantasy.eu\/en\/wp-json\/wp\/v2\/product_tag?post=36963"}],"curies":[{"name":"wp","href":"https:\/\/api.w.org\/{rel}","templated":true}]}}