{"id":36967,"date":"2023-01-13T13:42:48","date_gmt":"2023-01-13T13:42:48","guid":{"rendered":"https:\/\/www.mysexualfantasy.eu\/?post_type=product&#038;p=36967"},"modified":"2023-12-06T15:42:41","modified_gmt":"2023-12-06T15:42:41","slug":"ohmama-masturbador-para-el-vagina","status":"publish","type":"product","link":"https:\/\/www.mysexualfantasy.eu\/en\/product\/ohmama-masturbador-para-el-vagina\/","title":{"rendered":"OHMAMA &#8211; MASTURBADOR PARA EL VAGINA"},"content":{"rendered":"<p>\u00a1Oh mama! Sabemos que hay pocas cosas mejores que un buen orgasmo y de la importancia de mantener una buena salud sexual\u00a0por sus numerosas ventajas, ya que mejora el flujo sangu\u00edneo, levanta el \u00e1nimo, favorece el sue\u00f1o, mantiene sano el cerebro, es un analg\u00e9sico natural, disminuye el estr\u00e9s, ademas de otorgar bienestar y mejorar la salud emocional.<\/p>\n<p>\u00a1Somos conscientes de todo esto, por eso con la gama de juguetes\u00a0<strong>Ohmama<\/strong>\u00a0te ayudaremos para que puedas conseguirlo!<\/p>\n<p><strong>Caracter\u00edsticas\u00a0<\/strong><\/p>\n<ul>\n<li>Masturbador masculino\u00a0<\/li>\n<li>Material real\u00edstico cyberskin\u00a0<\/li>\n<li>Reutilizable\u00a0<\/li>\n<li>Sensaci\u00f3n real\u00edstica<\/li>\n<li>Material flexible. Permite estrujar el eje aumentando las sensaciones\u00a0<\/li>\n<li>Interior texturado\u00a0<\/li>\n<li>Bodysafe<\/li>\n<li>Sin parabenos ni ftalatos\u00a0<\/li>\n<li>Presentaci\u00f3n en bolsa higi\u00e9nica precintada\u00a0<\/li>\n<li>Medidas:\n<ul>\n<li>Di\u00e1metro: 6 cm\u00a0<\/li>\n<li>Longitud total: 14 cm<\/li>\n<\/ul>\n<\/li>\n<\/ul>\n<ul>\n<li>Para su uso, es preciso\u00a0una correcta lubricaci\u00f3n. Ohmama recomienda los lubricantes de las marcas Waterfeel, Aqua Quality o Bio Aqua.\u00a0<\/li>\n<li>Limpiar despu\u00e9s de usar con agua tibia y jab\u00f3n PH neutro\u00a0<\/li>\n<\/ul>\n<p><strong>LA MARCA<\/strong><\/p>\n<p>La gama de productos\u00a0OHMAMA\u00a0es perfecta para regalar. Un producto al alcance de todos con una calidad perfecta. Una combinaci\u00f3n \u00fanica en esta l\u00ednea de juguetes para adultos.\u00a0<\/p>","protected":false},"excerpt":{"rendered":"<p>OHMAMA &#8211; MASTURBATOR FOR HIM VAGINA<\/p>","protected":false},"featured_media":60787,"comment_status":"open","ping_status":"closed","template":"","meta":{"_monsterinsights_skip_tracking":false,"_monsterinsights_sitenote_active":false,"_monsterinsights_sitenote_note":"","_monsterinsights_sitenote_category":0,"_joinchat":[]},"product_brand":[],"product_cat":[1152,1160,1167,1168],"product_tag":[],"class_list":{"0":"post-36967","1":"product","2":"type-product","3":"status-publish","4":"has-post-thumbnail","6":"product_cat-juguetes-bienestar","7":"product_cat-juguetes-bienestar-juguetes-para-hombres","8":"product_cat-juguetes-bienestar-juguetes-para-hombresmasturbadores-para-ellos","9":"product_cat-juguetes-bienestar-juguetes-para-hombresvaginas-y-anos","10":"yith_product_brand-ohmama","11":"yith_product_brand-ohmamaohmama-for-him","13":"first","14":"instock","15":"taxable","16":"shipping-taxable","17":"purchasable","18":"product-type-simple"},"aioseo_notices":[],"_links":{"self":[{"href":"https:\/\/www.mysexualfantasy.eu\/en\/wp-json\/wp\/v2\/product\/36967","targetHints":{"allow":["GET"]}}],"collection":[{"href":"https:\/\/www.mysexualfantasy.eu\/en\/wp-json\/wp\/v2\/product"}],"about":[{"href":"https:\/\/www.mysexualfantasy.eu\/en\/wp-json\/wp\/v2\/types\/product"}],"replies":[{"embeddable":true,"href":"https:\/\/www.mysexualfantasy.eu\/en\/wp-json\/wp\/v2\/comments?post=36967"}],"wp:featuredmedia":[{"embeddable":true,"href":"https:\/\/www.mysexualfantasy.eu\/en\/wp-json\/wp\/v2\/media\/60787"}],"wp:attachment":[{"href":"https:\/\/www.mysexualfantasy.eu\/en\/wp-json\/wp\/v2\/media?parent=36967"}],"wp:term":[{"taxonomy":"product_brand","embeddable":true,"href":"https:\/\/www.mysexualfantasy.eu\/en\/wp-json\/wp\/v2\/product_brand?post=36967"},{"taxonomy":"product_cat","embeddable":true,"href":"https:\/\/www.mysexualfantasy.eu\/en\/wp-json\/wp\/v2\/product_cat?post=36967"},{"taxonomy":"product_tag","embeddable":true,"href":"https:\/\/www.mysexualfantasy.eu\/en\/wp-json\/wp\/v2\/product_tag?post=36967"}],"curies":[{"name":"wp","href":"https:\/\/api.w.org\/{rel}","templated":true}]}}