{"id":36975,"date":"2023-01-13T14:39:44","date_gmt":"2023-01-13T14:39:44","guid":{"rendered":"https:\/\/www.mysexualfantasy.eu\/?post_type=product&#038;p=36975"},"modified":"2023-12-06T16:07:16","modified_gmt":"2023-12-06T16:07:16","slug":"ohmama-funda-pene-texturada-con-bala-vibradora-2","status":"publish","type":"product","link":"https:\/\/www.mysexualfantasy.eu\/en\/product\/ohmama-funda-pene-texturada-con-bala-vibradora-2\/","title":{"rendered":"OHMAMA &#8211; FUNDA PENE TEXTURADA CON BALA VIBRADORA PUNTA ANCHA"},"content":{"rendered":"<p>\u00a1Oh mama! Sabemos que hay pocas cosas mejores que un buen orgasmo y de la importancia de mantener una buena salud sexual\u00a0por sus numerosas ventajas, ya que mejora el flujo sangu\u00edneo, levanta el \u00e1nimo, favorece el sue\u00f1o, mantiene sano el cerebro, es un analg\u00e9sico natural, disminuye el estr\u00e9s, ademas de otorgar bienestar y mejorar la salud emocional.<\/p>\n<p>\u00a1Somos conscientes de todo esto, por eso con la gama de juguetes\u00a0<strong>Ohmama<\/strong>\u00a0te ayudaremos para que puedas conseguirlo!<\/p>\n<p><strong>Caracter\u00edsticas\u00a0<\/strong><\/p>\n<ul>\n<li>Funda para pene con bala vibradora<\/li>\n<li>Texturada\u00a0<\/li>\n<li>Material flexible\u00a0<\/li>\n<li>Con bala vibradora para la estimulaci\u00f3n del cl\u00edtoris\u00a0<\/li>\n<li>Gana en duraci\u00f3n, tama\u00f1o y \u00a1placer para ambos!\u00a0<\/li>\n<li>Bodysafe<\/li>\n<li>Sin parabenos ni ftalatos\u00a0<\/li>\n<li>Presentaci\u00f3n en bolsa higi\u00e9nica precintada\u00a0<\/li>\n<li>Medidas:\n<ul>\n<li>Di\u00e1metro: 4.5 cm\u00a0<\/li>\n<li>Longitud total: 14\u00a0cm<\/li>\n<\/ul>\n<\/li>\n<\/ul>\n<p><strong>LA MARCA<\/strong><\/p>\n<p>La gama de productos\u00a0OHMAMA\u00a0es perfecta para regalar. Un producto al alcance de todos con una calidad perfecta. Una combinaci\u00f3n \u00fanica en esta l\u00ednea de juguetes para adultos.\u00a0<\/p>","protected":false},"excerpt":{"rendered":"<p>OHMAMA &#8211; TEXTURED PENIS SLEEVE WITH VIBRATING BULLET<\/p>","protected":false},"featured_media":69953,"comment_status":"open","ping_status":"closed","template":"","meta":{"_monsterinsights_skip_tracking":false,"_monsterinsights_sitenote_active":false,"_monsterinsights_sitenote_note":"","_monsterinsights_sitenote_category":0,"_joinchat":[]},"product_brand":[],"product_cat":[1170,1156,1298,1152,1160,1155,1163],"product_tag":[],"class_list":{"0":"post-36975","1":"product","2":"type-product","3":"status-publish","4":"has-post-thumbnail","6":"product_cat-juguetes-bienestar-juguetes-para-hombresaccesorios-para-el-pene","7":"product_cat-juguetes-bienestar-juguetes-para-mujeresestimuladores","8":"product_cat-juguetes-bienestar-juguetes-para-hombresaccesorios-para-el-penefundas","9":"product_cat-juguetes-bienestar","10":"product_cat-juguetes-bienestar-juguetes-para-hombres","11":"product_cat-juguetes-bienestar-juguetes-para-mujeres","12":"product_cat-juguetes-bienestar-juguetes-para-mujeresestimuladorespara-clitoris","13":"yith_product_brand-ohmama","14":"yith_product_brand-ohmamaohmama-stimulating","16":"first","17":"instock","18":"taxable","19":"shipping-taxable","20":"purchasable","21":"product-type-simple"},"aioseo_notices":[],"_links":{"self":[{"href":"https:\/\/www.mysexualfantasy.eu\/en\/wp-json\/wp\/v2\/product\/36975","targetHints":{"allow":["GET"]}}],"collection":[{"href":"https:\/\/www.mysexualfantasy.eu\/en\/wp-json\/wp\/v2\/product"}],"about":[{"href":"https:\/\/www.mysexualfantasy.eu\/en\/wp-json\/wp\/v2\/types\/product"}],"replies":[{"embeddable":true,"href":"https:\/\/www.mysexualfantasy.eu\/en\/wp-json\/wp\/v2\/comments?post=36975"}],"wp:featuredmedia":[{"embeddable":true,"href":"https:\/\/www.mysexualfantasy.eu\/en\/wp-json\/wp\/v2\/media\/69953"}],"wp:attachment":[{"href":"https:\/\/www.mysexualfantasy.eu\/en\/wp-json\/wp\/v2\/media?parent=36975"}],"wp:term":[{"taxonomy":"product_brand","embeddable":true,"href":"https:\/\/www.mysexualfantasy.eu\/en\/wp-json\/wp\/v2\/product_brand?post=36975"},{"taxonomy":"product_cat","embeddable":true,"href":"https:\/\/www.mysexualfantasy.eu\/en\/wp-json\/wp\/v2\/product_cat?post=36975"},{"taxonomy":"product_tag","embeddable":true,"href":"https:\/\/www.mysexualfantasy.eu\/en\/wp-json\/wp\/v2\/product_tag?post=36975"}],"curies":[{"name":"wp","href":"https:\/\/api.w.org\/{rel}","templated":true}]}}