{"id":37057,"date":"2023-01-13T12:13:11","date_gmt":"2023-01-13T12:13:11","guid":{"rendered":"https:\/\/www.mysexualfantasy.eu\/?post_type=product&#038;p=37057"},"modified":"2023-12-06T17:02:42","modified_gmt":"2023-12-06T17:02:42","slug":"obsessive-tigerlla-esposas-y-orejas-leopardo","status":"publish","type":"product","link":"https:\/\/www.mysexualfantasy.eu\/en\/product\/obsessive-tigerlla-esposas-y-orejas-leopardo\/","title":{"rendered":"OBSESSIVE &#8211; TIGERLLA ESPOSAS Y OREJAS LEOPARDO"},"content":{"rendered":"<p>\u00a1Guau, qu\u00e9 gatita! Ahora puedes disfrutar del tentador estampado de leopardo que os\u00a0calentar\u00e1 esta noche. S\u00e9 extremadamente depredadora\u00a0y si\u00e9ntete sexy con el set Tigerlla, que te dar\u00e1 confianza en un estilo coqueto y\u00a0tentador. \u00a1Enfatiza tu car\u00e1cter y lucir sensual usando esta diadema y esposas acompa\u00f1adas de lencer\u00eda intrigantemente obsesiva!<\/p>\n<p>Echa un vistazo a los detalles:<\/p>\n<ul>\n<li>Esposas suaves y una diadema de Tigre<\/li>\n<li>Orejas de gato  son llamativas<\/li>\n<li>Una cadena met\u00e1lica desmontable<\/li>\n<li>Los materiales son suaves para la piel (cufs: 90% poli\u00e9ster, 10% aleaci\u00f3n; orejas: 50% PVC, 30% poli\u00e9ster, 15% pl\u00e1stico PP, 5% metal)<\/li>\n<\/ul>\n<p 1.5=\"\" color:=\"\" font-size:=\"\" line-height:=\"\" margin-top:=\"\" roboto=\"\" style=\"box-sizing: border-box;\">\u00a1Obsessive significa inspiraci\u00f3n en la mujer!\u00a0 Elegancia, sensualidad, amor a la costura&#8230;.significa mucho para la mujer, pocos son los adjetivos que pueden calificar a Obsessive, donde una labor de a\u00f1os han conseguido unir la mejor relaci\u00f3n calidad-precio.<\/p>\n<p 1.5=\"\" color:=\"\" font-size:=\"\" line-height:=\"\" margin-top:=\"\" roboto=\"\" style=\"box-sizing: border-box;\">\u00a1L\u00edderes mundiales en lencer\u00eda, nadie lo hace mejor!<\/p>\n<p>\u00a0<\/p>\n<p style=\"text-align: center;\"><img decoding=\"async\" src=\"https:\/\/store.dreamlove.es\/UserFiles\/images\/SIZES.png\" \/><\/p>","protected":false},"excerpt":{"rendered":"<p>OBSESSIVE &#8211; TIGERLLA LEOPARD CUFFS AND EARS<\/p>","protected":false},"featured_media":47506,"comment_status":"open","ping_status":"closed","template":"","meta":{"_monsterinsights_skip_tracking":false,"_monsterinsights_sitenote_active":false,"_monsterinsights_sitenote_note":"","_monsterinsights_sitenote_category":0,"_joinchat":[]},"product_brand":[],"product_cat":[1323,1423,1196,1166],"product_tag":[],"class_list":{"0":"post-37057","1":"product","2":"type-product","3":"status-publish","4":"has-post-thumbnail","6":"product_cat-moda-lencerialenceria-mujeraccesorios","7":"product_cat-moda-lencerialenceria-mujeraccesoriosjoyeria-para-el-cuerpo","8":"product_cat-moda-lencerialenceria-mujer","9":"product_cat-moda-lenceria","10":"yith_product_brand-obsessive","11":"yith_product_brand-obsessiveobsessive-accessories","13":"first","14":"instock","15":"taxable","16":"shipping-taxable","17":"purchasable","18":"product-type-simple"},"aioseo_notices":[],"_links":{"self":[{"href":"https:\/\/www.mysexualfantasy.eu\/en\/wp-json\/wp\/v2\/product\/37057","targetHints":{"allow":["GET"]}}],"collection":[{"href":"https:\/\/www.mysexualfantasy.eu\/en\/wp-json\/wp\/v2\/product"}],"about":[{"href":"https:\/\/www.mysexualfantasy.eu\/en\/wp-json\/wp\/v2\/types\/product"}],"replies":[{"embeddable":true,"href":"https:\/\/www.mysexualfantasy.eu\/en\/wp-json\/wp\/v2\/comments?post=37057"}],"wp:featuredmedia":[{"embeddable":true,"href":"https:\/\/www.mysexualfantasy.eu\/en\/wp-json\/wp\/v2\/media\/47506"}],"wp:attachment":[{"href":"https:\/\/www.mysexualfantasy.eu\/en\/wp-json\/wp\/v2\/media?parent=37057"}],"wp:term":[{"taxonomy":"product_brand","embeddable":true,"href":"https:\/\/www.mysexualfantasy.eu\/en\/wp-json\/wp\/v2\/product_brand?post=37057"},{"taxonomy":"product_cat","embeddable":true,"href":"https:\/\/www.mysexualfantasy.eu\/en\/wp-json\/wp\/v2\/product_cat?post=37057"},{"taxonomy":"product_tag","embeddable":true,"href":"https:\/\/www.mysexualfantasy.eu\/en\/wp-json\/wp\/v2\/product_tag?post=37057"}],"curies":[{"name":"wp","href":"https:\/\/api.w.org\/{rel}","templated":true}]}}