{"id":37058,"date":"2023-01-13T14:29:50","date_gmt":"2023-01-13T14:29:50","guid":{"rendered":"https:\/\/www.mysexualfantasy.eu\/?post_type=product&#038;p=37058"},"modified":"2023-12-06T17:26:01","modified_gmt":"2023-12-06T17:26:01","slug":"obsessive-allastia-chemise-y-tanga-s-m","status":"publish","type":"product","link":"https:\/\/www.mysexualfantasy.eu\/en\/product\/obsessive-allastia-chemise-y-tanga-s-m\/","title":{"rendered":"OBSESSIVE &#8211; ALLASTIA CHEMISE Y TANGA S\/M"},"content":{"rendered":"<p>\u00a1Allastia es una garant\u00eda de sensaciones especiales! Negro claro, un gran recorte y patrones \u00fanicos: suena tentador? \u00a1Este chemise te har\u00e1 sentir extremadamente hermosa y atractiva! Oh, sabemos que ya te gusta mucho.<\/p>\n<p>M\u00e1s detalles? Aqu\u00ed:<\/p>\n<ul>\n<li>Chemise y tanga negros<\/li>\n<li>Las correas se pueden ajustar<\/li>\n<li>Cierre especial multietapa<\/li>\n<li>Espalda expuesta<\/li>\n<li>Recorte justo encima del busto: los senos se enfatizan sutilmente<\/li>\n<li>La parte inferior est\u00e1 muy bien terminada con encaje sensual<\/li>\n<li>Combinaci\u00f3n de tejido transl\u00facido y un patr\u00f3n delicado<\/li>\n<li>Material duradero y el\u00e1stico (90% poliamida, 10% elastano)<\/li>\n<\/ul>\n<p 1.5=\"\" color:=\"\" font-size:=\"\" line-height:=\"\" margin-top:=\"\" roboto=\"\" style=\"box-sizing: border-box;\">\u00a1Obsessive significa inspiraci\u00f3n en la mujer!\u00a0 Elegancia, sensualidad, amor a la costura&#8230;.significa mucho para la mujer, pocos son los adjetivos que pueden calificar a Obsessive, donde una labor de a\u00f1os han conseguido unir la mejor relaci\u00f3n calidad-precio.<\/p>\n<p 1.5=\"\" color:=\"\" font-size:=\"\" line-height:=\"\" margin-top:=\"\" roboto=\"\" style=\"box-sizing: border-box;\">\u00a1L\u00edderes mundiales en lencer\u00eda, nadie lo hace mejor!<\/p>\n<p>\u00a0<\/p>\n<p style=\"text-align: center;\"><img decoding=\"async\" src=\"https:\/\/store.dreamlove.es\/UserFiles\/images\/SIZES.png\" \/><\/p>","protected":false},"excerpt":{"rendered":"<p>OBSESSIVE &#8211; ALLASTIA CHEMISE AND THONG S\/M<\/p>","protected":false},"featured_media":68269,"comment_status":"open","ping_status":"closed","template":"","meta":{"_monsterinsights_skip_tracking":false,"_monsterinsights_sitenote_active":false,"_monsterinsights_sitenote_note":"","_monsterinsights_sitenote_category":0,"_joinchat":[]},"product_brand":[],"product_cat":[1284,1196,1199,1166],"product_tag":[],"class_list":{"0":"post-37058","1":"product","2":"type-product","3":"status-publish","4":"has-post-thumbnail","6":"product_cat-moda-lencerialenceria-mujerlenceria-sexycamisones","7":"product_cat-moda-lencerialenceria-mujer","8":"product_cat-moda-lencerialenceria-mujerlenceria-sexy","9":"product_cat-moda-lenceria","10":"yith_product_brand-obsessive","11":"yith_product_brand-obsessiveobsessive-chemise","13":"first","14":"instock","15":"taxable","16":"shipping-taxable","17":"purchasable","18":"product-type-variable"},"aioseo_notices":[],"_links":{"self":[{"href":"https:\/\/www.mysexualfantasy.eu\/en\/wp-json\/wp\/v2\/product\/37058","targetHints":{"allow":["GET"]}}],"collection":[{"href":"https:\/\/www.mysexualfantasy.eu\/en\/wp-json\/wp\/v2\/product"}],"about":[{"href":"https:\/\/www.mysexualfantasy.eu\/en\/wp-json\/wp\/v2\/types\/product"}],"replies":[{"embeddable":true,"href":"https:\/\/www.mysexualfantasy.eu\/en\/wp-json\/wp\/v2\/comments?post=37058"}],"wp:featuredmedia":[{"embeddable":true,"href":"https:\/\/www.mysexualfantasy.eu\/en\/wp-json\/wp\/v2\/media\/68269"}],"wp:attachment":[{"href":"https:\/\/www.mysexualfantasy.eu\/en\/wp-json\/wp\/v2\/media?parent=37058"}],"wp:term":[{"taxonomy":"product_brand","embeddable":true,"href":"https:\/\/www.mysexualfantasy.eu\/en\/wp-json\/wp\/v2\/product_brand?post=37058"},{"taxonomy":"product_cat","embeddable":true,"href":"https:\/\/www.mysexualfantasy.eu\/en\/wp-json\/wp\/v2\/product_cat?post=37058"},{"taxonomy":"product_tag","embeddable":true,"href":"https:\/\/www.mysexualfantasy.eu\/en\/wp-json\/wp\/v2\/product_tag?post=37058"}],"curies":[{"name":"wp","href":"https:\/\/api.w.org\/{rel}","templated":true}]}}