{"id":37083,"date":"2023-01-13T14:21:47","date_gmt":"2023-01-13T14:21:47","guid":{"rendered":"https:\/\/www.mysexualfantasy.eu\/?post_type=product&#038;p=37083"},"modified":"2023-12-06T16:07:18","modified_gmt":"2023-12-06T16:07:18","slug":"satisfyer-ultra-power-bullet-2-bala-vibradora-morada","status":"publish","type":"product","link":"https:\/\/www.mysexualfantasy.eu\/en\/product\/satisfyer-ultra-power-bullet-2-bala-vibradora-morada\/","title":{"rendered":"SATISFYER ULTRA POWER BULLET 2 BALA VIBRADORA MORADA"},"content":{"rendered":"<p>Con su punta plana, Satisfyer Ultra Power Bullet 2 se enfoca en sus puntos calientes y lo trata con vibraciones intensas que se pueden controlar intuitivamente. La superficie de silicona agradable para el cuerpo es particularmente suave.<\/p>\n<p><strong>Informaci\u00f3n del producto \u00abUltra Power Bullet 2\u00bb<\/strong><\/p>\n<ul>\n<li>Los potentes patrones de vibraci\u00f3n proporcionan una intensa estimulaci\u00f3n del cl\u00edtoris<\/li>\n<li>Gracias a su acabado impermeable (IPX7), este juguete se puede utilizar de forma segura en el agua y es f\u00e1cil de limpiar<\/li>\n<li>Hecho de silicona de grado m\u00e9dico s\u00faper suave, agradable para el cuerpo, suave al tacto y extremadamente higi\u00e9nica<\/li>\n<li>Garant\u00eda de 15 a\u00f1os<\/li>\n<li>Estimulaci\u00f3n del cl\u00edtoris a trav\u00e9s de potentes vibraciones.<\/li>\n<li>12 programas de vibraci\u00f3n<\/li>\n<li>Silicona respetuosa con el cuerpo<\/li>\n<li>Resistente al agua (IPX7)<\/li>\n<li>Modo de susurro<\/li>\n<li>Bater\u00eda recargable de iones de litio<\/li>\n<li>Cable de carga USB magn\u00e9tico incluido<\/li>\n<li>F\u00e1cil de limpiar<\/li>\n<\/ul>\n<p><strong>Satisfyer Ultra Power Bullet 2: vibrador de bala extremadamente potente para llevar<\/strong><\/p>\n<p>Al igual que los otros miembros de la familia Satisfyer Ultra Power Bullet, Satisfyer Ultra Power Bullet 2 es ideal para principiantes gracias a su dise\u00f1o compacto y operaci\u00f3n simple con un solo toque; tambi\u00e9n es ideal para parejas que desean agregar algo nuevo a su vida amorosa. El cuerpo firme hecho de silicona delicada abraza sus puntos calientes e impresiona con su punta ligeramente biselada, especialmente cuando se trata de estimulaci\u00f3n del cl\u00edtoris. El motor extremadamente potente del mini vibrador tiene 5 velocidades y 7 patrones de vibraci\u00f3n, ofreciendo de todo, desde tierno hasta en\u00e9rgico.<\/p>\n<p><strong>Satisfyer Ultra Power Bullet 2: mini vibrador resistente al agua (IPX7) para llevar<\/strong><\/p>\n<p>Quieres un compa\u00f1ero fiel para tus desplazamientos? Entonces el Satisfyer Ultra Power Bullet 2 es el amante perfecto para ti: con su tama\u00f1o manejable, pasa desapercibido incluso en bolsos m\u00e1s peque\u00f1os y estar\u00e1 feliz de acompa\u00f1arte en todos tus viajes. El vibrador de bala tambi\u00e9n puede estimularte en la ba\u00f1era o la ducha gracias a su dise\u00f1o resistente al agua (IPX7). Simplemente l\u00edmpielo bajo el agua despu\u00e9s de usarlo y rec\u00e1rguelo para la pr\u00f3xima sesi\u00f3n con el cable de carga USB incluido.<\/p>","protected":false},"excerpt":{"rendered":"<p>SATISFYER ULTRA POWER BULLET 2 &#8211; PURPLE<\/p>","protected":false},"featured_media":66859,"comment_status":"open","ping_status":"closed","template":"","meta":{"_monsterinsights_skip_tracking":false,"_monsterinsights_sitenote_active":false,"_monsterinsights_sitenote_note":"","_monsterinsights_sitenote_category":0,"_joinchat":[]},"product_brand":[],"product_cat":[1193,1311,1156,1152,1155,1153],"product_tag":[],"class_list":{"0":"post-37083","1":"product","2":"type-product","3":"status-publish","4":"has-post-thumbnail","6":"product_cat-juguetes-bienestar-vibradores100-sumergible","7":"product_cat-juguetes-bienestar-juguetes-para-mujeresestimuladoresbalas-vibradoras","8":"product_cat-juguetes-bienestar-juguetes-para-mujeresestimuladores","9":"product_cat-juguetes-bienestar","10":"product_cat-juguetes-bienestar-juguetes-para-mujeres","11":"product_cat-juguetes-bienestar-vibradores","12":"yith_product_brand-satisfyer","13":"yith_product_brand-satisfyer-satisfyer-vibrator","15":"first","16":"instock","17":"taxable","18":"shipping-taxable","19":"purchasable","20":"product-type-simple"},"aioseo_notices":[],"_links":{"self":[{"href":"https:\/\/www.mysexualfantasy.eu\/en\/wp-json\/wp\/v2\/product\/37083","targetHints":{"allow":["GET"]}}],"collection":[{"href":"https:\/\/www.mysexualfantasy.eu\/en\/wp-json\/wp\/v2\/product"}],"about":[{"href":"https:\/\/www.mysexualfantasy.eu\/en\/wp-json\/wp\/v2\/types\/product"}],"replies":[{"embeddable":true,"href":"https:\/\/www.mysexualfantasy.eu\/en\/wp-json\/wp\/v2\/comments?post=37083"}],"wp:featuredmedia":[{"embeddable":true,"href":"https:\/\/www.mysexualfantasy.eu\/en\/wp-json\/wp\/v2\/media\/66859"}],"wp:attachment":[{"href":"https:\/\/www.mysexualfantasy.eu\/en\/wp-json\/wp\/v2\/media?parent=37083"}],"wp:term":[{"taxonomy":"product_brand","embeddable":true,"href":"https:\/\/www.mysexualfantasy.eu\/en\/wp-json\/wp\/v2\/product_brand?post=37083"},{"taxonomy":"product_cat","embeddable":true,"href":"https:\/\/www.mysexualfantasy.eu\/en\/wp-json\/wp\/v2\/product_cat?post=37083"},{"taxonomy":"product_tag","embeddable":true,"href":"https:\/\/www.mysexualfantasy.eu\/en\/wp-json\/wp\/v2\/product_tag?post=37083"}],"curies":[{"name":"wp","href":"https:\/\/api.w.org\/{rel}","templated":true}]}}