{"id":37106,"date":"2023-01-13T12:22:25","date_gmt":"2023-01-13T12:22:25","guid":{"rendered":"https:\/\/www.mysexualfantasy.eu\/?post_type=product&#038;p=37106"},"modified":"2023-11-28T22:22:26","modified_gmt":"2023-11-28T22:22:26","slug":"obsessive-softily-teddy-s-m","status":"publish","type":"product","link":"https:\/\/www.mysexualfantasy.eu\/en\/product\/obsessive-softily-teddy-s-m\/","title":{"rendered":"OBSESSIVE &#8211; SOFTILY TEDDY XXL\/XXXL"},"content":{"rendered":"<p>Una peque\u00f1a pista de lo que te espera hoy? Un corte muy femenino, un delicado color negro acariciando tu cuerpo y unos gl\u00fateos, espalda y hombros de aspecto impresionante. Acabas de descubrir un teddy estampado, que ser\u00e1 la manera perfecta de &#8230; \u00a1hacerle\u00a0saber que quieres una velada rom\u00e1ntica para dos! Ponte el\u00a0sensual Softily y haz realidad tus planes mas placenteros.<\/p>\n<p>M\u00e1s detalles aqu\u00ed:<\/p>\n<ul>\n<li>Teddy\u00a0sexy en un d\u00fao con un patr\u00f3n floral de terciopelo<\/li>\n<li>C\u00f3modo de llevar<\/li>\n<li>Sujeci\u00f3n ajustable en el cuello y espalda abierta<\/li>\n<li>El borde de encaje acaricia suavemente la piel<\/li>\n<\/ul>\n<p 1.5=\"\" color:=\"\" font-size:=\"\" line-height:=\"\" margin-top:=\"\" roboto=\"\" style=\"box-sizing: border-box;\">\u00a1Obsessive significa inspiraci\u00f3n en la mujer!\u00a0 Elegancia, sensualidad, amor a la costura&#8230;.significa mucho para la mujer, pocos son los adjetivos que pueden calificar a Obsessive, donde una labor de a\u00f1os han conseguido unir la mejor relaci\u00f3n calidad-precio.<\/p>\n<p 1.5=\"\" color:=\"\" font-size:=\"\" line-height:=\"\" margin-top:=\"\" roboto=\"\" style=\"box-sizing: border-box;\">\u00a1L\u00edderes mundiales en lencer\u00eda, nadie lo hace mejor!<\/p>\n<p>\u00a0<\/p>\n<p style=\"text-align: center;\"><img decoding=\"async\" src=\"https:\/\/store.dreamlove.es\/UserFiles\/images\/SIZES.png\" \/><\/p>","protected":false},"excerpt":{"rendered":"<p>OBSESSIVE &#8211; SOFTILY TEDDY S\/M<\/p>","protected":false},"featured_media":49849,"comment_status":"open","ping_status":"closed","template":"","meta":{"_monsterinsights_skip_tracking":false,"_monsterinsights_sitenote_active":false,"_monsterinsights_sitenote_note":"","_monsterinsights_sitenote_category":0,"_joinchat":[]},"product_brand":[],"product_cat":[1146,326,948,1139],"product_tag":[],"class_list":{"0":"post-37106","1":"product","2":"type-product","3":"status-publish","4":"has-post-thumbnail","6":"product_cat-lencerialenceria-mujerlenceria-sexybodys","7":"product_cat-lenceria","8":"product_cat-lencerialenceria-mujer","9":"product_cat-lencerialenceria-mujerlenceria-sexy","10":"yith_product_brand-obsessive","11":"yith_product_brand-obsessiveobsessive-teddies","13":"first","14":"instock","15":"taxable","16":"shipping-taxable","17":"product-type-variable"},"aioseo_notices":[],"_links":{"self":[{"href":"https:\/\/www.mysexualfantasy.eu\/en\/wp-json\/wp\/v2\/product\/37106","targetHints":{"allow":["GET"]}}],"collection":[{"href":"https:\/\/www.mysexualfantasy.eu\/en\/wp-json\/wp\/v2\/product"}],"about":[{"href":"https:\/\/www.mysexualfantasy.eu\/en\/wp-json\/wp\/v2\/types\/product"}],"replies":[{"embeddable":true,"href":"https:\/\/www.mysexualfantasy.eu\/en\/wp-json\/wp\/v2\/comments?post=37106"}],"wp:featuredmedia":[{"embeddable":true,"href":"https:\/\/www.mysexualfantasy.eu\/en\/wp-json\/wp\/v2\/media\/49849"}],"wp:attachment":[{"href":"https:\/\/www.mysexualfantasy.eu\/en\/wp-json\/wp\/v2\/media?parent=37106"}],"wp:term":[{"taxonomy":"product_brand","embeddable":true,"href":"https:\/\/www.mysexualfantasy.eu\/en\/wp-json\/wp\/v2\/product_brand?post=37106"},{"taxonomy":"product_cat","embeddable":true,"href":"https:\/\/www.mysexualfantasy.eu\/en\/wp-json\/wp\/v2\/product_cat?post=37106"},{"taxonomy":"product_tag","embeddable":true,"href":"https:\/\/www.mysexualfantasy.eu\/en\/wp-json\/wp\/v2\/product_tag?post=37106"}],"curies":[{"name":"wp","href":"https:\/\/api.w.org\/{rel}","templated":true}]}}