{"id":37129,"date":"2023-01-13T14:24:41","date_gmt":"2023-01-13T14:24:41","guid":{"rendered":"https:\/\/www.mysexualfantasy.eu\/?post_type=product&#038;p=37129"},"modified":"2023-12-06T15:31:50","modified_gmt":"2023-12-06T15:31:50","slug":"satisfyer-yoni-power-1-kit-de-entrenamiento-blanco","status":"publish","type":"product","link":"https:\/\/www.mysexualfantasy.eu\/en\/product\/satisfyer-yoni-power-1-kit-de-entrenamiento-blanco\/","title":{"rendered":"SATISFYER YONI POWER 1 KIT DE ENTRENAMIENTO BLANCO"},"content":{"rendered":"<p>Con el Satisfyer Yoni Power 1 puedes entrenar los m\u00fasculos del suelo p\u00e9lvico en tan solo 15 minutos al d\u00eda, consiguiendo as\u00ed orgasmos a\u00fan m\u00e1s intensos. Los diferentes tama\u00f1os de las bolas chinas hacen que puedas aumentar lentamente.<\/p>\n<p><strong>Informaci\u00f3n del producto \u00abYoni Power 1\u00bb<\/strong><\/p>\n<ul>\n<li>El entrenamiento del suelo p\u00e9lvico fortalece los m\u00fasculos y permite alcanzar orgasmos m\u00e1s intensos<\/li>\n<li>Fabricadas con silicona m\u00e9dica s\u00faper suave e inocua para la piel y con un tacto sedoso y extremadamente higi\u00e9nico<\/li>\n<li>Anillo de retenci\u00f3n para un uso seguro<\/li>\n<li>15 a\u00f1os de garant\u00eda<\/li>\n<li>Kit de entrenamiento para fortalecer los m\u00fasculos del suelo p\u00e9lvico<\/li>\n<li>M\u00e1s placer para el hombre y la mujer durante las relaciones sexuales gracias a la constricci\u00f3n muscular<\/li>\n<li>Uso seguro gracias a la correa de recuperaci\u00f3n<\/li>\n<li>Silicona m\u00e9dica<\/li>\n<li>F\u00e1cil de limpiar<\/li>\n<\/ul>\n<p><strong>Satisfyer Yoni Power 1: Entrenamiento del suelo p\u00e9lvico con bolas chinas<\/strong><\/p>\n<p>Con Satisfyer Yoni Power 1 podr\u00e1s fortalecer tu suelo p\u00e9lvico y disfrutar de unos orgasmos a\u00fan m\u00e1s intensos. A diferencia de los ejercicios del suelo p\u00e9lvico realizados con otras bolas chinas, el enfoque del Yoni Power 1 no se centra \u00fanicamente en el peso, sino principalmente en el tama\u00f1o de las mismas: empieza con la bola m\u00e1s grande y pesada (3 cm de di\u00e1metro, 74 g) y ve avanzando hacia la mediana (2,5 cm de di\u00e1metro, 46 g) hasta la m\u00e1s peque\u00f1a y ligera (2 cm de di\u00e1metro, 22 g); cuanto m\u00e1s a menudo realices el entrenamiento del suelo p\u00e9lvico, m\u00e1s se fortalecer\u00e1n los m\u00fasculos para que puedas sujetar la bola con la circunferencia m\u00e1s peque\u00f1a. Es suficiente con utilizar las bolas chinas durante 15 minutos al d\u00eda para conseguir un efecto que no solo t\u00fa, sino tambi\u00e9n tu pareja, notar\u00e1n durante las relaciones sexuales. La estructura acanalada de la bola cil\u00edndrica tambi\u00e9n te estimula durante el entrenamiento.<\/p>\n<p><strong>M\u00e1s ventajas de las bolas chinas Satisfyer Yoni Power 1<\/strong><\/p>\n<p>Las bolas del interior del Satisfyer Yoni Power 1 son de acero inoxidable y est\u00e1n recubiertas de silicona suave y m\u00e9dica, lo que hace que el entrenamiento del suelo p\u00e9lvico sea especialmente suave e higi\u00e9nico. Gracias a su forma redondeada y a su elaboraci\u00f3n integral, las bolas chinas son especialmente f\u00e1ciles de introducir y de extraer gracias a las anillas de silicona, haciendo que Satisfyer Yoni Power 1 son ideales para los principiantes. Las bolas chinas Satisfyer tambi\u00e9n se pueden utilizar para el entrenamiento del suelo p\u00e9lvico despu\u00e9s del parto o para prevenir la incontinencia urinaria. No dudes en utilizar las bolas chinas en combinaci\u00f3n con tu vibrador de ondas de presi\u00f3n favorito para aumentar a\u00fan m\u00e1s las sensaciones en los momentos sensuales a solas. Despu\u00e9s de su uso, puedes limpiarlas con agua tibia y jab\u00f3n suave y desinfectarlas con un limpiador de productos de bienestar sexual.<\/p>","protected":false},"excerpt":{"rendered":"<p>SATISFYER YONI POWER 1 TRAINING SET &#8211; WHITE<\/p>","protected":false},"featured_media":67317,"comment_status":"open","ping_status":"closed","template":"","meta":{"_monsterinsights_skip_tracking":false,"_monsterinsights_sitenote_active":false,"_monsterinsights_sitenote_note":"","_monsterinsights_sitenote_category":0,"_joinchat":[]},"product_brand":[],"product_cat":[1158,1264,1265,1152],"product_tag":[],"class_list":{"0":"post-37129","1":"product","2":"type-product","3":"status-publish","4":"has-post-thumbnail","6":"product_cat-juguetes-bienestar-bolas","7":"product_cat-juguetes-bienestar-bolasbolas-basicas","8":"product_cat-juguetes-bienestar-bolasbolas-silicona","9":"product_cat-juguetes-bienestar","10":"yith_product_brand-satisfyer","11":"yith_product_brand-satisfyer-satisfyer-balls","13":"first","14":"instock","15":"taxable","16":"shipping-taxable","17":"purchasable","18":"product-type-simple"},"aioseo_notices":[],"_links":{"self":[{"href":"https:\/\/www.mysexualfantasy.eu\/en\/wp-json\/wp\/v2\/product\/37129","targetHints":{"allow":["GET"]}}],"collection":[{"href":"https:\/\/www.mysexualfantasy.eu\/en\/wp-json\/wp\/v2\/product"}],"about":[{"href":"https:\/\/www.mysexualfantasy.eu\/en\/wp-json\/wp\/v2\/types\/product"}],"replies":[{"embeddable":true,"href":"https:\/\/www.mysexualfantasy.eu\/en\/wp-json\/wp\/v2\/comments?post=37129"}],"wp:featuredmedia":[{"embeddable":true,"href":"https:\/\/www.mysexualfantasy.eu\/en\/wp-json\/wp\/v2\/media\/67317"}],"wp:attachment":[{"href":"https:\/\/www.mysexualfantasy.eu\/en\/wp-json\/wp\/v2\/media?parent=37129"}],"wp:term":[{"taxonomy":"product_brand","embeddable":true,"href":"https:\/\/www.mysexualfantasy.eu\/en\/wp-json\/wp\/v2\/product_brand?post=37129"},{"taxonomy":"product_cat","embeddable":true,"href":"https:\/\/www.mysexualfantasy.eu\/en\/wp-json\/wp\/v2\/product_cat?post=37129"},{"taxonomy":"product_tag","embeddable":true,"href":"https:\/\/www.mysexualfantasy.eu\/en\/wp-json\/wp\/v2\/product_tag?post=37129"}],"curies":[{"name":"wp","href":"https:\/\/api.w.org\/{rel}","templated":true}]}}