{"id":37136,"date":"2023-01-13T12:37:55","date_gmt":"2023-01-13T12:37:55","guid":{"rendered":"https:\/\/www.mysexualfantasy.eu\/?post_type=product&#038;p=37136"},"modified":"2023-12-06T15:00:52","modified_gmt":"2023-12-06T15:00:52","slug":"bijoux-lubricante-con-aloe-vera-y-base-agua-30-ml","status":"publish","type":"product","link":"https:\/\/www.mysexualfantasy.eu\/en\/product\/bijoux-lubricante-con-aloe-vera-y-base-agua-30-ml\/","title":{"rendered":"BIJOUX LUBRICANTE CON ALOE VERA Y BASE AGUA 30 ML"},"content":{"rendered":"<p>LUBRICANTE CON ALOE VERA Y BASE DE AGUA<\/p>\n<p>El aloe vera es uno de los ingredientes naturales m\u00e1s vers\u00e1tiles: es comestible, tiene propiedades medicinales, hidrata, suaviza y calma la piel. Los textos ayurv\u00e9dicos antiguos incluso elogian sus acciones purificadoras de sangre y liberadoras de toxinas.<\/p>\n<p>Esta planta, dadas sus extraordinarias propiedades, es una de m\u00e1s sagradas y curativas del planeta. Y aunque hay m\u00e1s de 240 tipos de aloe, solo uno de ellos, el Aloe Vera Barbadenis, tiene el poder de curarnos. El aloe vera tambi\u00e9n es conocido por sus propiedades antibacterianas y antif\u00fangicas, convirti\u00e9ndolo en el mejor aliado para productos \u00edntimos como son los lubricantes.<\/p>\n<p>Este lubricante a base de agua combina el aloe vera con ingredientes naturales para una sensaci\u00f3n m\u00e1s suave. Nutre y mantiene equilibrada tu zona \u00edntima con sus propiedades ultrahidratantes y reparadoras . Mejora la intimidad, reduce la fricci\u00f3n y calma tu piel con la magia del aloe vera.<\/p>\n<p>30 ml  1 FL. OZ<\/p>","protected":false},"excerpt":{"rendered":"<p>BIJOUX ALOE VERA WATER-BASED LUBRICANT 30 ML<\/p>","protected":false},"featured_media":52348,"comment_status":"open","ping_status":"closed","template":"","meta":{"_monsterinsights_skip_tracking":false,"_monsterinsights_sitenote_active":false,"_monsterinsights_sitenote_note":"","_monsterinsights_sitenote_category":0,"_joinchat":[]},"product_brand":[],"product_cat":[1207,1203,1206,148],"product_tag":[],"class_list":{"0":"post-37136","1":"product","2":"type-product","3":"status-publish","4":"has-post-thumbnail","6":"product_cat-drogueria-lubricantesbase-agua","7":"product_cat-drogueria","8":"product_cat-drogueria-lubricantes","9":"product_cat-ofertas","10":"yith_product_brand-bijoux-indiscretsbijoux-au-naturel","11":"yith_product_brand-bijoux-indiscrets","13":"first","14":"instock","15":"taxable","16":"shipping-taxable","17":"purchasable","18":"product-type-simple"},"aioseo_notices":[],"_links":{"self":[{"href":"https:\/\/www.mysexualfantasy.eu\/en\/wp-json\/wp\/v2\/product\/37136","targetHints":{"allow":["GET"]}}],"collection":[{"href":"https:\/\/www.mysexualfantasy.eu\/en\/wp-json\/wp\/v2\/product"}],"about":[{"href":"https:\/\/www.mysexualfantasy.eu\/en\/wp-json\/wp\/v2\/types\/product"}],"replies":[{"embeddable":true,"href":"https:\/\/www.mysexualfantasy.eu\/en\/wp-json\/wp\/v2\/comments?post=37136"}],"wp:featuredmedia":[{"embeddable":true,"href":"https:\/\/www.mysexualfantasy.eu\/en\/wp-json\/wp\/v2\/media\/52348"}],"wp:attachment":[{"href":"https:\/\/www.mysexualfantasy.eu\/en\/wp-json\/wp\/v2\/media?parent=37136"}],"wp:term":[{"taxonomy":"product_brand","embeddable":true,"href":"https:\/\/www.mysexualfantasy.eu\/en\/wp-json\/wp\/v2\/product_brand?post=37136"},{"taxonomy":"product_cat","embeddable":true,"href":"https:\/\/www.mysexualfantasy.eu\/en\/wp-json\/wp\/v2\/product_cat?post=37136"},{"taxonomy":"product_tag","embeddable":true,"href":"https:\/\/www.mysexualfantasy.eu\/en\/wp-json\/wp\/v2\/product_tag?post=37136"}],"curies":[{"name":"wp","href":"https:\/\/api.w.org\/{rel}","templated":true}]}}