{"id":37161,"date":"2023-01-13T12:34:03","date_gmt":"2023-01-13T12:34:03","guid":{"rendered":"https:\/\/www.mysexualfantasy.eu\/?post_type=product&#038;p=37161"},"modified":"2023-12-06T15:29:03","modified_gmt":"2023-12-06T15:29:03","slug":"obsessive-elizenes-babydoll-s-m","status":"publish","type":"product","link":"https:\/\/www.mysexualfantasy.eu\/en\/product\/obsessive-elizenes-babydoll-s-m\/","title":{"rendered":"OBSESSIVE &#8211; ELIZENES BABYDOLL S\/M"},"content":{"rendered":"<p>Hoy cumplir\u00e1s tus fantas\u00edas de dormitorio con un toque encantador. Al elegir el babydoll Elizenes, te garantizar\u00e1s una espalda que lucir\u00e1 espectacular y un escote tentadoramente decorado. \u00a1La tela transparente y el encaje floral combinados con un corte sensual dan un efecto wow! Cierra los ojos ahora e imagina un\u00a0tanga elegante, que enfatiza sutilmente las nalgas. \u00a1S\u00ed! No nos olvidamos de agregarlos al conjunto \ud83d\ude09<\/p>\n<p>Echa un vistazo a los detalles:<\/p>\n<ul>\n<li>Set de ropa decorado con encajes: babydoll y tanga<\/li>\n<li>La gargantilla de encajes se adapta al cuerpo<\/li>\n<li>Colgante plateado fenomenalmente llamativo<\/li>\n<li>Correas ajustables para los hombros<\/li>\n<li>Cierre multietapa en la parte posterior<\/li>\n<li>Espalda marcada por un recorte semicircular<\/li>\n<li>Las copas con aro enfatizan perfectamente los senos en combinaci\u00f3n con encaje transparente<\/li>\n<li>Lazo de sat\u00e9n entre los senos<\/li>\n<li>Tanga de encajes con\u00a0patr\u00f3n floral<\/li>\n<li>Tejido ligero (94% poliamida, 6% elastano)<\/li>\n<\/ul>\n<p 1.5=\"\" color:=\"\" font-size:=\"\" line-height:=\"\" margin-top:=\"\" roboto=\"\" style=\"box-sizing: border-box;\">\u00a1Obsessive significa inspiraci\u00f3n en la mujer!\u00a0 Elegancia, sensualidad, amor a la costura&#8230;.significa mucho para la mujer, pocos son los adjetivos que pueden calificar a Obsessive, donde una labor de a\u00f1os han conseguido unir la mejor relaci\u00f3n calidad-precio.<\/p>\n<p 1.5=\"\" color:=\"\" font-size:=\"\" line-height:=\"\" margin-top:=\"\" roboto=\"\" style=\"box-sizing: border-box;\">\u00a1L\u00edderes mundiales en lencer\u00eda, nadie lo hace mejor!<\/p>\n<p>\u00a0<\/p>\n<p style=\"text-align: center;\"><img decoding=\"async\" src=\"https:\/\/store.dreamlove.es\/UserFiles\/images\/SIZES.png\" \/><\/p>","protected":false},"excerpt":{"rendered":"<p>OBSESSIVE &#8211; ELIZENES BABYDOLL S\/M<\/p>","protected":false},"featured_media":51659,"comment_status":"open","ping_status":"closed","template":"","meta":{"_monsterinsights_skip_tracking":false,"_monsterinsights_sitenote_active":false,"_monsterinsights_sitenote_note":"","_monsterinsights_sitenote_category":0,"_joinchat":[]},"product_brand":[],"product_cat":[1285,1196,1199,1166,148],"product_tag":[],"class_list":{"0":"post-37161","1":"product","2":"type-product","3":"status-publish","4":"has-post-thumbnail","6":"product_cat-moda-lencerialenceria-mujerlenceria-sexybabydoll","7":"product_cat-moda-lencerialenceria-mujer","8":"product_cat-moda-lencerialenceria-mujerlenceria-sexy","9":"product_cat-moda-lenceria","10":"product_cat-ofertas","11":"yith_product_brand-obsessive-obsessive-last-chance","12":"yith_product_brand-obsessive","14":"first","15":"instock","16":"taxable","17":"shipping-taxable","18":"purchasable","19":"product-type-variable"},"aioseo_notices":[],"_links":{"self":[{"href":"https:\/\/www.mysexualfantasy.eu\/en\/wp-json\/wp\/v2\/product\/37161","targetHints":{"allow":["GET"]}}],"collection":[{"href":"https:\/\/www.mysexualfantasy.eu\/en\/wp-json\/wp\/v2\/product"}],"about":[{"href":"https:\/\/www.mysexualfantasy.eu\/en\/wp-json\/wp\/v2\/types\/product"}],"replies":[{"embeddable":true,"href":"https:\/\/www.mysexualfantasy.eu\/en\/wp-json\/wp\/v2\/comments?post=37161"}],"wp:featuredmedia":[{"embeddable":true,"href":"https:\/\/www.mysexualfantasy.eu\/en\/wp-json\/wp\/v2\/media\/51659"}],"wp:attachment":[{"href":"https:\/\/www.mysexualfantasy.eu\/en\/wp-json\/wp\/v2\/media?parent=37161"}],"wp:term":[{"taxonomy":"product_brand","embeddable":true,"href":"https:\/\/www.mysexualfantasy.eu\/en\/wp-json\/wp\/v2\/product_brand?post=37161"},{"taxonomy":"product_cat","embeddable":true,"href":"https:\/\/www.mysexualfantasy.eu\/en\/wp-json\/wp\/v2\/product_cat?post=37161"},{"taxonomy":"product_tag","embeddable":true,"href":"https:\/\/www.mysexualfantasy.eu\/en\/wp-json\/wp\/v2\/product_tag?post=37161"}],"curies":[{"name":"wp","href":"https:\/\/api.w.org\/{rel}","templated":true}]}}