{"id":37190,"date":"2023-01-13T14:24:48","date_gmt":"2023-01-13T14:24:48","guid":{"rendered":"https:\/\/www.mysexualfantasy.eu\/?post_type=product&#038;p=37190"},"modified":"2023-12-06T15:31:52","modified_gmt":"2023-12-06T15:31:52","slug":"satisfyer-yoni-power-2-kit-de-entrenamiento-azul","status":"publish","type":"product","link":"https:\/\/www.mysexualfantasy.eu\/en\/product\/satisfyer-yoni-power-2-kit-de-entrenamiento-azul\/","title":{"rendered":"SATISFYER YONI POWER 2 KIT DE ENTRENAMIENTO AZUL"},"content":{"rendered":"<p>Fortalece tu suelo p\u00e9lvico y disfruta de unos orgasmos m\u00e1s intensos con el Satisfyer Yoni Power 2. Las bolas chianas hechas de silicona m\u00e9dica ofrecen, gracias a sus tres tama\u00f1os diferentes, la posibilidad de entrenar los m\u00fasculos de forma gradual.<\/p>\n<p><strong>Informaci\u00f3n del producto \u00abYoni Power 2\u00bb<\/strong><\/p>\n<ul>\n<li>El entrenamiento del suelo p\u00e9lvico fortalece los m\u00fasculos y permite alcanzar orgasmos m\u00e1s intensos<\/li>\n<li>Fabricadas con silicona m\u00e9dica s\u00faper suave e inocua para la piel y con un tacto sedoso y extremadamente higi\u00e9nico<\/li>\n<li>Anillo de retenci\u00f3n para un uso seguro<\/li>\n<li>15 a\u00f1os de garant\u00eda<\/li>\n<li>Set de entrenamiento para fortalecer la musculatura del suelo p\u00e9lvico<\/li>\n<li>Tanto hombres como mujeres disfrutan m\u00e1s del sexo al contraerse la musculatura<\/li>\n<li>Uso seguro gracias a la correa de recuperaci\u00f3n<\/li>\n<li>Silicona m\u00e9dica<\/li>\n<li>F\u00e1cil de limpiar<\/li>\n<\/ul>\n<p><strong>Entrenamiento del suelo p\u00e9lvico con las bolas chinas Satisfyer Yoni Power 2<\/strong><\/p>\n<p>Quieres experimentar unos orgasmos alucinantes? \u00a1Entonces, definitivamente deber\u00edas probar las bolas chinas! El set Satisfyer Yoni Power 2 est\u00e1 compuesto por tres bolas de diferentes tama\u00f1os, con las que podr\u00e1s entrenar tu suelo p\u00e9lvico de forma gradual. Comienza como principiante con la m\u00e1s grande y pesada (3 cm de di\u00e1metro, 73 g) y ve avanzando por la mediana (2,5 cm de di\u00e1metro, 46 g) hasta la m\u00e1s peque\u00f1a y ligera (2 cm de di\u00e1metro, 22 g). Si haces estos ejercicios para el suelo p\u00e9lvico con regularidad, notar\u00e1s r\u00e1pidamente sus efectos, al igual que tu pareja, que podr\u00e1 disfrutar de sensaciones m\u00e1s intensas durante las relaciones sexuales vaginales gracias al fortalecimiento de tus m\u00fasculos. Tambi\u00e9n puedes utilizar las bolas chinas Satisfyer si quieres fortalecer tu suelo p\u00e9lvico despu\u00e9s del parto o prevenir la incontinencia urinaria.<\/p>\n<p><strong>Satisfyer Yoni Power 2: Bolas chinas para principiantes<\/strong><\/p>\n<p>Satisfyer Yoni Power 2 tambi\u00e9n son especialmente adecuados para principiantes: las bolas de acero inoxidable est\u00e1n envueltas en silicona m\u00e9dica sin uniones, por lo que son especialmente higi\u00e9nicas. Gracias al bucle de extracci\u00f3n de silicona, tambi\u00e9n resultan muy f\u00e1ciles de introducir y extraer. Con tan solo 15 minutos de entrenamiento del suelo p\u00e9lvico al d\u00eda podr\u00e1s obtener ya unos resultados muy buenos, y llevar las bolas a todas partes, ya sea de compras, en casa o mientras practicas deporte. Y tu tiempo a solas ser\u00e1 a\u00fan m\u00e1s excitante con el Satisfyer Yoni Power 2: combinado con otros productos de bienestar sexual, como los vibradores de ondas de presi\u00f3n o succionadores, podr\u00e1s disfrutar de unos momentos especialmente excitantes. La forma ovalada con caracter\u00edsticas acanaladas aporta una estructura adicional. Despu\u00e9s de usarlas, puedes limpiarlas f\u00e1cilmente con agua tibia, jab\u00f3n suave y un poco de limpiador de productos de bienestar sexual.<\/p>","protected":false},"excerpt":{"rendered":"<p>SATISFYER YONI POWER 2 TRAINING SET &#8211; BLUE<\/p>","protected":false},"featured_media":67331,"comment_status":"open","ping_status":"closed","template":"","meta":{"_monsterinsights_skip_tracking":false,"_monsterinsights_sitenote_active":false,"_monsterinsights_sitenote_note":"","_monsterinsights_sitenote_category":0,"_joinchat":[]},"product_brand":[],"product_cat":[1158,1264,1265,1152],"product_tag":[],"class_list":{"0":"post-37190","1":"product","2":"type-product","3":"status-publish","4":"has-post-thumbnail","6":"product_cat-juguetes-bienestar-bolas","7":"product_cat-juguetes-bienestar-bolasbolas-basicas","8":"product_cat-juguetes-bienestar-bolasbolas-silicona","9":"product_cat-juguetes-bienestar","10":"yith_product_brand-satisfyer","11":"yith_product_brand-satisfyer-satisfyer-balls","13":"first","14":"instock","15":"taxable","16":"shipping-taxable","17":"purchasable","18":"product-type-simple"},"aioseo_notices":[],"_links":{"self":[{"href":"https:\/\/www.mysexualfantasy.eu\/en\/wp-json\/wp\/v2\/product\/37190","targetHints":{"allow":["GET"]}}],"collection":[{"href":"https:\/\/www.mysexualfantasy.eu\/en\/wp-json\/wp\/v2\/product"}],"about":[{"href":"https:\/\/www.mysexualfantasy.eu\/en\/wp-json\/wp\/v2\/types\/product"}],"replies":[{"embeddable":true,"href":"https:\/\/www.mysexualfantasy.eu\/en\/wp-json\/wp\/v2\/comments?post=37190"}],"wp:featuredmedia":[{"embeddable":true,"href":"https:\/\/www.mysexualfantasy.eu\/en\/wp-json\/wp\/v2\/media\/67331"}],"wp:attachment":[{"href":"https:\/\/www.mysexualfantasy.eu\/en\/wp-json\/wp\/v2\/media?parent=37190"}],"wp:term":[{"taxonomy":"product_brand","embeddable":true,"href":"https:\/\/www.mysexualfantasy.eu\/en\/wp-json\/wp\/v2\/product_brand?post=37190"},{"taxonomy":"product_cat","embeddable":true,"href":"https:\/\/www.mysexualfantasy.eu\/en\/wp-json\/wp\/v2\/product_cat?post=37190"},{"taxonomy":"product_tag","embeddable":true,"href":"https:\/\/www.mysexualfantasy.eu\/en\/wp-json\/wp\/v2\/product_tag?post=37190"}],"curies":[{"name":"wp","href":"https:\/\/api.w.org\/{rel}","templated":true}]}}