{"id":37191,"date":"2023-01-13T14:44:53","date_gmt":"2023-01-13T14:44:53","guid":{"rendered":"https:\/\/www.mysexualfantasy.eu\/?post_type=product&#038;p=37191"},"modified":"2023-12-06T17:27:09","modified_gmt":"2023-12-06T17:27:09","slug":"passion-miley-set-cuero-ecologico-s-m","status":"publish","type":"product","link":"https:\/\/www.mysexualfantasy.eu\/en\/product\/passion-miley-set-cuero-ecologico-s-m\/","title":{"rendered":"PASSION MILEY SET CUERO ECOLOGICO S\/M"},"content":{"rendered":"<p>Imaginaci\u00f3n sexy y estimulante. El set\u00a0Miley es un conjunto as\u00ed. El corte audaz del sujetador enfatiza el busto femenino, el liguero y los panties\u00a0enfatizan la cintura femenina. La tarea de la ropa interior no es solo estimular la fantas\u00eda, sino tambi\u00e9n hacer que una mujer se sienta especial en ella.<\/p>\n<ul>\n<li>Material: Cuero ecol\u00f3gico<\/li>\n<li>No decolora<\/li>\n<li>No ti\u00f1e al lavar<\/li>\n<\/ul>\n<p>M\u00e1s sobre el set Miley\u00a0:<\/p>\n<ul>\n<li>Sensual set de dos piezas\u00a0<\/li>\n<li>Incluye sujetador\u00a0y tanga\u00a0<\/li>\n<li>Material suave y muy c\u00f3modo de llevar\u00a0<\/li>\n<li>Presentado en una preciosa caja ecol\u00f3gica<\/li>\n<li>Composici\u00f3n: 60% Poliuretano, 40% Poliester<\/li>\n<\/ul>\n<p>Concebida y dise\u00f1ada para mujeres actuales y din\u00e1micas, Passion es lencer\u00eda made in the European Union con estrictos controles de calidad.<\/p>\n<p>El m\u00e1ximo detalle en la fabricaci\u00f3n y sus elementos decorativos son las principales caracter\u00edsticas de esta lencer\u00eda que est\u00e1 pensada para el mundo actual y personas din\u00e1micas con ganas de innovar.<\/p>\n<p style=\"text-align: center;\"><img decoding=\"async\" alt=\"\" src=\"https:\/\/interno.dreamlove.es\/UserFiles\/images\/PASIOM%282%29.jpg\" style=\"width: 512px; height: 167px;\" \/><\/p>","protected":false},"excerpt":{"rendered":"<p>PASSION MILEY SET ECO LEATHER S\/M<\/p>","protected":false},"featured_media":70916,"comment_status":"open","ping_status":"closed","template":"","meta":{"_monsterinsights_skip_tracking":false,"_monsterinsights_sitenote_active":false,"_monsterinsights_sitenote_note":"","_monsterinsights_sitenote_category":0,"_joinchat":[]},"product_brand":[],"product_cat":[1176,1175,1452,1196,1197,1199,1411,1166,1200],"product_tag":[],"class_list":{"0":"post-37191","1":"product","2":"type-product","3":"status-publish","4":"has-post-thumbnail","6":"product_cat-bdsm-bondage-articulos-bdsm","7":"product_cat-bdsm-bondage","8":"product_cat-moda-lencerialenceria-mujerlenceria-picanteestilo-fetish","9":"product_cat-moda-lencerialenceria-mujer","10":"product_cat-moda-lencerialenceria-mujerlenceria-picante","11":"product_cat-moda-lencerialenceria-mujerlenceria-sexy","12":"product_cat-bdsm-bondage-articulos-bdsmmoda-bdsm","13":"product_cat-moda-lenceria","14":"product_cat-moda-lencerialenceria-mujerlenceria-sexysujetador-y-parte-inferior","15":"yith_product_brand-passion","16":"yith_product_brand-passionpassion-woman","17":"yith_product_brand-passionpassion-womanpassion-woman-sets","19":"first","20":"instock","21":"taxable","22":"shipping-taxable","23":"purchasable","24":"product-type-variable"},"aioseo_notices":[],"_links":{"self":[{"href":"https:\/\/www.mysexualfantasy.eu\/en\/wp-json\/wp\/v2\/product\/37191","targetHints":{"allow":["GET"]}}],"collection":[{"href":"https:\/\/www.mysexualfantasy.eu\/en\/wp-json\/wp\/v2\/product"}],"about":[{"href":"https:\/\/www.mysexualfantasy.eu\/en\/wp-json\/wp\/v2\/types\/product"}],"replies":[{"embeddable":true,"href":"https:\/\/www.mysexualfantasy.eu\/en\/wp-json\/wp\/v2\/comments?post=37191"}],"wp:featuredmedia":[{"embeddable":true,"href":"https:\/\/www.mysexualfantasy.eu\/en\/wp-json\/wp\/v2\/media\/70916"}],"wp:attachment":[{"href":"https:\/\/www.mysexualfantasy.eu\/en\/wp-json\/wp\/v2\/media?parent=37191"}],"wp:term":[{"taxonomy":"product_brand","embeddable":true,"href":"https:\/\/www.mysexualfantasy.eu\/en\/wp-json\/wp\/v2\/product_brand?post=37191"},{"taxonomy":"product_cat","embeddable":true,"href":"https:\/\/www.mysexualfantasy.eu\/en\/wp-json\/wp\/v2\/product_cat?post=37191"},{"taxonomy":"product_tag","embeddable":true,"href":"https:\/\/www.mysexualfantasy.eu\/en\/wp-json\/wp\/v2\/product_tag?post=37191"}],"curies":[{"name":"wp","href":"https:\/\/api.w.org\/{rel}","templated":true}]}}