{"id":37197,"date":"2023-01-13T14:39:48","date_gmt":"2023-01-13T14:39:48","guid":{"rendered":"https:\/\/www.mysexualfantasy.eu\/?post_type=product&#038;p=37197"},"modified":"2023-12-06T16:07:23","modified_gmt":"2023-12-06T16:07:23","slug":"ohmama-estimulador-clitoris-recargable-36-modos-lila-pinkgold","status":"publish","type":"product","link":"https:\/\/www.mysexualfantasy.eu\/en\/product\/ohmama-estimulador-clitoris-recargable-36-modos-lila-pinkgold\/","title":{"rendered":"OHMAMA &#8211; ESTIMULADOR CLITORIS RECARGABLE 36 MODOS LILA"},"content":{"rendered":"<p>\u00a1Oh mama! A partir de ahora sabr\u00e1s lo que es el verdadero placer. Este dispositivo actua justo donde m\u00e1s te gusta. Su peque\u00f1a punta circular transmitir\u00e1 las potentes vibraciones de su motor recargable por USB justo donde te gusta. No necesitar\u00e1s nada m\u00e1s, \u00e9l se encargar\u00e1 de todo.\u00a0<\/p>\n<ul>\n<li>Dispositivo estimulador cl\u00edtoris<\/li>\n<li>Punta de silicona circular\u00a0<\/li>\n<li>Focaliza el placer\u00a0<\/li>\n<li>36 modos de vibraci\u00f3n\u00a0<\/li>\n<li>Material: Silicona, PVC y ABS\u00a0<\/li>\n<li>Presentaci\u00f3n en bolsa higi\u00e9nica (sin caja)\u00a0<\/li>\n<li>Medidas: 20 x 3.5 cm<\/li>\n<li>USB recargable\u00a0<\/li>\n<\/ul>\n<p>LA MARCA<\/p>\n<p>La gama de productos OHMAMA es perfecta para regalar. Un producto al alcance de todos con una calidad perfecta. Una combinaci\u00f3n \u00fanica en esta l\u00ednea de juguetes especial para adultos\u00a0<\/p>","protected":false},"excerpt":{"rendered":"<p>OHMAMA &#8211; CLIT TIP STIMULATING 36 PATTERNS PURPLE<\/p>","protected":false},"featured_media":69963,"comment_status":"open","ping_status":"closed","template":"","meta":{"_monsterinsights_skip_tracking":false,"_monsterinsights_sitenote_active":false,"_monsterinsights_sitenote_note":"","_monsterinsights_sitenote_category":0,"_joinchat":[]},"product_brand":[],"product_cat":[1156,1152,1155,1163,1153,1292],"product_tag":[],"class_list":{"0":"post-37197","1":"product","2":"type-product","3":"status-publish","4":"has-post-thumbnail","6":"product_cat-juguetes-bienestar-juguetes-para-mujeresestimuladores","7":"product_cat-juguetes-bienestar","8":"product_cat-juguetes-bienestar-juguetes-para-mujeres","9":"product_cat-juguetes-bienestar-juguetes-para-mujeresestimuladorespara-clitoris","10":"product_cat-juguetes-bienestar-vibradores","11":"product_cat-juguetes-bienestar-vibradoresvibradores-clasicos-anales-o-vaginales","12":"yith_product_brand-ohmama","13":"yith_product_brand-ohmamaohmama-stimulating","15":"first","16":"instock","17":"taxable","18":"shipping-taxable","19":"purchasable","20":"product-type-simple"},"aioseo_notices":[],"_links":{"self":[{"href":"https:\/\/www.mysexualfantasy.eu\/en\/wp-json\/wp\/v2\/product\/37197","targetHints":{"allow":["GET"]}}],"collection":[{"href":"https:\/\/www.mysexualfantasy.eu\/en\/wp-json\/wp\/v2\/product"}],"about":[{"href":"https:\/\/www.mysexualfantasy.eu\/en\/wp-json\/wp\/v2\/types\/product"}],"replies":[{"embeddable":true,"href":"https:\/\/www.mysexualfantasy.eu\/en\/wp-json\/wp\/v2\/comments?post=37197"}],"wp:featuredmedia":[{"embeddable":true,"href":"https:\/\/www.mysexualfantasy.eu\/en\/wp-json\/wp\/v2\/media\/69963"}],"wp:attachment":[{"href":"https:\/\/www.mysexualfantasy.eu\/en\/wp-json\/wp\/v2\/media?parent=37197"}],"wp:term":[{"taxonomy":"product_brand","embeddable":true,"href":"https:\/\/www.mysexualfantasy.eu\/en\/wp-json\/wp\/v2\/product_brand?post=37197"},{"taxonomy":"product_cat","embeddable":true,"href":"https:\/\/www.mysexualfantasy.eu\/en\/wp-json\/wp\/v2\/product_cat?post=37197"},{"taxonomy":"product_tag","embeddable":true,"href":"https:\/\/www.mysexualfantasy.eu\/en\/wp-json\/wp\/v2\/product_tag?post=37197"}],"curies":[{"name":"wp","href":"https:\/\/api.w.org\/{rel}","templated":true}]}}