{"id":37251,"date":"2023-01-13T14:40:02","date_gmt":"2023-01-13T14:40:02","guid":{"rendered":"https:\/\/www.mysexualfantasy.eu\/?post_type=product&#038;p=37251"},"modified":"2023-12-06T16:07:27","modified_gmt":"2023-12-06T16:07:27","slug":"satisfyer-twirling-delight-estimulador-clitoris-morado","status":"publish","type":"product","link":"https:\/\/www.mysexualfantasy.eu\/en\/product\/satisfyer-twirling-delight-estimulador-clitoris-morado\/","title":{"rendered":"SATISFYER TWIRLING DELIGHT ESTIMULADOR CLITORIS &#8211; MORADO"},"content":{"rendered":"<p>Primero vino Twirling Fun, luego Twirling Joy, \u00a1y ahora estamos emocionados de presentar Twirling Delight!<\/p>\n<p><strong>Informaci\u00f3n del producto \u00abTwirling Delight\u00bb<\/strong><\/p>\n<ul>\n<li>Estimulaci\u00f3n del cl\u00edtoris mediante potente vibraci\u00f3n<\/li>\n<li>40 combinaciones vibratorias<\/li>\n<li>Silicona agradable al cuerpo<\/li>\n<li>15 a\u00f1os de garant\u00eda<\/li>\n<li>Resistente al agua (IPX7)<\/li>\n<li>Modo de susurro<\/li>\n<li>Bater\u00eda recargable de iones de litio<\/li>\n<li>Cable de carga magn\u00e9tico por USB incluido<\/li>\n<li>F\u00e1cil de limpiar<\/li>\n<\/ul>\n<p><strong>Satisfyer Twirling Delight: un estimulador de cl\u00edtoris con punta oscilante y tapa higi\u00e9nica lista para viajar<\/strong><\/p>\n<p>\u00a1Con un dise\u00f1o adaptable, elegante e innovador, TWIRLING DELIGHT es una excelente opci\u00f3n para cualquiera que busque una estimulaci\u00f3n precisa! Este vibrador de punta utiliza una punta vibratoria m\u00e1s redondeada, peque\u00f1a, giratoria para una estimulaci\u00f3n dirigida, \u00a1adecuada para todas las zonas er\u00f3genas!<\/p>\n<p>TWIRLING DELIGHT tiene el beneficio adicional de un gorro higi\u00e9nico, lo que lo hace perfecto para viajar. Cuenta con 8 programas de vibraci\u00f3n y con 5 configuraciones de intensidad, \u00a1seguro que lo llevar\u00e1n a la cima de su placer! Disponible en rosa, morado y blanco.<\/p>","protected":false},"excerpt":{"rendered":"<p>SATISFYER TWIRLING DELIGHT CLIT TIP VIBRATOR &#8211; PURPLE<\/p>","protected":false},"featured_media":70000,"comment_status":"open","ping_status":"closed","template":"","meta":{"_monsterinsights_skip_tracking":false,"_monsterinsights_sitenote_active":false,"_monsterinsights_sitenote_note":"","_monsterinsights_sitenote_category":0,"_joinchat":[]},"product_brand":[],"product_cat":[1156,1152,1155,1163,1153],"product_tag":[],"class_list":{"0":"post-37251","1":"product","2":"type-product","3":"status-publish","4":"has-post-thumbnail","6":"product_cat-juguetes-bienestar-juguetes-para-mujeresestimuladores","7":"product_cat-juguetes-bienestar","8":"product_cat-juguetes-bienestar-juguetes-para-mujeres","9":"product_cat-juguetes-bienestar-juguetes-para-mujeresestimuladorespara-clitoris","10":"product_cat-juguetes-bienestar-vibradores","11":"yith_product_brand-satisfyer","12":"yith_product_brand-satisfyer-satisfyer-vibrator","14":"first","15":"instock","16":"taxable","17":"shipping-taxable","18":"purchasable","19":"product-type-simple"},"aioseo_notices":[],"_links":{"self":[{"href":"https:\/\/www.mysexualfantasy.eu\/en\/wp-json\/wp\/v2\/product\/37251","targetHints":{"allow":["GET"]}}],"collection":[{"href":"https:\/\/www.mysexualfantasy.eu\/en\/wp-json\/wp\/v2\/product"}],"about":[{"href":"https:\/\/www.mysexualfantasy.eu\/en\/wp-json\/wp\/v2\/types\/product"}],"replies":[{"embeddable":true,"href":"https:\/\/www.mysexualfantasy.eu\/en\/wp-json\/wp\/v2\/comments?post=37251"}],"wp:featuredmedia":[{"embeddable":true,"href":"https:\/\/www.mysexualfantasy.eu\/en\/wp-json\/wp\/v2\/media\/70000"}],"wp:attachment":[{"href":"https:\/\/www.mysexualfantasy.eu\/en\/wp-json\/wp\/v2\/media?parent=37251"}],"wp:term":[{"taxonomy":"product_brand","embeddable":true,"href":"https:\/\/www.mysexualfantasy.eu\/en\/wp-json\/wp\/v2\/product_brand?post=37251"},{"taxonomy":"product_cat","embeddable":true,"href":"https:\/\/www.mysexualfantasy.eu\/en\/wp-json\/wp\/v2\/product_cat?post=37251"},{"taxonomy":"product_tag","embeddable":true,"href":"https:\/\/www.mysexualfantasy.eu\/en\/wp-json\/wp\/v2\/product_tag?post=37251"}],"curies":[{"name":"wp","href":"https:\/\/api.w.org\/{rel}","templated":true}]}}