{"id":37263,"date":"2023-01-13T14:48:52","date_gmt":"2023-01-13T14:48:52","guid":{"rendered":"https:\/\/www.mysexualfantasy.eu\/?post_type=product&#038;p=37263"},"modified":"2023-12-06T15:19:52","modified_gmt":"2023-12-06T15:19:52","slug":"coupletition-go-juego-parejas-es","status":"publish","type":"product","link":"https:\/\/www.mysexualfantasy.eu\/en\/product\/coupletition-go-juego-parejas-es\/","title":{"rendered":"COUPLETITION GO! &#8211; JUEGO PAREJAS"},"content":{"rendered":"<p>Coupletition Go! es el juego m\u00e1s transgresor de Coupletition. Tras divertir y ayudar a m\u00e1s de 10.000 parejas estancadas en la rutina con SEX GAME y ABCSEX, en Coupletition hemos decidido ir un paso m\u00e1s all\u00e1 y sorprenderos con el juego m\u00e1s atrevido y alocado hasta la fecha. Nos pedisteis m\u00e1s marcha y aqu\u00ed la ten\u00e9is \ud83d\ude42<\/p>\n<p>Go! esta formada por 6 retos que garantizan un m\u00ednimo de 3 semanas de diversi\u00f3n. Acompa\u00f1ados de una gran carga er\u00f3tica y sexual, los retos os incitar\u00e1n a divertiros y disfrutar el uno del otro en todo tipo de contextos.<\/p>\n<p>Para superar esta nueva experiencia de Coupletition deber\u00e9is realizar distintas pruebas en casa, pero tambi\u00e9n en la calle, supermercados, restaurantes y en muchos otros tipos de locales\/establecimientos. Adem\u00e1s, no estar\u00e9is solos en esta aventura ya que, por primera vez, nuestra experiencia viene con acompa\u00f1ante (aunque seguir\u00e1s necesitando a tu pareja para jugarlo). Go! incluye a Eggtor, un travieso huevo vibrador que se apunta a un bombardeo y que participar\u00e1 en todas vuestras travesuras. Eggtor ha sido dise\u00f1ado expresamente para esta aventura, por lo que tiene much\u00edsimas ganas de jugar.<\/p>\n<p>Le parar\u00e9is los pies o os embarcareis junto a \u00e9l en esta loca aventura hasta el final?<\/p>\n<p>Coupletition  Go! incluye:<\/p>\n<ul>\n<li>Caja de cartoncillo (150x60x150mm) con estructura auto montable e impresa a 4\/0 tintas y plastificado mate.<\/li>\n<li>Librito de 48 p\u00e1ginas tama\u00f1o cuadrado 148x148mm.<\/li>\n<li>Lubricante de base acuosa, 50ml.<\/li>\n<li>Huevo vibrador \u201cEggtor\u201d, con 12 velocidades y control remoto.<\/li>\n<li>Bolsita de tela para el transporte discreto de Eggtor.<\/li>\n<\/ul>","protected":false},"excerpt":{"rendered":"<p>PACKAGING DISPONIBLE EN: \/es\/<\/p>","protected":false},"featured_media":71624,"comment_status":"open","ping_status":"closed","template":"","meta":{"_monsterinsights_skip_tracking":false,"_monsterinsights_sitenote_active":false,"_monsterinsights_sitenote_note":"","_monsterinsights_sitenote_category":0,"_joinchat":[]},"product_brand":[],"product_cat":[616,1232,1267],"product_tag":[],"class_list":{"0":"post-37263","1":"product","2":"type-product","3":"status-publish","4":"has-post-thumbnail","6":"product_cat-juegos","7":"product_cat-juegos-juegos-de-pareja","8":"product_cat-juegos-juegos-en-espanol","9":"yith_product_brand-coupletition","11":"first","12":"instock","13":"taxable","14":"shipping-taxable","15":"purchasable","16":"product-type-simple"},"aioseo_notices":[],"_links":{"self":[{"href":"https:\/\/www.mysexualfantasy.eu\/en\/wp-json\/wp\/v2\/product\/37263","targetHints":{"allow":["GET"]}}],"collection":[{"href":"https:\/\/www.mysexualfantasy.eu\/en\/wp-json\/wp\/v2\/product"}],"about":[{"href":"https:\/\/www.mysexualfantasy.eu\/en\/wp-json\/wp\/v2\/types\/product"}],"replies":[{"embeddable":true,"href":"https:\/\/www.mysexualfantasy.eu\/en\/wp-json\/wp\/v2\/comments?post=37263"}],"wp:featuredmedia":[{"embeddable":true,"href":"https:\/\/www.mysexualfantasy.eu\/en\/wp-json\/wp\/v2\/media\/71624"}],"wp:attachment":[{"href":"https:\/\/www.mysexualfantasy.eu\/en\/wp-json\/wp\/v2\/media?parent=37263"}],"wp:term":[{"taxonomy":"product_brand","embeddable":true,"href":"https:\/\/www.mysexualfantasy.eu\/en\/wp-json\/wp\/v2\/product_brand?post=37263"},{"taxonomy":"product_cat","embeddable":true,"href":"https:\/\/www.mysexualfantasy.eu\/en\/wp-json\/wp\/v2\/product_cat?post=37263"},{"taxonomy":"product_tag","embeddable":true,"href":"https:\/\/www.mysexualfantasy.eu\/en\/wp-json\/wp\/v2\/product_tag?post=37263"}],"curies":[{"name":"wp","href":"https:\/\/api.w.org\/{rel}","templated":true}]}}