{"id":37377,"date":"2023-01-13T14:48:59","date_gmt":"2023-01-13T14:48:59","guid":{"rendered":"https:\/\/www.mysexualfantasy.eu\/?post_type=product&#038;p=37377"},"modified":"2023-12-06T15:19:56","modified_gmt":"2023-12-06T15:19:56","slug":"diablo-picante-juego-sensual-sexual-play","status":"publish","type":"product","link":"https:\/\/www.mysexualfantasy.eu\/en\/product\/diablo-picante-juego-sensual-sexual-play\/","title":{"rendered":"DIABLO PICANTE &#8211; JUEGO SENSUAL  SEXUAL PLAY"},"content":{"rendered":"<p><strong>JUEGO DE RULETA DEL EST\u00cdMULO SEXUAL<\/strong><\/p>\n<p>Despertaras los sentidos mas intimos. Sin complicaciones y de forma mas sencilla podr\u00e1s jugar con Sensual  Sexual play. Con este juego tratamos de despetar los sentidos m\u00e1s intimos de cada jugador. El entrenemiento te llevara a un entorno altamente sensual donde los sentidos mas escondidos brotaran a flor de piel, no sera una excusa la falta de la libido o decir que el estres es el causante de tu inapetencia sexual,probablemente lo sean, pero con SENSUAL SEXUAL PLAY esos sintomas desparecen. Sus contadicciones son las mas apetecibles para la ocasion, sensible para el momento, sensuales, morbosos,picaros&#8230;Os implica lo suficiente para que conozcais mejor vuestros cuerpos y valoraros mas positiva y profundamente, sin verg\u00fcenzas, sin tabus, sin tapujos de ningun tipo. Si lo llevais a un buen termino, solo conseguireis una mejor relacion sexual y de pareja. SENSUAL  SEXUAL PLAY contiene varios juguetes que en algun momento podreis utilizar, os aconsejamos utilizarlos todos, y que cumplais al pie de la letra \u00a1SALDR\u00c9IS GANANDO! Aconsejamos un ambiente sensual, luz tenua, velas aromaticas y musica acorde con el momento, deberan estar vestidos y calzados ya sean en pijama, ropa cotidiana o con ropa de verano. Necesitais tener preparado. fresas, platano, bebida para chupito y cava, chuches y algunos comestibles a su agrado, tendreis preparada otra vestimenta sin que tu pareja la vea, no necesariamente tiene que se posible muy sexy o en su caso algo gracioso. No son riguroso las bebidas alcoholicas se pueden suplantar por refrescos, BEBIDAS Y LICORES SIN ALCOHOL.<\/p>\n<p>CONTENIDO DEL JUEGO: dos dados numericos, dos fichas PITO &#8211; TETA, una pluma, un antifaz, una cinta de bondage, unas esposas, un dado posturas, un dado cuerpo, un dado accion, una pintura comestible, un vibrador, unas bolas chinas , una vela aromatica y un tablero trimensional plastificado. DALE RIENDA SUELTA A TU IMAGINACION. A JUGAR.<\/p>\n<ul>\n<li>Idioma: Espa\u00f1ol<\/li>\n<\/ul>\n<p><strong>Diablo Picante<\/strong>, pioneros en Espa\u00f1a en la fabricaci\u00f3n\u00a0de art\u00edculos divertidos con tem\u00e1tica er\u00f3tica para todo tipo de celebraciones:\u00a0despedidas, cumplea\u00f1os, jubilaciones, bromas, fiestas y cualquier otro evento con amigos y compa\u00f1eros.<\/p>","protected":false},"excerpt":{"rendered":"<p>DIABLO PICANTE &#8211; GAME SENSUAL  SEXUAL PLAY<\/p>","protected":false},"featured_media":71637,"comment_status":"open","ping_status":"closed","template":"","meta":{"_monsterinsights_skip_tracking":false,"_monsterinsights_sitenote_active":false,"_monsterinsights_sitenote_note":"","_monsterinsights_sitenote_category":0,"_joinchat":[]},"product_brand":[],"product_cat":[1243,1240,616,1232,1267,1266],"product_tag":[],"class_list":{"0":"post-37377","1":"product","2":"type-product","3":"status-publish","4":"has-post-thumbnail","6":"product_cat-articulos-variosarticulos-divertidos","7":"product_cat-articulos-varios","8":"product_cat-juegos","9":"product_cat-juegos-juegos-de-pareja","10":"product_cat-juegos-juegos-en-espanol","11":"product_cat-juegos-juegos-preliminares","12":"yith_product_brand-diverty-sexdiablo-picante","13":"yith_product_brand-diverty-sex","15":"first","16":"instock","17":"taxable","18":"shipping-taxable","19":"purchasable","20":"product-type-simple"},"aioseo_notices":[],"_links":{"self":[{"href":"https:\/\/www.mysexualfantasy.eu\/en\/wp-json\/wp\/v2\/product\/37377","targetHints":{"allow":["GET"]}}],"collection":[{"href":"https:\/\/www.mysexualfantasy.eu\/en\/wp-json\/wp\/v2\/product"}],"about":[{"href":"https:\/\/www.mysexualfantasy.eu\/en\/wp-json\/wp\/v2\/types\/product"}],"replies":[{"embeddable":true,"href":"https:\/\/www.mysexualfantasy.eu\/en\/wp-json\/wp\/v2\/comments?post=37377"}],"wp:featuredmedia":[{"embeddable":true,"href":"https:\/\/www.mysexualfantasy.eu\/en\/wp-json\/wp\/v2\/media\/71637"}],"wp:attachment":[{"href":"https:\/\/www.mysexualfantasy.eu\/en\/wp-json\/wp\/v2\/media?parent=37377"}],"wp:term":[{"taxonomy":"product_brand","embeddable":true,"href":"https:\/\/www.mysexualfantasy.eu\/en\/wp-json\/wp\/v2\/product_brand?post=37377"},{"taxonomy":"product_cat","embeddable":true,"href":"https:\/\/www.mysexualfantasy.eu\/en\/wp-json\/wp\/v2\/product_cat?post=37377"},{"taxonomy":"product_tag","embeddable":true,"href":"https:\/\/www.mysexualfantasy.eu\/en\/wp-json\/wp\/v2\/product_tag?post=37377"}],"curies":[{"name":"wp","href":"https:\/\/api.w.org\/{rel}","templated":true}]}}