{"id":37402,"date":"2023-01-13T14:49:11","date_gmt":"2023-01-13T14:49:11","guid":{"rendered":"https:\/\/www.mysexualfantasy.eu\/?post_type=product&#038;p=37402"},"modified":"2023-12-06T15:20:03","modified_gmt":"2023-12-06T15:20:03","slug":"diablo-picante-juego-chupitos-quien-aguanta-mas-de-pie","status":"publish","type":"product","link":"https:\/\/www.mysexualfantasy.eu\/en\/product\/diablo-picante-juego-chupitos-quien-aguanta-mas-de-pie\/","title":{"rendered":"DIABLO PICANTE &#8211; JUEGO CHUPITOS QUI\u00c9N AGUANTA M\u00c1S DE PIE"},"content":{"rendered":"<p><strong>JUEGO DE CHUPITOS: QUI\u00c9N AGUANTA M\u00c1S DE PIE<\/strong><\/p>\n<p>CAJA DE CHUPITOS QUI\u00c9N AGUANTE MAS DE PIE. Divertido juego de chupitos de \u00abQUI\u00c9N AGUANTA MAS DE PIE\u00bb El juego consiste en que todos los jugadores tengan los chupitos llenos de sus bebidas favorita y empieza el jugador con m\u00e1s edad girando primero la ruleta. La persona que este a su lado izquierdo seguir\u00e1 las\u00a0instrucciones de las casillas a la se\u00f1ale la flecha. El juego continuara en el sentido de las agujas del reloj.<\/p>\n<p>CONTIENE: CAJA, 4 CHUPITOS, TABLERO CON FLECHA. Y MUCHA DIVERSI\u00d3N<\/p>\n<ul>\n<li>Idioma: Espa\u00f1ol<\/li>\n<\/ul>\n<p><strong>Diablo Picante<\/strong>, pioneros en Espa\u00f1a en la fabricaci\u00f3n\u00a0de art\u00edculos divertidos con tem\u00e1tica er\u00f3tica para todo tipo de celebraciones:\u00a0despedidas, cumplea\u00f1os, jubilaciones, bromas, fiestas y cualquier otro evento con amigos y compa\u00f1eros.<\/p>","protected":false},"excerpt":{"rendered":"<p>DIABLO PICANTE &#8211; SHOTS GAME WHO LASTS MORE STANDING<\/p>","protected":false},"featured_media":71659,"comment_status":"open","ping_status":"closed","template":"","meta":{"_monsterinsights_skip_tracking":false,"_monsterinsights_sitenote_active":false,"_monsterinsights_sitenote_note":"","_monsterinsights_sitenote_category":0,"_joinchat":[]},"product_brand":[],"product_cat":[1243,1240,616,1233,1267,1266],"product_tag":[],"class_list":{"0":"post-37402","1":"product","2":"type-product","3":"status-publish","4":"has-post-thumbnail","6":"product_cat-articulos-variosarticulos-divertidos","7":"product_cat-articulos-varios","8":"product_cat-juegos","9":"product_cat-juegos-juegos-de-sociedad","10":"product_cat-juegos-juegos-en-espanol","11":"product_cat-juegos-juegos-preliminares","12":"yith_product_brand-diverty-sexdiablo-picante","13":"yith_product_brand-diverty-sex","15":"first","16":"instock","17":"taxable","18":"shipping-taxable","19":"purchasable","20":"product-type-simple"},"aioseo_notices":[],"_links":{"self":[{"href":"https:\/\/www.mysexualfantasy.eu\/en\/wp-json\/wp\/v2\/product\/37402","targetHints":{"allow":["GET"]}}],"collection":[{"href":"https:\/\/www.mysexualfantasy.eu\/en\/wp-json\/wp\/v2\/product"}],"about":[{"href":"https:\/\/www.mysexualfantasy.eu\/en\/wp-json\/wp\/v2\/types\/product"}],"replies":[{"embeddable":true,"href":"https:\/\/www.mysexualfantasy.eu\/en\/wp-json\/wp\/v2\/comments?post=37402"}],"wp:featuredmedia":[{"embeddable":true,"href":"https:\/\/www.mysexualfantasy.eu\/en\/wp-json\/wp\/v2\/media\/71659"}],"wp:attachment":[{"href":"https:\/\/www.mysexualfantasy.eu\/en\/wp-json\/wp\/v2\/media?parent=37402"}],"wp:term":[{"taxonomy":"product_brand","embeddable":true,"href":"https:\/\/www.mysexualfantasy.eu\/en\/wp-json\/wp\/v2\/product_brand?post=37402"},{"taxonomy":"product_cat","embeddable":true,"href":"https:\/\/www.mysexualfantasy.eu\/en\/wp-json\/wp\/v2\/product_cat?post=37402"},{"taxonomy":"product_tag","embeddable":true,"href":"https:\/\/www.mysexualfantasy.eu\/en\/wp-json\/wp\/v2\/product_tag?post=37402"}],"curies":[{"name":"wp","href":"https:\/\/api.w.org\/{rel}","templated":true}]}}