{"id":37403,"date":"2023-01-13T14:49:12","date_gmt":"2023-01-13T14:49:12","guid":{"rendered":"https:\/\/www.mysexualfantasy.eu\/?post_type=product&#038;p=37403"},"modified":"2023-12-06T15:20:04","modified_gmt":"2023-12-06T15:20:04","slug":"diablo-picante-juego-chupitos-dados-locos","status":"publish","type":"product","link":"https:\/\/www.mysexualfantasy.eu\/en\/product\/diablo-picante-juego-chupitos-dados-locos\/","title":{"rendered":"DIABLO PICANTE &#8211; JUEGO CHUPITOS DADOS LOCOS"},"content":{"rendered":"<p><strong>JUEGO DE CHUPITOS DE LOS DADOS LOCOS<\/strong><\/p>\n<p>El juego consiste en tirar los dados por turnos y moverse por las casillas, hacia la casilla GANADOR. El dado m\u00e1s alto es el que gana un chupito<\/p>\n<ul>\n<li>Idioma: Espa\u00f1ol<\/li>\n<\/ul>\n<p><strong>Diablo Picante<\/strong>, pioneros en Espa\u00f1a en la fabricaci\u00f3n\u00a0de art\u00edculos divertidos con tem\u00e1tica er\u00f3tica para todo tipo de celebraciones:\u00a0despedidas, cumplea\u00f1os, jubilaciones, bromas, fiestas y cualquier otro evento con amigos y compa\u00f1eros.<\/p>","protected":false},"excerpt":{"rendered":"<p>DIABLO PICANTE &#8211; SHOTS GAME CRAZY DICE<\/p>","protected":false},"featured_media":71660,"comment_status":"open","ping_status":"closed","template":"","meta":{"_monsterinsights_skip_tracking":false,"_monsterinsights_sitenote_active":false,"_monsterinsights_sitenote_note":"","_monsterinsights_sitenote_category":0,"_joinchat":[]},"product_brand":[],"product_cat":[1243,1240,616,1232,1233,1267,1266],"product_tag":[],"class_list":{"0":"post-37403","1":"product","2":"type-product","3":"status-publish","4":"has-post-thumbnail","6":"product_cat-articulos-variosarticulos-divertidos","7":"product_cat-articulos-varios","8":"product_cat-juegos","9":"product_cat-juegos-juegos-de-pareja","10":"product_cat-juegos-juegos-de-sociedad","11":"product_cat-juegos-juegos-en-espanol","12":"product_cat-juegos-juegos-preliminares","13":"yith_product_brand-diverty-sexdiablo-picante","14":"yith_product_brand-diverty-sex","16":"first","17":"instock","18":"taxable","19":"shipping-taxable","20":"purchasable","21":"product-type-simple"},"aioseo_notices":[],"_links":{"self":[{"href":"https:\/\/www.mysexualfantasy.eu\/en\/wp-json\/wp\/v2\/product\/37403","targetHints":{"allow":["GET"]}}],"collection":[{"href":"https:\/\/www.mysexualfantasy.eu\/en\/wp-json\/wp\/v2\/product"}],"about":[{"href":"https:\/\/www.mysexualfantasy.eu\/en\/wp-json\/wp\/v2\/types\/product"}],"replies":[{"embeddable":true,"href":"https:\/\/www.mysexualfantasy.eu\/en\/wp-json\/wp\/v2\/comments?post=37403"}],"wp:featuredmedia":[{"embeddable":true,"href":"https:\/\/www.mysexualfantasy.eu\/en\/wp-json\/wp\/v2\/media\/71660"}],"wp:attachment":[{"href":"https:\/\/www.mysexualfantasy.eu\/en\/wp-json\/wp\/v2\/media?parent=37403"}],"wp:term":[{"taxonomy":"product_brand","embeddable":true,"href":"https:\/\/www.mysexualfantasy.eu\/en\/wp-json\/wp\/v2\/product_brand?post=37403"},{"taxonomy":"product_cat","embeddable":true,"href":"https:\/\/www.mysexualfantasy.eu\/en\/wp-json\/wp\/v2\/product_cat?post=37403"},{"taxonomy":"product_tag","embeddable":true,"href":"https:\/\/www.mysexualfantasy.eu\/en\/wp-json\/wp\/v2\/product_tag?post=37403"}],"curies":[{"name":"wp","href":"https:\/\/api.w.org\/{rel}","templated":true}]}}