{"id":37419,"date":"2023-01-13T14:32:55","date_gmt":"2023-01-13T14:32:55","guid":{"rendered":"https:\/\/www.mysexualfantasy.eu\/?post_type=product&#038;p=37419"},"modified":"2023-12-06T16:18:28","modified_gmt":"2023-12-06T16:18:28","slug":"diablo-picante-pintura-de-chocolate-y-dado-de-cuerpo","status":"publish","type":"product","link":"https:\/\/www.mysexualfantasy.eu\/en\/product\/diablo-picante-pintura-de-chocolate-y-dado-de-cuerpo\/","title":{"rendered":"DIABLO PICANTE &#8211; PINTURA DE CHOCOLATE Y DADO DE CUERPO"},"content":{"rendered":"<p><strong>JUEGO DE PINTURA DE CHOCOLATE M\u00c1S DADO DE PARTE DEL CUERPO<\/strong><\/p>\n<p>BOTE DE PINTURA COMESTIBLE SABOR CHOCOLATE MUY DELICIOSO, M\u00c1S UN PINCEL Y UN DADO DE PARTES DE TU CUERPO, PARA DEJAR VOLAR TU IMAGINACION Y PASAR UNA NOCHE DE INOLVIDABLE LUJURIA.<\/p>\n<p><strong>Diablo Picante<\/strong>, pioneros en Espa\u00f1a en la fabricaci\u00f3n\u00a0de art\u00edculos divertidos con tem\u00e1tica er\u00f3tica para todo tipo de celebraciones:\u00a0despedidas, cumplea\u00f1os, jubilaciones, bromas, fiestas y cualquier otro evento con amigos y compa\u00f1eros.<\/p>","protected":false},"excerpt":{"rendered":"<p>DIABLO PICANTE &#8211; CHOCOLATE PAINT AND BODY DIE<\/p>","protected":false},"featured_media":68948,"comment_status":"open","ping_status":"closed","template":"","meta":{"_monsterinsights_skip_tracking":false,"_monsterinsights_sitenote_active":false,"_monsterinsights_sitenote_note":"","_monsterinsights_sitenote_category":0,"_joinchat":[]},"product_brand":[],"product_cat":[1203,1337],"product_tag":[],"class_list":{"0":"post-37419","1":"product","2":"type-product","3":"status-publish","4":"has-post-thumbnail","6":"product_cat-drogueria","7":"product_cat-drogueria-pintura-corporal-comestible","8":"yith_product_brand-diverty-sexdiablo-picante","9":"yith_product_brand-diverty-sex","11":"first","12":"instock","13":"taxable","14":"shipping-taxable","15":"purchasable","16":"product-type-simple"},"aioseo_notices":[],"_links":{"self":[{"href":"https:\/\/www.mysexualfantasy.eu\/en\/wp-json\/wp\/v2\/product\/37419","targetHints":{"allow":["GET"]}}],"collection":[{"href":"https:\/\/www.mysexualfantasy.eu\/en\/wp-json\/wp\/v2\/product"}],"about":[{"href":"https:\/\/www.mysexualfantasy.eu\/en\/wp-json\/wp\/v2\/types\/product"}],"replies":[{"embeddable":true,"href":"https:\/\/www.mysexualfantasy.eu\/en\/wp-json\/wp\/v2\/comments?post=37419"}],"wp:featuredmedia":[{"embeddable":true,"href":"https:\/\/www.mysexualfantasy.eu\/en\/wp-json\/wp\/v2\/media\/68948"}],"wp:attachment":[{"href":"https:\/\/www.mysexualfantasy.eu\/en\/wp-json\/wp\/v2\/media?parent=37419"}],"wp:term":[{"taxonomy":"product_brand","embeddable":true,"href":"https:\/\/www.mysexualfantasy.eu\/en\/wp-json\/wp\/v2\/product_brand?post=37419"},{"taxonomy":"product_cat","embeddable":true,"href":"https:\/\/www.mysexualfantasy.eu\/en\/wp-json\/wp\/v2\/product_cat?post=37419"},{"taxonomy":"product_tag","embeddable":true,"href":"https:\/\/www.mysexualfantasy.eu\/en\/wp-json\/wp\/v2\/product_tag?post=37419"}],"curies":[{"name":"wp","href":"https:\/\/api.w.org\/{rel}","templated":true}]}}