{"id":37433,"date":"2023-01-13T13:43:13","date_gmt":"2023-01-13T13:43:13","guid":{"rendered":"https:\/\/www.mysexualfantasy.eu\/?post_type=product&#038;p=37433"},"modified":"2023-12-06T16:07:30","modified_gmt":"2023-12-06T16:07:30","slug":"ohmama-plug-con-ventosa-curvado-12-cm","status":"publish","type":"product","link":"https:\/\/www.mysexualfantasy.eu\/en\/product\/ohmama-plug-con-ventosa-curvado-12-cm\/","title":{"rendered":"OHMAMA &#8211; PLUG CON VENTOSA CURVADO 12 CM"},"content":{"rendered":"<p>\u00a1Oh mama! \u00a1Toda una gama de juguetes para disfrutar del sexo anal de manera f\u00e1cil, ec\u00f3n\u00f3mica y placentera al alcance de tu mano!\u00a0<\/p>\n<p>Cuando hablamos de sexo anal, nos referimos a cualquier tipo de actividad sexual que involucre la zona anal y\u00a0no es una actividad sexual que est\u00e9 vinculada a un g\u00e9nero u orientaci\u00f3n sexual,\u00a0cualquiera puede hacerlo.<\/p>\n<p>En\u00a0<strong>Ohmama<\/strong>\u00a0pensamos que es importante eliminar el estigma de las pr\u00e1cticas sexuales, en especial del sexo anal, siempre que se realicen de manera sana (respetando tanto la integridad f\u00edsica como la psicol\u00f3gica) sea en hombre o en mujer, aunque s\u00ed que es cierto que este tipo de estimulaci\u00f3n es muy placentera para el\u00a0hombre\u00a0y que la mujer no comparte la anatom\u00eda masculina al no tener\u00a0una pr\u00f3stata que estimular, no olvidemos que el ano es una zona er\u00f3gena muy importante en el cuerpo de la mujer, y puede proporcionar sensaciones muy placenteras.<\/p>\n<p>En\u00a0<strong>Ohmama<\/strong>\u00a0lo sabemos y queremos ayudarte, pero recuerda que para disfrutar del sexo anal, la relajaci\u00f3n y la excitaci\u00f3n sexual son imprescindibles.\u00a0<\/p>\n<p><u><strong>Caracter\u00edsticas\u00a0<\/strong><\/u><\/p>\n<ul>\n<li>Plug anal silicona\u00a0<\/li>\n<li>Fuerte ventosa\u00a0<\/li>\n<li>Material: Silicona hipoalerg\u00e9nica<\/li>\n<li>Sin ftalatos\u00a0<\/li>\n<li>Presentaci\u00f3n en bolsa higi\u00e9nica precintada\u00a0<\/li>\n<li>Medidas:\u00a0<\/li>\n<li>\n<ul>\n<li>Longitud total: 12.5 cm<\/li>\n<li>Longitud insertable: 11\u00a0cm\u00a0<\/li>\n<li>Di\u00e1metro: 3\u00a0cm\u00a0<\/li>\n<\/ul>\n<\/li>\n<li>Ohmama recomienda su uso con los lubricantes Black Hole\u00a0<\/li>\n<\/ul>\n<p>\u00a0<\/p>\n<p>\u00a0<\/p>\n<p><strong>LA MARCA<\/strong><\/p>\n<p>La gama de productos OHMAMA es perfecta para regalar. Un producto al alcance de todos con una calidad perfecta. Una combinaci\u00f3n \u00fanica en esta l\u00ednea de juguetes especial para adultos\u00a0<\/p>","protected":false},"excerpt":{"rendered":"<p>OHMAMA &#8211; SUCTION CUP SILICONE CURVED PLUG 12 CM<\/p>","protected":false},"featured_media":60856,"comment_status":"open","ping_status":"closed","template":"","meta":{"_monsterinsights_skip_tracking":false,"_monsterinsights_sitenote_active":false,"_monsterinsights_sitenote_note":"","_monsterinsights_sitenote_category":0,"_joinchat":[]},"product_brand":[],"product_cat":[1162,1306,1152,1155,1189,1309],"product_tag":[],"class_list":{"0":"post-37433","1":"product","2":"type-product","3":"status-publish","4":"has-post-thumbnail","6":"product_cat-juguetes-bienestar-anal","7":"product_cat-juguetes-bienestar-analdildos-anales","8":"product_cat-juguetes-bienestar","9":"product_cat-juguetes-bienestar-juguetes-para-mujeres","10":"product_cat-juguetes-bienestar-analplugs-anales","11":"product_cat-juguetes-bienestar-juguetes-para-mujerespunto-g","12":"yith_product_brand-ohmama","13":"yith_product_brand-ohmamaohmama-anal","15":"first","16":"instock","17":"taxable","18":"shipping-taxable","19":"purchasable","20":"product-type-simple"},"aioseo_notices":[],"_links":{"self":[{"href":"https:\/\/www.mysexualfantasy.eu\/en\/wp-json\/wp\/v2\/product\/37433","targetHints":{"allow":["GET"]}}],"collection":[{"href":"https:\/\/www.mysexualfantasy.eu\/en\/wp-json\/wp\/v2\/product"}],"about":[{"href":"https:\/\/www.mysexualfantasy.eu\/en\/wp-json\/wp\/v2\/types\/product"}],"replies":[{"embeddable":true,"href":"https:\/\/www.mysexualfantasy.eu\/en\/wp-json\/wp\/v2\/comments?post=37433"}],"wp:featuredmedia":[{"embeddable":true,"href":"https:\/\/www.mysexualfantasy.eu\/en\/wp-json\/wp\/v2\/media\/60856"}],"wp:attachment":[{"href":"https:\/\/www.mysexualfantasy.eu\/en\/wp-json\/wp\/v2\/media?parent=37433"}],"wp:term":[{"taxonomy":"product_brand","embeddable":true,"href":"https:\/\/www.mysexualfantasy.eu\/en\/wp-json\/wp\/v2\/product_brand?post=37433"},{"taxonomy":"product_cat","embeddable":true,"href":"https:\/\/www.mysexualfantasy.eu\/en\/wp-json\/wp\/v2\/product_cat?post=37433"},{"taxonomy":"product_tag","embeddable":true,"href":"https:\/\/www.mysexualfantasy.eu\/en\/wp-json\/wp\/v2\/product_tag?post=37433"}],"curies":[{"name":"wp","href":"https:\/\/api.w.org\/{rel}","templated":true}]}}