{"id":37496,"date":"2023-01-13T13:14:20","date_gmt":"2023-01-13T13:14:20","guid":{"rendered":"https:\/\/www.mysexualfantasy.eu\/?post_type=product&#038;p=37496"},"modified":"2023-12-06T15:14:36","modified_gmt":"2023-12-06T15:14:36","slug":"diablo-picante-365-formas-de-ponerlo-a-cien","status":"publish","type":"product","link":"https:\/\/www.mysexualfantasy.eu\/en\/product\/diablo-picante-365-formas-de-ponerlo-a-cien\/","title":{"rendered":"DIABLO PICANTE &#8211; 365 FORMAS DE PONERLO A CIEN"},"content":{"rendered":"<p><strong>365 FORMAS DE PONERLO A CIEN<\/strong><\/p>\n<p>Qu\u00e9 hace que una mujer o un hombre disfrute verdaderamente del sexo? Sentir un hormigueo de excitaci\u00f3n por adelantado. AQU\u00cd 365 FORMAS DE EXCITAR A LA PAREJA SEA ELLA o \u00c9L, de obtener lo que todo amante ha so\u00f1ado: m\u00e1ximo placer en las relaciones sexuales.<\/p>\n<p>Una gu\u00eda con 365 juegos de formas excitantes y atrevidas, ilustradas a todo color, de nuestro deseos y fantas\u00edas, descubrir t\u00e9cnicas y trucos y abrir las puertas a un nuevo mundo de sensaciones. Un libro con juegos perfecto para dominar un amplio repertorio de t\u00e9cnicas sexuales y pasar horas de diversi\u00f3n descubriendo que es lo que mas excita a nuestra pareja.<\/p>\n<p>Cientos de sugerencias er\u00f3ticas para alcanzar las mas altas cotas de placer y hacer realidad nuestros sue\u00f1os, de lo mas tierno a lo mas salvajes. A destacar que se lee y se juega por ambos lados: postura para ella, comenzando por la portada principal y postura al \u00e9l, comenzando desde la contraportada.\u00a0<\/p>\n<p><strong>Diablo Picante<\/strong>, pioneros en Espa\u00f1a en la fabricaci\u00f3n\u00a0de art\u00edculos divertidos con tem\u00e1tica er\u00f3tica para todo tipo de celebraciones:\u00a0despedidas, cumplea\u00f1os, jubilaciones, bromas, fiestas y cualquier otro evento con amigos y compa\u00f1eros.<\/p>","protected":false},"excerpt":{"rendered":"<p>DIABLO PICANTE &#8211; 365 FORMAS DE PONERLO A CIEN<\/p>","protected":false},"featured_media":56768,"comment_status":"open","ping_status":"closed","template":"","meta":{"_monsterinsights_skip_tracking":false,"_monsterinsights_sitenote_active":false,"_monsterinsights_sitenote_note":"","_monsterinsights_sitenote_category":0,"_joinchat":[]},"product_brand":[],"product_cat":[1240,1253],"product_tag":[],"class_list":{"0":"post-37496","1":"product","2":"type-product","3":"status-publish","4":"has-post-thumbnail","6":"product_cat-articulos-varios","7":"product_cat-articulos-varioslibreria-erotica","8":"yith_product_brand-diverty-sexdiablo-picante","9":"yith_product_brand-diverty-sex","11":"first","12":"instock","13":"taxable","14":"shipping-taxable","15":"purchasable","16":"product-type-simple"},"aioseo_notices":[],"_links":{"self":[{"href":"https:\/\/www.mysexualfantasy.eu\/en\/wp-json\/wp\/v2\/product\/37496","targetHints":{"allow":["GET"]}}],"collection":[{"href":"https:\/\/www.mysexualfantasy.eu\/en\/wp-json\/wp\/v2\/product"}],"about":[{"href":"https:\/\/www.mysexualfantasy.eu\/en\/wp-json\/wp\/v2\/types\/product"}],"replies":[{"embeddable":true,"href":"https:\/\/www.mysexualfantasy.eu\/en\/wp-json\/wp\/v2\/comments?post=37496"}],"wp:featuredmedia":[{"embeddable":true,"href":"https:\/\/www.mysexualfantasy.eu\/en\/wp-json\/wp\/v2\/media\/56768"}],"wp:attachment":[{"href":"https:\/\/www.mysexualfantasy.eu\/en\/wp-json\/wp\/v2\/media?parent=37496"}],"wp:term":[{"taxonomy":"product_brand","embeddable":true,"href":"https:\/\/www.mysexualfantasy.eu\/en\/wp-json\/wp\/v2\/product_brand?post=37496"},{"taxonomy":"product_cat","embeddable":true,"href":"https:\/\/www.mysexualfantasy.eu\/en\/wp-json\/wp\/v2\/product_cat?post=37496"},{"taxonomy":"product_tag","embeddable":true,"href":"https:\/\/www.mysexualfantasy.eu\/en\/wp-json\/wp\/v2\/product_tag?post=37496"}],"curies":[{"name":"wp","href":"https:\/\/api.w.org\/{rel}","templated":true}]}}