{"id":37502,"date":"2023-01-13T14:24:49","date_gmt":"2023-01-13T14:24:49","guid":{"rendered":"https:\/\/www.mysexualfantasy.eu\/?post_type=product&#038;p=37502"},"modified":"2023-12-06T15:30:42","modified_gmt":"2023-12-06T15:30:42","slug":"diablo-picante-funda-sorpresa-para-que-no-andes-sola","status":"publish","type":"product","link":"https:\/\/www.mysexualfantasy.eu\/en\/product\/diablo-picante-funda-sorpresa-para-que-no-andes-sola\/","title":{"rendered":"DIABLO PICANTE &#8211; FUNDA SORPRESA: PARA QUE NO ANDES SOLA"},"content":{"rendered":"<p><strong>FUNDA SORPRESA: PARA QUE NO ANDES SOLA<\/strong><\/p>\n<p>INCLUYE UNA FUNDA DE GAFAS DE GRAN CALIDAD FORRADA POR DENTRO CON UNA SORPRESA. CONTIENE UNAS BOLAS VAGINALES. ES EL ART\u00cdCULO IDEAL PARA REGALAR.<\/p>\n<ul>\n<li>Idioma: Espa\u00f1ol<\/li>\n<\/ul>\n<p><strong>Diablo Picante<\/strong>, pioneros en Espa\u00f1a en la fabricaci\u00f3n\u00a0de art\u00edculos divertidos con tem\u00e1tica er\u00f3tica para todo tipo de celebraciones:\u00a0despedidas, cumplea\u00f1os, jubilaciones, bromas, fiestas y cualquier otro evento con amigos y compa\u00f1eros.<\/p>","protected":false},"excerpt":{"rendered":"<p>DIABLO PICANTE &#8211; SURPRISE CASE: DON&#8217;T WALK ALONE<\/p>","protected":false},"featured_media":67334,"comment_status":"open","ping_status":"closed","template":"","meta":{"_monsterinsights_skip_tracking":false,"_monsterinsights_sitenote_active":false,"_monsterinsights_sitenote_note":"","_monsterinsights_sitenote_category":0,"_joinchat":[]},"product_brand":[],"product_cat":[1243,1240,1158,1264,1152],"product_tag":[],"class_list":{"0":"post-37502","1":"product","2":"type-product","3":"status-publish","4":"has-post-thumbnail","6":"product_cat-articulos-variosarticulos-divertidos","7":"product_cat-articulos-varios","8":"product_cat-juguetes-bienestar-bolas","9":"product_cat-juguetes-bienestar-bolasbolas-basicas","10":"product_cat-juguetes-bienestar","11":"yith_product_brand-diverty-sexdiablo-picante","12":"yith_product_brand-diverty-sex","14":"first","15":"instock","16":"taxable","17":"shipping-taxable","18":"purchasable","19":"product-type-simple"},"aioseo_notices":[],"_links":{"self":[{"href":"https:\/\/www.mysexualfantasy.eu\/en\/wp-json\/wp\/v2\/product\/37502","targetHints":{"allow":["GET"]}}],"collection":[{"href":"https:\/\/www.mysexualfantasy.eu\/en\/wp-json\/wp\/v2\/product"}],"about":[{"href":"https:\/\/www.mysexualfantasy.eu\/en\/wp-json\/wp\/v2\/types\/product"}],"replies":[{"embeddable":true,"href":"https:\/\/www.mysexualfantasy.eu\/en\/wp-json\/wp\/v2\/comments?post=37502"}],"wp:featuredmedia":[{"embeddable":true,"href":"https:\/\/www.mysexualfantasy.eu\/en\/wp-json\/wp\/v2\/media\/67334"}],"wp:attachment":[{"href":"https:\/\/www.mysexualfantasy.eu\/en\/wp-json\/wp\/v2\/media?parent=37502"}],"wp:term":[{"taxonomy":"product_brand","embeddable":true,"href":"https:\/\/www.mysexualfantasy.eu\/en\/wp-json\/wp\/v2\/product_brand?post=37502"},{"taxonomy":"product_cat","embeddable":true,"href":"https:\/\/www.mysexualfantasy.eu\/en\/wp-json\/wp\/v2\/product_cat?post=37502"},{"taxonomy":"product_tag","embeddable":true,"href":"https:\/\/www.mysexualfantasy.eu\/en\/wp-json\/wp\/v2\/product_tag?post=37502"}],"curies":[{"name":"wp","href":"https:\/\/api.w.org\/{rel}","templated":true}]}}