{"id":37508,"date":"2023-01-13T14:24:50","date_gmt":"2023-01-13T14:24:50","guid":{"rendered":"https:\/\/www.mysexualfantasy.eu\/?post_type=product&#038;p=37508"},"modified":"2023-12-06T15:30:06","modified_gmt":"2023-12-06T15:30:06","slug":"diablo-picante-funda-sorpresa-cuidadin","status":"publish","type":"product","link":"https:\/\/www.mysexualfantasy.eu\/en\/product\/diablo-picante-funda-sorpresa-cuidadin\/","title":{"rendered":"DIABLO PICANTE &#8211; FUNDA SORPRESA: CUIDAD\u00cdN"},"content":{"rendered":"<p><strong>FUNDA SORPRESA: CUIDAD\u00cdN<\/strong><\/p>\n<p>INCLUYE UNA FUNDA DE GAFAS DE GRAN CALIDAD FORRADA POR DENTRO CON UNA SORPRESA. CONTIENE UNAS BOLAS ANALES. ES EL ART\u00cdCULO IDEAL PARA REGALAR.<\/p>\n<ul>\n<li>Idioma: Espa\u00f1ol<\/li>\n<\/ul>\n<p><strong>Diablo Picante<\/strong>, pioneros en Espa\u00f1a en la fabricaci\u00f3n\u00a0de art\u00edculos divertidos con tem\u00e1tica er\u00f3tica para todo tipo de celebraciones:\u00a0despedidas, cumplea\u00f1os, jubilaciones, bromas, fiestas y cualquier otro evento con amigos y compa\u00f1eros.<\/p>","protected":false},"excerpt":{"rendered":"<p>DIABLO PICANTE &#8211; SURPRISE CASE: BE CAREFUL<\/p>","protected":false},"featured_media":67335,"comment_status":"open","ping_status":"closed","template":"","meta":{"_monsterinsights_skip_tracking":false,"_monsterinsights_sitenote_active":false,"_monsterinsights_sitenote_note":"","_monsterinsights_sitenote_category":0,"_joinchat":[]},"product_brand":[],"product_cat":[1162,1243,1240,1158,1159,1152,1189],"product_tag":[],"class_list":{"0":"post-37508","1":"product","2":"type-product","3":"status-publish","4":"has-post-thumbnail","6":"product_cat-juguetes-bienestar-anal","7":"product_cat-articulos-variosarticulos-divertidos","8":"product_cat-articulos-varios","9":"product_cat-juguetes-bienestar-bolas","10":"product_cat-juguetes-bienestar-bolasbolas-anales","11":"product_cat-juguetes-bienestar","12":"product_cat-juguetes-bienestar-analplugs-anales","13":"yith_product_brand-diverty-sexdiablo-picante","14":"yith_product_brand-diverty-sex","16":"first","17":"instock","18":"taxable","19":"shipping-taxable","20":"purchasable","21":"product-type-simple"},"aioseo_notices":[],"_links":{"self":[{"href":"https:\/\/www.mysexualfantasy.eu\/en\/wp-json\/wp\/v2\/product\/37508","targetHints":{"allow":["GET"]}}],"collection":[{"href":"https:\/\/www.mysexualfantasy.eu\/en\/wp-json\/wp\/v2\/product"}],"about":[{"href":"https:\/\/www.mysexualfantasy.eu\/en\/wp-json\/wp\/v2\/types\/product"}],"replies":[{"embeddable":true,"href":"https:\/\/www.mysexualfantasy.eu\/en\/wp-json\/wp\/v2\/comments?post=37508"}],"wp:featuredmedia":[{"embeddable":true,"href":"https:\/\/www.mysexualfantasy.eu\/en\/wp-json\/wp\/v2\/media\/67335"}],"wp:attachment":[{"href":"https:\/\/www.mysexualfantasy.eu\/en\/wp-json\/wp\/v2\/media?parent=37508"}],"wp:term":[{"taxonomy":"product_brand","embeddable":true,"href":"https:\/\/www.mysexualfantasy.eu\/en\/wp-json\/wp\/v2\/product_brand?post=37508"},{"taxonomy":"product_cat","embeddable":true,"href":"https:\/\/www.mysexualfantasy.eu\/en\/wp-json\/wp\/v2\/product_cat?post=37508"},{"taxonomy":"product_tag","embeddable":true,"href":"https:\/\/www.mysexualfantasy.eu\/en\/wp-json\/wp\/v2\/product_tag?post=37508"}],"curies":[{"name":"wp","href":"https:\/\/api.w.org\/{rel}","templated":true}]}}