{"id":37532,"date":"2023-01-13T14:09:52","date_gmt":"2023-01-13T14:09:52","guid":{"rendered":"https:\/\/www.mysexualfantasy.eu\/?post_type=product&#038;p=37532"},"modified":"2023-12-06T17:03:19","modified_gmt":"2023-12-06T17:03:19","slug":"ohmama-fetish-mascara-felina","status":"publish","type":"product","link":"https:\/\/www.mysexualfantasy.eu\/en\/product\/ohmama-fetish-mascara-felina\/","title":{"rendered":"OHMAMA FETISH &#8211; MASCARA FELINA"},"content":{"rendered":"<p>El uso actual del t\u00e9rmino Fetish\u00a0se encaja en el \u00e1mbito sexual. Se refiere en el lenguaje popular al placer o admiraci\u00f3n de ciertas partes corporales u objetos de manera que produce excitaci\u00f3n o placer.\u00a0<strong>Ohmama<\/strong>\u00a0te ofrece todos los elementos y complementos para que puedas llevarlos a cabo como nunca antes sin complejos y con materiales de m\u00e1xima calidad\u00a0<\/p>\n<p><strong>Caracter\u00edsticas\u00a0<\/strong><\/p>\n<ul>\n<li>Antifaz dise\u00f1o felino\u00a0<\/li>\n<li>Perfecto para juegos fetish o disfraz\u00a0<\/li>\n<li>Materiales 90% pvc, 5% polyster, 5% metal\u00a0<\/li>\n<li>Talla \u00fanica\u00a0<\/li>\n<\/ul>\n<p>\u00a0<\/p>\n<p>\u00a0<\/p>\n<p><strong>LA MARCA<\/strong><\/p>\n<p>La gama de productos OHMAMA es perfecta para regalar. Un producto al alcance de todos con una calidad perfecta. Una combinaci\u00f3n \u00fanica en esta l\u00ednea de juguetes especial para adultos\u00a0<\/p>","protected":false},"excerpt":{"rendered":"<p>OHMAMA FETISH &#8211; CAT FACE MASK<\/p>","protected":false},"featured_media":65385,"comment_status":"open","ping_status":"closed","template":"","meta":{"_monsterinsights_skip_tracking":false,"_monsterinsights_sitenote_active":false,"_monsterinsights_sitenote_note":"","_monsterinsights_sitenote_category":0,"_joinchat":[]},"product_brand":[],"product_cat":[1323,1175,1178,1152,1196,1400,1432,1166],"product_tag":[],"class_list":{"0":"post-37532","1":"product","2":"type-product","3":"status-publish","4":"has-post-thumbnail","6":"product_cat-moda-lencerialenceria-mujeraccesorios","7":"product_cat-bdsm-bondage","8":"product_cat-bdsm-bondage-bondage","9":"product_cat-juguetes-bienestar","10":"product_cat-moda-lencerialenceria-mujer","11":"product_cat-bdsm-bondage-bondagemascaras","12":"product_cat-moda-lencerialenceria-mujeraccesoriosmascaras","13":"product_cat-moda-lenceria","14":"yith_product_brand-ohmama","15":"yith_product_brand-ohmamaohmama-fetish","17":"first","18":"instock","19":"taxable","20":"shipping-taxable","21":"purchasable","22":"product-type-simple"},"aioseo_notices":[],"_links":{"self":[{"href":"https:\/\/www.mysexualfantasy.eu\/en\/wp-json\/wp\/v2\/product\/37532","targetHints":{"allow":["GET"]}}],"collection":[{"href":"https:\/\/www.mysexualfantasy.eu\/en\/wp-json\/wp\/v2\/product"}],"about":[{"href":"https:\/\/www.mysexualfantasy.eu\/en\/wp-json\/wp\/v2\/types\/product"}],"replies":[{"embeddable":true,"href":"https:\/\/www.mysexualfantasy.eu\/en\/wp-json\/wp\/v2\/comments?post=37532"}],"wp:featuredmedia":[{"embeddable":true,"href":"https:\/\/www.mysexualfantasy.eu\/en\/wp-json\/wp\/v2\/media\/65385"}],"wp:attachment":[{"href":"https:\/\/www.mysexualfantasy.eu\/en\/wp-json\/wp\/v2\/media?parent=37532"}],"wp:term":[{"taxonomy":"product_brand","embeddable":true,"href":"https:\/\/www.mysexualfantasy.eu\/en\/wp-json\/wp\/v2\/product_brand?post=37532"},{"taxonomy":"product_cat","embeddable":true,"href":"https:\/\/www.mysexualfantasy.eu\/en\/wp-json\/wp\/v2\/product_cat?post=37532"},{"taxonomy":"product_tag","embeddable":true,"href":"https:\/\/www.mysexualfantasy.eu\/en\/wp-json\/wp\/v2\/product_tag?post=37532"}],"curies":[{"name":"wp","href":"https:\/\/api.w.org\/{rel}","templated":true}]}}