{"id":37540,"date":"2023-01-13T14:49:17","date_gmt":"2023-01-13T14:49:17","guid":{"rendered":"https:\/\/www.mysexualfantasy.eu\/?post_type=product&#038;p=37540"},"modified":"2023-12-06T15:20:08","modified_gmt":"2023-12-06T15:20:08","slug":"diablo-picante-juego-atrevimiento-beso-o-verdad","status":"publish","type":"product","link":"https:\/\/www.mysexualfantasy.eu\/en\/product\/diablo-picante-juego-atrevimiento-beso-o-verdad\/","title":{"rendered":"DIABLO PICANTE &#8211; JUEGO ATREVIMIENTO, BESO O VERDAD"},"content":{"rendered":"<p><strong>JUEGO DE ATREVIMIENTO, BESO O VERDAD<\/strong><\/p>\n<p>DIVERTIDO JUEGO PARA DISFRUTAR EN PAREJA O CON AMIGOS. ES COMO EL JUEGO DE TODA LA VIDA CUANDO ERAMOS ADOLECENTES: ATREVIMIENTO, BESO Y VERDAD.<\/p>\n<p>Los jugadores tiran los dados y eligen de donde salir. Hay tres salidas BESO, VERDAD Y ATREVIMIENTO. Todos los jugadores tienen que pasar\u00a0todas las salidas. Cada casilla tiene una prueba y hay que hacer lo que pone en la casilla con el jugador que te apetezca y si caes en una casilla de objeto, hay que utilizarlo. Todo tiene su tiempo, el reloj de arena marca 2 minutos. El jugador que se niegue a realizar la prueba pagar\u00e1\u00a0con una prenda de vestir que lleve.<\/p>\n<p>CONTIENE: INSTRUCIONES, CINTA DE BONDAGE, VENDA PARA LOS OJOS, PLUMA ESTIMULANTE, UN DADO DE GRAN CALIDAD DE 25 mm,\u00a0RELOJ DE ARENA, 1 FIGURA PITO Y FIGURA TETA, 2 FICHAS, 2 CUBILETES, 2 DADOS NUMERICOS Y UN TABLERO PLASTIFICADO A TODO COLOR.<\/p>\n<p>DALE RIENDA SUELTA A TU IMAGINACION. SEXO CON IMAGINACION PARA TODO EL A\u00d1O. \u00a1A JUGAR!<\/p>\n<ul>\n<li>Idioma: Espa\u00f1ol<\/li>\n<\/ul>\n<p><strong>Diablo Picante<\/strong>, pioneros en Espa\u00f1a en la fabricaci\u00f3n\u00a0de art\u00edculos divertidos con tem\u00e1tica er\u00f3tica para todo tipo de celebraciones:\u00a0despedidas, cumplea\u00f1os, jubilaciones, bromas, fiestas y cualquier otro evento con amigos y compa\u00f1eros.<\/p>","protected":false},"excerpt":{"rendered":"<p>DIABLO PICANTE &#8211; GAME DARE, KISS OR TRUTH<\/p>","protected":false},"featured_media":71669,"comment_status":"open","ping_status":"closed","template":"","meta":{"_monsterinsights_skip_tracking":false,"_monsterinsights_sitenote_active":false,"_monsterinsights_sitenote_note":"","_monsterinsights_sitenote_category":0,"_joinchat":[]},"product_brand":[],"product_cat":[1243,1240,616,1234,1232,1233,1267,1266],"product_tag":[],"class_list":{"0":"post-37540","1":"product","2":"type-product","3":"status-publish","4":"has-post-thumbnail","6":"product_cat-articulos-variosarticulos-divertidos","7":"product_cat-articulos-varios","8":"product_cat-juegos","9":"product_cat-juegos-juegos-de-mesa","10":"product_cat-juegos-juegos-de-pareja","11":"product_cat-juegos-juegos-de-sociedad","12":"product_cat-juegos-juegos-en-espanol","13":"product_cat-juegos-juegos-preliminares","14":"yith_product_brand-diverty-sexdiablo-picante","15":"yith_product_brand-diverty-sex","17":"first","18":"instock","19":"taxable","20":"shipping-taxable","21":"purchasable","22":"product-type-simple"},"aioseo_notices":[],"_links":{"self":[{"href":"https:\/\/www.mysexualfantasy.eu\/en\/wp-json\/wp\/v2\/product\/37540","targetHints":{"allow":["GET"]}}],"collection":[{"href":"https:\/\/www.mysexualfantasy.eu\/en\/wp-json\/wp\/v2\/product"}],"about":[{"href":"https:\/\/www.mysexualfantasy.eu\/en\/wp-json\/wp\/v2\/types\/product"}],"replies":[{"embeddable":true,"href":"https:\/\/www.mysexualfantasy.eu\/en\/wp-json\/wp\/v2\/comments?post=37540"}],"wp:featuredmedia":[{"embeddable":true,"href":"https:\/\/www.mysexualfantasy.eu\/en\/wp-json\/wp\/v2\/media\/71669"}],"wp:attachment":[{"href":"https:\/\/www.mysexualfantasy.eu\/en\/wp-json\/wp\/v2\/media?parent=37540"}],"wp:term":[{"taxonomy":"product_brand","embeddable":true,"href":"https:\/\/www.mysexualfantasy.eu\/en\/wp-json\/wp\/v2\/product_brand?post=37540"},{"taxonomy":"product_cat","embeddable":true,"href":"https:\/\/www.mysexualfantasy.eu\/en\/wp-json\/wp\/v2\/product_cat?post=37540"},{"taxonomy":"product_tag","embeddable":true,"href":"https:\/\/www.mysexualfantasy.eu\/en\/wp-json\/wp\/v2\/product_tag?post=37540"}],"curies":[{"name":"wp","href":"https:\/\/api.w.org\/{rel}","templated":true}]}}