{"id":37597,"date":"2023-01-13T14:10:53","date_gmt":"2023-01-13T14:10:53","guid":{"rendered":"https:\/\/www.mysexualfantasy.eu\/?post_type=product&#038;p=37597"},"modified":"2023-12-06T16:24:43","modified_gmt":"2023-12-06T16:24:43","slug":"ohmama-fetish-barra-restriccion-4-ganchos","status":"publish","type":"product","link":"https:\/\/www.mysexualfantasy.eu\/en\/product\/ohmama-fetish-barra-restriccion-4-ganchos\/","title":{"rendered":"OHMAMA FETISH &#8211; BARRA RESTRICCI\u00d3N 4 GANCHOS"},"content":{"rendered":"<p>El uso actual del t\u00e9rmino Fetish\u00a0se encaja en el \u00e1mbito sexual. Se refiere en el lenguaje popular al placer o admiraci\u00f3n de ciertas partes corporales u objetos de manera que produce excitaci\u00f3n o placer.\u00a0<strong>Ohmama<\/strong>\u00a0te ofrece todos los elementos y complementos para que puedas llevarlos a cabo como nunca antes sin complejos y con materiales de m\u00e1xima calidad\u00a0<\/p>\n<p><strong>Caracter\u00edsticas\u00a0<\/strong><\/p>\n<ul>\n<li>Barra restricci\u00f3n de metal\u00a0<\/li>\n<li>4 Ganchos\u00a0<\/li>\n<li>Tama\u00f1o 63.5 cm\u00a0<\/li>\n<li>Composici\u00f3n: metal\u00a0<\/li>\n<\/ul>\n<p><strong>LA MARCA<\/strong><\/p>\n<p>La gama de productos OHMAMA es perfecta para regalar. Un producto al alcance de todos con una calidad perfecta. Una combinaci\u00f3n \u00fanica en esta l\u00ednea de juguetes especial para adultos\u00a0<\/p>","protected":false},"excerpt":{"rendered":"<p>OHMAMA FETISH &#8211; DETACHABLE SPREADER METAL BAR 4 HOOKS<\/p>","protected":false},"featured_media":65541,"comment_status":"open","ping_status":"closed","template":"","meta":{"_monsterinsights_skip_tracking":false,"_monsterinsights_sitenote_active":false,"_monsterinsights_sitenote_note":"","_monsterinsights_sitenote_category":0,"_joinchat":[]},"product_brand":[],"product_cat":[1176,1175,1178,1397,1152],"product_tag":[],"class_list":{"0":"post-37597","1":"product","2":"type-product","3":"status-publish","4":"has-post-thumbnail","6":"product_cat-bdsm-bondage-articulos-bdsm","7":"product_cat-bdsm-bondage","8":"product_cat-bdsm-bondage-bondage","9":"product_cat-bdsm-bondage-bondageesposas-de-fijacion","10":"product_cat-juguetes-bienestar","11":"yith_product_brand-ohmama","12":"yith_product_brand-ohmamaohmama-fetish","14":"first","15":"instock","16":"taxable","17":"shipping-taxable","18":"purchasable","19":"product-type-simple"},"aioseo_notices":[],"_links":{"self":[{"href":"https:\/\/www.mysexualfantasy.eu\/en\/wp-json\/wp\/v2\/product\/37597","targetHints":{"allow":["GET"]}}],"collection":[{"href":"https:\/\/www.mysexualfantasy.eu\/en\/wp-json\/wp\/v2\/product"}],"about":[{"href":"https:\/\/www.mysexualfantasy.eu\/en\/wp-json\/wp\/v2\/types\/product"}],"replies":[{"embeddable":true,"href":"https:\/\/www.mysexualfantasy.eu\/en\/wp-json\/wp\/v2\/comments?post=37597"}],"wp:featuredmedia":[{"embeddable":true,"href":"https:\/\/www.mysexualfantasy.eu\/en\/wp-json\/wp\/v2\/media\/65541"}],"wp:attachment":[{"href":"https:\/\/www.mysexualfantasy.eu\/en\/wp-json\/wp\/v2\/media?parent=37597"}],"wp:term":[{"taxonomy":"product_brand","embeddable":true,"href":"https:\/\/www.mysexualfantasy.eu\/en\/wp-json\/wp\/v2\/product_brand?post=37597"},{"taxonomy":"product_cat","embeddable":true,"href":"https:\/\/www.mysexualfantasy.eu\/en\/wp-json\/wp\/v2\/product_cat?post=37597"},{"taxonomy":"product_tag","embeddable":true,"href":"https:\/\/www.mysexualfantasy.eu\/en\/wp-json\/wp\/v2\/product_tag?post=37597"}],"curies":[{"name":"wp","href":"https:\/\/api.w.org\/{rel}","templated":true}]}}