{"id":37619,"date":"2023-01-13T14:49:29","date_gmt":"2023-01-13T14:49:29","guid":{"rendered":"https:\/\/www.mysexualfantasy.eu\/?post_type=product&#038;p=37619"},"modified":"2023-12-06T16:21:09","modified_gmt":"2023-12-06T16:21:09","slug":"diablo-picante-juego-de-dados-con-pintura-corporal","status":"publish","type":"product","link":"https:\/\/www.mysexualfantasy.eu\/en\/product\/diablo-picante-juego-de-dados-con-pintura-corporal\/","title":{"rendered":"DIABLO PICANTE &#8211; JUEGO DE DADOS CON PINTURA CORPORAL"},"content":{"rendered":"<p><strong>JUEGO DE DADOS CON PINTURA CORPORAL DE CHOCOLATE<\/strong><\/p>\n<p>Es un juego de pintura corporal sabor CHOCOLATE para DEJAR VOLAR TU IMAGINACION. Contiene 3 dados blancos de 30 mm goma dura de gran calidad. Los dados son de ACCI\u00d3N, PARTE DEL CUERPO Y DADO DE POSTURAS.<\/p>\n<p>\u00a1A VER SI LAS HACES TODAS! DALE RIENDA SUELTA A TU IMAGINACION.<\/p>\n<ul>\n<li>Idioma: Espa\u00f1ol<\/li>\n<\/ul>\n<p><strong>Diablo Picante<\/strong>, pioneros en Espa\u00f1a en la fabricaci\u00f3n\u00a0de art\u00edculos divertidos con tem\u00e1tica er\u00f3tica para todo tipo de celebraciones:\u00a0despedidas, cumplea\u00f1os, jubilaciones, bromas, fiestas y cualquier otro evento con amigos y compa\u00f1eros.<\/p>","protected":false},"excerpt":{"rendered":"<p>DIABLO PICANTE &#8211; DICES GAME WITH BODY PAINT<\/p>","protected":false},"featured_media":71685,"comment_status":"open","ping_status":"closed","template":"","meta":{"_monsterinsights_skip_tracking":false,"_monsterinsights_sitenote_active":false,"_monsterinsights_sitenote_note":"","_monsterinsights_sitenote_category":0,"_joinchat":[]},"product_brand":[],"product_cat":[1240,616,1267,1383],"product_tag":[],"class_list":{"0":"post-37619","1":"product","2":"type-product","3":"status-publish","4":"has-post-thumbnail","6":"product_cat-articulos-varios","7":"product_cat-juegos","8":"product_cat-juegos-juegos-en-espanol","9":"product_cat-articulos-varioskits-parejas","10":"yith_product_brand-diverty-sexdiablo-picante","11":"yith_product_brand-diverty-sex","13":"first","14":"instock","15":"taxable","16":"shipping-taxable","17":"purchasable","18":"product-type-simple"},"aioseo_notices":[],"_links":{"self":[{"href":"https:\/\/www.mysexualfantasy.eu\/en\/wp-json\/wp\/v2\/product\/37619","targetHints":{"allow":["GET"]}}],"collection":[{"href":"https:\/\/www.mysexualfantasy.eu\/en\/wp-json\/wp\/v2\/product"}],"about":[{"href":"https:\/\/www.mysexualfantasy.eu\/en\/wp-json\/wp\/v2\/types\/product"}],"replies":[{"embeddable":true,"href":"https:\/\/www.mysexualfantasy.eu\/en\/wp-json\/wp\/v2\/comments?post=37619"}],"wp:featuredmedia":[{"embeddable":true,"href":"https:\/\/www.mysexualfantasy.eu\/en\/wp-json\/wp\/v2\/media\/71685"}],"wp:attachment":[{"href":"https:\/\/www.mysexualfantasy.eu\/en\/wp-json\/wp\/v2\/media?parent=37619"}],"wp:term":[{"taxonomy":"product_brand","embeddable":true,"href":"https:\/\/www.mysexualfantasy.eu\/en\/wp-json\/wp\/v2\/product_brand?post=37619"},{"taxonomy":"product_cat","embeddable":true,"href":"https:\/\/www.mysexualfantasy.eu\/en\/wp-json\/wp\/v2\/product_cat?post=37619"},{"taxonomy":"product_tag","embeddable":true,"href":"https:\/\/www.mysexualfantasy.eu\/en\/wp-json\/wp\/v2\/product_tag?post=37619"}],"curies":[{"name":"wp","href":"https:\/\/api.w.org\/{rel}","templated":true}]}}