{"id":37627,"date":"2023-01-13T14:33:05","date_gmt":"2023-01-13T14:33:05","guid":{"rendered":"https:\/\/www.mysexualfantasy.eu\/?post_type=product&#038;p=37627"},"modified":"2023-12-06T15:19:06","modified_gmt":"2023-12-06T15:19:06","slug":"diablo-picante-guia-con-juegos-el-arte-del-placer-sexual","status":"publish","type":"product","link":"https:\/\/www.mysexualfantasy.eu\/en\/product\/diablo-picante-guia-con-juegos-el-arte-del-placer-sexual\/","title":{"rendered":"DIABLO PICANTE &#8211; GU\u00cdA CON JUEGOS EL ARTE DEL PLACER SEXUAL"},"content":{"rendered":"<p><strong>GU\u00cdA CON JUEGOS EL ARTE DEL PLACER SEXUAL<\/strong><\/p>\n<p>ESTE LIBRO CON JUEGOS se dirige a todas las personas que deseen experimentar el acto de hacer el amor como un intercambio extremadamente placentero, tanto en el plano emocional como f\u00edsico. La autora ense\u00f1a como apreciar plenamente el placer del contacto a trav\u00e9s del sentido del tacto. El libro parte de la base de que, para experimentar un profundo placer sexual, hace falta en primer lugar explorar nuestra capacidad para disfrutar de las caricias, de forma relajada y sin ansiedad&#8230;<\/p>\n<p>UNA GUIA PR\u00c1CTICA PARA DESARROLLAR AL M\u00c1XIMO NUESTRA SEXUALIDAD. INCLUYE EJERCICIOS, INTRUCCIONES. CINTA DE BONDAGE, VENDA PARA LOS OJOS Y PLUMA ESTIMULANTE PARA QUE LO UTILICES CUANDO TE APETEZCA PARA AUMENTAR EL PLACER Y PROLONGAR EL ACTO SEXUAL.<\/p>\n<ul>\n<li>Idioma: Espa\u00f1ol<\/li>\n<\/ul>\n<p><strong>Diablo Picante<\/strong>, pioneros en Espa\u00f1a en la fabricaci\u00f3n\u00a0de art\u00edculos divertidos con tem\u00e1tica er\u00f3tica para todo tipo de celebraciones:\u00a0despedidas, cumplea\u00f1os, jubilaciones, bromas, fiestas y cualquier otro evento con amigos y compa\u00f1eros.<\/p>","protected":false},"excerpt":{"rendered":"<p>DIABLO PICANTE &#8211; GAME GUIDE THE ART OF SEXUAL PLEASURE<\/p>","protected":false},"featured_media":68960,"comment_status":"open","ping_status":"closed","template":"","meta":{"_monsterinsights_skip_tracking":false,"_monsterinsights_sitenote_active":false,"_monsterinsights_sitenote_note":"","_monsterinsights_sitenote_category":0,"_joinchat":[]},"product_brand":[],"product_cat":[1240,616,1266,1253],"product_tag":[],"class_list":{"0":"post-37627","1":"product","2":"type-product","3":"status-publish","4":"has-post-thumbnail","6":"product_cat-articulos-varios","7":"product_cat-juegos","8":"product_cat-juegos-juegos-preliminares","9":"product_cat-articulos-varioslibreria-erotica","10":"yith_product_brand-diverty-sexdiablo-picante","11":"yith_product_brand-diverty-sex","13":"first","14":"instock","15":"taxable","16":"shipping-taxable","17":"purchasable","18":"product-type-simple"},"aioseo_notices":[],"_links":{"self":[{"href":"https:\/\/www.mysexualfantasy.eu\/en\/wp-json\/wp\/v2\/product\/37627","targetHints":{"allow":["GET"]}}],"collection":[{"href":"https:\/\/www.mysexualfantasy.eu\/en\/wp-json\/wp\/v2\/product"}],"about":[{"href":"https:\/\/www.mysexualfantasy.eu\/en\/wp-json\/wp\/v2\/types\/product"}],"replies":[{"embeddable":true,"href":"https:\/\/www.mysexualfantasy.eu\/en\/wp-json\/wp\/v2\/comments?post=37627"}],"wp:featuredmedia":[{"embeddable":true,"href":"https:\/\/www.mysexualfantasy.eu\/en\/wp-json\/wp\/v2\/media\/68960"}],"wp:attachment":[{"href":"https:\/\/www.mysexualfantasy.eu\/en\/wp-json\/wp\/v2\/media?parent=37627"}],"wp:term":[{"taxonomy":"product_brand","embeddable":true,"href":"https:\/\/www.mysexualfantasy.eu\/en\/wp-json\/wp\/v2\/product_brand?post=37627"},{"taxonomy":"product_cat","embeddable":true,"href":"https:\/\/www.mysexualfantasy.eu\/en\/wp-json\/wp\/v2\/product_cat?post=37627"},{"taxonomy":"product_tag","embeddable":true,"href":"https:\/\/www.mysexualfantasy.eu\/en\/wp-json\/wp\/v2\/product_tag?post=37627"}],"curies":[{"name":"wp","href":"https:\/\/api.w.org\/{rel}","templated":true}]}}