{"id":37628,"date":"2023-01-13T14:33:05","date_gmt":"2023-01-13T14:33:05","guid":{"rendered":"https:\/\/www.mysexualfantasy.eu\/?post_type=product&#038;p=37628"},"modified":"2023-12-06T15:19:07","modified_gmt":"2023-12-06T15:19:07","slug":"diablo-picante-guia-con-juegos-el-arte-del-masaje","status":"publish","type":"product","link":"https:\/\/www.mysexualfantasy.eu\/en\/product\/diablo-picante-guia-con-juegos-el-arte-del-masaje\/","title":{"rendered":"DIABLO PICANTE &#8211; GU\u00cdA CON JUEGOS EL ARTE DEL MASAJE"},"content":{"rendered":"<p><strong>GU\u00cdA CON JUEGOS EL ARTE DEL MASAJE<\/strong><\/p>\n<p>ESTE LIBRO CON JUEGOS esta destinado a la pareja que muestra el arte sensual del masaje. El doctor Yorke ense\u00f1a como podemos mejorar nuestra vida emocional y sexual, aliviar la tensi\u00f3n y aumentar el placer. Mediante el masaje, no solo se enriquecen las relaciones, sino que adem\u00e1s se aprende a conocer mejor las zonas er\u00f3genas de cada uno y se descubren las debilidades sensuales de la pareja. La mejor manera de intensificar las relaciones sexuales a trav\u00e9s del poder del tacto.<\/p>\n<p>TODAS LAS TECNICAS DEL MASAJE PUESTAS AL SERVIVIO DE LA OBTENCION DEL MAXIMO PLACER Y PLENITUD SEXUAL. ILUSTRADO CON SENSUALES FOTOGRAFIAS DE LAS DIVERSAS POSTURAS Y EL PASO A PASO DE LOS MASAJES. INCLUYE EJERCICIOS, INTRUCCIONES, CINTA DE BONDAGE, VENDA PARA LOS OJOS Y PLUMA ESTIMULANTE PARA QUE LO UTILICES CUANDO TE APETEZCA PARA AUMENTAR EL PLACER Y PROLONGAR EL ACTO SEXUAL.<\/p>\n<p>Idioma: Espa\u00f1ol<\/p>\n<p><strong>Diablo Picante<\/strong>, pioneros en Espa\u00f1a en la fabricaci\u00f3n\u00a0de art\u00edculos divertidos con tem\u00e1tica er\u00f3tica para todo tipo de celebraciones:\u00a0despedidas, cumplea\u00f1os, jubilaciones, bromas, fiestas y cualquier otro evento con amigos y compa\u00f1eros.<\/p>","protected":false},"excerpt":{"rendered":"<p>DIABLO PICANTE &#8211; GAME GUIDE THE ART OF MASSAGE<\/p>","protected":false},"featured_media":68961,"comment_status":"open","ping_status":"closed","template":"","meta":{"_monsterinsights_skip_tracking":false,"_monsterinsights_sitenote_active":false,"_monsterinsights_sitenote_note":"","_monsterinsights_sitenote_category":0,"_joinchat":[]},"product_brand":[],"product_cat":[1240,616,1266,1253],"product_tag":[],"class_list":{"0":"post-37628","1":"product","2":"type-product","3":"status-publish","4":"has-post-thumbnail","6":"product_cat-articulos-varios","7":"product_cat-juegos","8":"product_cat-juegos-juegos-preliminares","9":"product_cat-articulos-varioslibreria-erotica","10":"yith_product_brand-diverty-sexdiablo-picante","11":"yith_product_brand-diverty-sex","13":"first","14":"instock","15":"taxable","16":"shipping-taxable","17":"purchasable","18":"product-type-simple"},"aioseo_notices":[],"_links":{"self":[{"href":"https:\/\/www.mysexualfantasy.eu\/en\/wp-json\/wp\/v2\/product\/37628","targetHints":{"allow":["GET"]}}],"collection":[{"href":"https:\/\/www.mysexualfantasy.eu\/en\/wp-json\/wp\/v2\/product"}],"about":[{"href":"https:\/\/www.mysexualfantasy.eu\/en\/wp-json\/wp\/v2\/types\/product"}],"replies":[{"embeddable":true,"href":"https:\/\/www.mysexualfantasy.eu\/en\/wp-json\/wp\/v2\/comments?post=37628"}],"wp:featuredmedia":[{"embeddable":true,"href":"https:\/\/www.mysexualfantasy.eu\/en\/wp-json\/wp\/v2\/media\/68961"}],"wp:attachment":[{"href":"https:\/\/www.mysexualfantasy.eu\/en\/wp-json\/wp\/v2\/media?parent=37628"}],"wp:term":[{"taxonomy":"product_brand","embeddable":true,"href":"https:\/\/www.mysexualfantasy.eu\/en\/wp-json\/wp\/v2\/product_brand?post=37628"},{"taxonomy":"product_cat","embeddable":true,"href":"https:\/\/www.mysexualfantasy.eu\/en\/wp-json\/wp\/v2\/product_cat?post=37628"},{"taxonomy":"product_tag","embeddable":true,"href":"https:\/\/www.mysexualfantasy.eu\/en\/wp-json\/wp\/v2\/product_tag?post=37628"}],"curies":[{"name":"wp","href":"https:\/\/api.w.org\/{rel}","templated":true}]}}